{"id":7,"date":"2024-12-24T13:47:12","date_gmt":"2024-12-24T13:47:12","guid":{"rendered":"https:\/\/duolifelietuva.com\/index.php\/cart\/"},"modified":"2025-05-15T13:36:13","modified_gmt":"2025-05-15T13:36:13","slug":"cart","status":"publish","type":"page","link":"https:\/\/duolifelietuva.com\/?page_id=7","title":{"rendered":"Cart"},"content":{"rendered":"<div data-block-name=\"woocommerce\/cart\" class=\"wp-block-woocommerce-cart alignwide is-loading\"><div data-block-name=\"woocommerce\/filled-cart-block\" class=\"wp-block-woocommerce-filled-cart-block\"><div data-block-name=\"woocommerce\/cart-items-block\" class=\"wp-block-woocommerce-cart-items-block\"><div data-block-name=\"woocommerce\/cart-line-items-block\" class=\"wp-block-woocommerce-cart-line-items-block\"><\/div>\n\n<div data-block-name=\"woocommerce\/cart-cross-sells-block\" class=\"wp-block-woocommerce-cart-cross-sells-block\"><h2 class=\"wp-block-heading has-large-font-size\">You may be interested in\u2026<\/h2>\n\n<div data-block-name=\"woocommerce\/cart-cross-sells-products-block\" class=\"wp-block-woocommerce-cart-cross-sells-products-block\"><\/div><\/div><\/div>\n\n<div data-block-name=\"woocommerce\/cart-totals-block\" class=\"wp-block-woocommerce-cart-totals-block\"><div data-block-name=\"woocommerce\/cart-order-summary-block\" class=\"wp-block-woocommerce-cart-order-summary-block\"><div data-block-name=\"woocommerce\/cart-order-summary-heading-block\" class=\"wp-block-woocommerce-cart-order-summary-heading-block\"><\/div><div data-block-name=\"woocommerce\/cart-order-summary-coupon-form-block\" class=\"wp-block-woocommerce-cart-order-summary-coupon-form-block\"><\/div><div data-block-name=\"woocommerce\/cart-order-summary-totals-block\" class=\"wp-block-woocommerce-cart-order-summary-totals-block\">\n<div data-block-name=\"woocommerce\/cart-order-summary-subtotal-block\" class=\"wp-block-woocommerce-cart-order-summary-subtotal-block\"><\/div>\n<div data-block-name=\"woocommerce\/cart-order-summary-discount-block\" class=\"wp-block-woocommerce-cart-order-summary-discount-block\"><\/div>\n<div data-block-name=\"woocommerce\/cart-order-summary-fee-block\" class=\"wp-block-woocommerce-cart-order-summary-fee-block\"><\/div>\n<div data-block-name=\"woocommerce\/cart-order-summary-shipping-block\" class=\"wp-block-woocommerce-cart-order-summary-shipping-block\"><\/div>\n<div data-block-name=\"woocommerce\/cart-order-summary-taxes-block\" class=\"wp-block-woocommerce-cart-order-summary-taxes-block\"><\/div><\/div><\/div>\n\n<div data-block-name=\"woocommerce\/cart-express-payment-block\" class=\"wp-block-woocommerce-cart-express-payment-block\"><\/div>\n\n<div data-block-name=\"woocommerce\/proceed-to-checkout-block\" class=\"wp-block-woocommerce-proceed-to-checkout-block\"><\/div>\n\n<div data-block-name=\"woocommerce\/cart-accepted-payment-methods-block\" class=\"wp-block-woocommerce-cart-accepted-payment-methods-block\"><\/div><\/div><\/div>\n\n<div data-block-name=\"woocommerce\/empty-cart-block\" class=\"wp-block-woocommerce-empty-cart-block\"><h2 class=\"wp-block-heading has-text-align-center with-empty-cart-icon wc-block-cart__empty-cart__title\">Your cart is currently empty!<\/h2>\n\n<hr class=\"wp-block-separator has-alpha-channel-opacity is-style-dots\" \/>\n\n<h2 class=\"wp-block-heading has-text-align-center\">New in store<\/h2>\n\n<div data-block-name=\"woocommerce\/product-new\" data-columns=\"4\" data-rows=\"1\" class=\"wc-block-grid wp-block-product-new wp-block-woocommerce-product-new wc-block-product-new has-4-columns\"><ul class=\"wc-block-grid__products\"><li class=\"wc-block-grid__product\">\n\t\t\t\t<a href=\"https:\/\/duolifelietuva.com\/?product=duolife-vita-c-powder-15-x-7g-2\" class=\"wc-block-grid__product-link\">\n\t\t\t\t\t\n\t\t\t\t\t<div class=\"wc-block-grid__product-image\"><img loading=\"lazy\" decoding=\"async\" width=\"247\" height=\"247\" src=\"https:\/\/duolifelietuva.com\/wp-content\/uploads\/2024\/12\/358721136_1640172736503212_1283824815708494513_n-247x247.jpg\" class=\"attachment-woocommerce_thumbnail size-woocommerce_thumbnail\" alt=\"DUOLIFE Vita C Powder 15 x 7g\" srcset=\"https:\/\/duolifelietuva.com\/wp-content\/uploads\/2024\/12\/358721136_1640172736503212_1283824815708494513_n-247x247.jpg 247w, https:\/\/duolifelietuva.com\/wp-content\/uploads\/2024\/12\/358721136_1640172736503212_1283824815708494513_n-400x400.jpg 400w, https:\/\/duolifelietuva.com\/wp-content\/uploads\/2024\/12\/358721136_1640172736503212_1283824815708494513_n-800x800.jpg 800w, https:\/\/duolifelietuva.com\/wp-content\/uploads\/2024\/12\/358721136_1640172736503212_1283824815708494513_n-280x280.jpg 280w, https:\/\/duolifelietuva.com\/wp-content\/uploads\/2024\/12\/358721136_1640172736503212_1283824815708494513_n-768x768.jpg 768w, https:\/\/duolifelietuva.com\/wp-content\/uploads\/2024\/12\/358721136_1640172736503212_1283824815708494513_n-510x510.jpg 510w, https:\/\/duolifelietuva.com\/wp-content\/uploads\/2024\/12\/358721136_1640172736503212_1283824815708494513_n-100x100.jpg 100w, https:\/\/duolifelietuva.com\/wp-content\/uploads\/2024\/12\/358721136_1640172736503212_1283824815708494513_n.jpg 1280w\" sizes=\"auto, (max-width: 247px) 100vw, 247px\" \/><\/div>\n\t\t\t\t\t<div class=\"wc-block-grid__product-title\">DUOLIFE Vita C Powder 15 x 7g<\/div>\n\t\t\t\t<\/a>\n\t\t\t\t<div class=\"wc-block-grid__product-price price\"><span class=\"woocommerce-Price-amount amount\">52,50&nbsp;<span class=\"woocommerce-Price-currencySymbol\">&euro;<\/span><\/span><\/div>\n\t\t\t\t\n\t\t\t\t<div class=\"wp-block-button wc-block-grid__product-add-to-cart\"><a href=\"?add-to-cart=1021\" aria-label=\"Add to cart: &ldquo;DUOLIFE Vita C Powder 15 x 7g&rdquo;\" data-quantity=\"1\" data-product_id=\"1021\" data-product_sku=\"\" data-price=\"52.5\" rel=\"nofollow\" class=\"wp-block-button__link  add_to_cart_button ajax_add_to_cart\">\u012e krep\u0161el\u012f<\/a><\/div>\n\t\t\t<\/li><li class=\"wc-block-grid__product\">\n\t\t\t\t<a href=\"https:\/\/duolifelietuva.com\/?product=vita-c-body-scrub-200ml\" class=\"wc-block-grid__product-link\">\n\t\t\t\t\t\n\t\t\t\t\t<div class=\"wc-block-grid__product-image\"><img loading=\"lazy\" decoding=\"async\" width=\"247\" height=\"247\" src=\"https:\/\/duolifelietuva.com\/wp-content\/uploads\/2025\/02\/0e5f9f420222ed9d9c39d1fae775d50c87df1fcf-orig-247x247.png\" class=\"attachment-woocommerce_thumbnail size-woocommerce_thumbnail\" alt=\"Vita C Body Scrub 200ml\" srcset=\"https:\/\/duolifelietuva.com\/wp-content\/uploads\/2025\/02\/0e5f9f420222ed9d9c39d1fae775d50c87df1fcf-orig-247x247.png 247w, https:\/\/duolifelietuva.com\/wp-content\/uploads\/2025\/02\/0e5f9f420222ed9d9c39d1fae775d50c87df1fcf-orig-280x280.png 280w, https:\/\/duolifelietuva.com\/wp-content\/uploads\/2025\/02\/0e5f9f420222ed9d9c39d1fae775d50c87df1fcf-orig-100x100.png 100w, https:\/\/duolifelietuva.com\/wp-content\/uploads\/2025\/02\/0e5f9f420222ed9d9c39d1fae775d50c87df1fcf-orig.png 380w\" sizes=\"auto, (max-width: 247px) 100vw, 247px\" \/><\/div>\n\t\t\t\t\t<div class=\"wc-block-grid__product-title\">Vita C Body Scrub 200ml<\/div>\n\t\t\t\t<\/a>\n\t\t\t\t<div class=\"wc-block-grid__product-price price\"><span class=\"woocommerce-Price-amount amount\">31,00&nbsp;<span class=\"woocommerce-Price-currencySymbol\">&euro;<\/span><\/span><\/div>\n\t\t\t\t\n\t\t\t\t<div class=\"wp-block-button wc-block-grid__product-add-to-cart\"><a href=\"?add-to-cart=1010\" aria-label=\"Add to cart: &ldquo;Vita C Body Scrub 200ml&rdquo;\" data-quantity=\"1\" data-product_id=\"1010\" data-product_sku=\"\" data-price=\"31\" rel=\"nofollow\" class=\"wp-block-button__link  add_to_cart_button ajax_add_to_cart\">\u012e krep\u0161el\u012f<\/a><\/div>\n\t\t\t<\/li><li class=\"wc-block-grid__product\">\n\t\t\t\t<a href=\"https:\/\/duolifelietuva.com\/?product=pro-collagen-face-platinum-50-ml\" class=\"wc-block-grid__product-link\">\n\t\t\t\t\t\n\t\t\t\t\t<div class=\"wc-block-grid__product-image\"><img loading=\"lazy\" decoding=\"async\" width=\"247\" height=\"247\" src=\"https:\/\/duolifelietuva.com\/wp-content\/uploads\/2025\/02\/platinum-247x247.jpg\" class=\"attachment-woocommerce_thumbnail size-woocommerce_thumbnail\" alt=\"Pro Collagen Face Platinum 50 ml\" srcset=\"https:\/\/duolifelietuva.com\/wp-content\/uploads\/2025\/02\/platinum-247x247.jpg 247w, https:\/\/duolifelietuva.com\/wp-content\/uploads\/2025\/02\/platinum-400x400.jpg 400w, https:\/\/duolifelietuva.com\/wp-content\/uploads\/2025\/02\/platinum-800x800.jpg 800w, https:\/\/duolifelietuva.com\/wp-content\/uploads\/2025\/02\/platinum-280x280.jpg 280w, https:\/\/duolifelietuva.com\/wp-content\/uploads\/2025\/02\/platinum-768x768.jpg 768w, https:\/\/duolifelietuva.com\/wp-content\/uploads\/2025\/02\/platinum-510x510.jpg 510w, https:\/\/duolifelietuva.com\/wp-content\/uploads\/2025\/02\/platinum-100x100.jpg 100w, https:\/\/duolifelietuva.com\/wp-content\/uploads\/2025\/02\/platinum.jpg 1536w\" sizes=\"auto, (max-width: 247px) 100vw, 247px\" \/><\/div>\n\t\t\t\t\t<div class=\"wc-block-grid__product-title\">Pro Collagen Face Platinum 50 ml<\/div>\n\t\t\t\t<\/a>\n\t\t\t\t<div class=\"wc-block-grid__product-price price\"><span class=\"woocommerce-Price-amount amount\">56,60&nbsp;<span class=\"woocommerce-Price-currencySymbol\">&euro;<\/span><\/span><\/div>\n\t\t\t\t\n\t\t\t\t<div class=\"wp-block-button wc-block-grid__product-add-to-cart\"><a href=\"?add-to-cart=1005\" aria-label=\"Add to cart: &ldquo;Pro Collagen Face Platinum 50 ml&rdquo;\" data-quantity=\"1\" data-product_id=\"1005\" data-product_sku=\"\" data-price=\"56.6\" rel=\"nofollow\" class=\"wp-block-button__link  add_to_cart_button ajax_add_to_cart\">\u012e krep\u0161el\u012f<\/a><\/div>\n\t\t\t<\/li><li class=\"wc-block-grid__product\">\n\t\t\t\t<a href=\"https:\/\/duolifelietuva.com\/?product=pro-collagen-body-silver-100-ml\" class=\"wc-block-grid__product-link\">\n\t\t\t\t\t\n\t\t\t\t\t<div class=\"wc-block-grid__product-image\"><img loading=\"lazy\" decoding=\"async\" width=\"247\" height=\"247\" src=\"https:\/\/duolifelietuva.com\/wp-content\/uploads\/2025\/02\/ef76596d042dcf7aac2887aa839689ba29f2c4ff-img-247x247.png\" class=\"attachment-woocommerce_thumbnail size-woocommerce_thumbnail\" alt=\"Pro Collagen Body Silver 100 ml\" srcset=\"https:\/\/duolifelietuva.com\/wp-content\/uploads\/2025\/02\/ef76596d042dcf7aac2887aa839689ba29f2c4ff-img-247x247.png 247w, https:\/\/duolifelietuva.com\/wp-content\/uploads\/2025\/02\/ef76596d042dcf7aac2887aa839689ba29f2c4ff-img-400x400.png 400w, https:\/\/duolifelietuva.com\/wp-content\/uploads\/2025\/02\/ef76596d042dcf7aac2887aa839689ba29f2c4ff-img-280x280.png 280w, https:\/\/duolifelietuva.com\/wp-content\/uploads\/2025\/02\/ef76596d042dcf7aac2887aa839689ba29f2c4ff-img-100x100.png 100w, https:\/\/duolifelietuva.com\/wp-content\/uploads\/2025\/02\/ef76596d042dcf7aac2887aa839689ba29f2c4ff-img.png 470w\" sizes=\"auto, (max-width: 247px) 100vw, 247px\" \/><\/div>\n\t\t\t\t\t<div class=\"wc-block-grid__product-title\">Pro Collagen Body Silver 100 ml<\/div>\n\t\t\t\t<\/a>\n\t\t\t\t<div class=\"wc-block-grid__product-price price\"><span class=\"woocommerce-Price-amount amount\">76,90&nbsp;<span class=\"woocommerce-Price-currencySymbol\">&euro;<\/span><\/span><\/div>\n\t\t\t\t\n\t\t\t\t<div class=\"wp-block-button wc-block-grid__product-add-to-cart\"><a href=\"?add-to-cart=1002\" aria-label=\"Add to cart: &ldquo;Pro Collagen Body Silver 100 ml&rdquo;\" data-quantity=\"1\" data-product_id=\"1002\" data-product_sku=\"\" data-price=\"76.9\" rel=\"nofollow\" class=\"wp-block-button__link  add_to_cart_button ajax_add_to_cart\">\u012e krep\u0161el\u012f<\/a><\/div>\n\t\t\t<\/li><\/ul><\/div><\/div><\/div>","protected":false},"excerpt":{"rendered":"","protected":false},"author":2,"featured_media":0,"parent":0,"menu_order":0,"comment_status":"closed","ping_status":"closed","template":"","meta":{"footnotes":""},"class_list":["post-7","page","type-page","status-publish","hentry"],"_links":{"self":[{"href":"https:\/\/duolifelietuva.com\/index.php?rest_route=\/wp\/v2\/pages\/7","targetHints":{"allow":["GET"]}}],"collection":[{"href":"https:\/\/duolifelietuva.com\/index.php?rest_route=\/wp\/v2\/pages"}],"about":[{"href":"https:\/\/duolifelietuva.com\/index.php?rest_route=\/wp\/v2\/types\/page"}],"author":[{"embeddable":true,"href":"https:\/\/duolifelietuva.com\/index.php?rest_route=\/wp\/v2\/users\/2"}],"replies":[{"embeddable":true,"href":"https:\/\/duolifelietuva.com\/index.php?rest_route=%2Fwp%2Fv2%2Fcomments&post=7"}],"version-history":[{"count":2,"href":"https:\/\/duolifelietuva.com\/index.php?rest_route=\/wp\/v2\/pages\/7\/revisions"}],"predecessor-version":[{"id":1036,"href":"https:\/\/duolifelietuva.com\/index.php?rest_route=\/wp\/v2\/pages\/7\/revisions\/1036"}],"wp:attachment":[{"href":"https:\/\/duolifelietuva.com\/index.php?rest_route=%2Fwp%2Fv2%2Fmedia&parent=7"}],"curies":[{"name":"wp","href":"https:\/\/api.w.org\/{rel}","templated":true}]}}