{"id":1005,"date":"2025-02-13T16:18:04","date_gmt":"2025-02-13T16:18:04","guid":{"rendered":"https:\/\/duolifelietuva.com\/?post_type=product&#038;p=1005"},"modified":"2025-05-23T16:57:07","modified_gmt":"2025-05-23T16:57:07","slug":"pro-collagen-face-platinum-50-ml","status":"publish","type":"product","link":"https:\/\/duolifelietuva.com\/?product=pro-collagen-face-platinum-50-ml","title":{"rendered":"Pro Collagen Face Platinum 50 ml"},"content":{"rendered":"<p>**Pro Collagen Face Platinum 50 ml** sud\u0117tyje yra vertingo ingrediento \u2013 natyvaus kolageno. Natyvus kolagenas, i\u0161gaunamas i\u0161 balt\u0173j\u0173 pla\u010diakak\u010di\u0173 (Hypophthalmichthys molitrix), produkte pateikiamas nat\u016bralios trigubos spiral\u0117s pavidalu, identi\u0161kos tai, kuri randama m\u016bs\u0173 organizme.<br \/>\n**Lygina ir veikia nuo rauk\u0161li\u0173**<br \/>\n**Pro Collagen Face Platinum 50 ml \u2013 tai:**<br \/>\nkosmetikos priemon\u0117, skirta kasdienei veido, kaklo ir dekolt\u0117 odos prie\u017ei\u016brai, nepriklausomai nuo jos tipo ir am\u017eiaus;<br \/>\nkosmetikos priemon\u0117 tinkama sausai, normaliai, mi\u0161riai, taip pat jautriai ir gle\u017enai odai;<br \/>\nkolageno hidratas su trimis aktyviais ingredientais: elastinu, pieno r\u016bg\u0161timi, kaprilo glikoliu;<br \/>\nkosmetikos priemon\u0117 neturi ingredient\u0173, kurie yra alergenai;<br \/>\npatogi pakuot\u0117, u\u017etikrinanti higieni\u0161k\u0105 naudojim\u0105 \u2013 No Touch Formula. Advanced Collagen Composition.<br \/>\nNaudojant kolageno hidrat\u0105 su i\u0161saugota aminor\u016bg\u0161\u010di\u0173 strukt\u016bra ir trigubos spiral\u0117s erdvine sandara, oda tampa sudr\u0117kinta, elastinga, rauk\u0161l\u0117s tampa ma\u017eiau pastebimos, taip pat skatinama kolageno gamyba. Efektyviai l\u0117tina odos sen\u0117jimo procesus, gerina jos b\u016bkl\u0119 ir i\u0161vaizd\u0105. Be to, kolagenas pasi\u017eymi vandens suri\u0161imo savyb\u0117mis, kurios u\u017etikrina tinkam\u0105 odos dr\u0117kinim\u0105.<br \/>\nProduktas yra net 99 % nat\u016bralus.<\/p>\n","protected":false},"excerpt":{"rendered":"<p>**Pro Collagen Face Platinum 50 ml** sud\u0117tyje yra vertingo ingrediento \u2013 natyvaus kolageno. Natyvus kolagenas, i\u0161gaunamas i\u0161 balt\u0173j\u0173 pla\u010diakak\u010di\u0173 (Hypophthalmichthys molitrix), produkte pateikiamas nat\u016bralios trigubos spiral\u0117s pavidalu, identi\u0161kos tai, kuri randama m\u016bs\u0173 organizme. **Lygina ir veikia nuo rauk\u0161li\u0173** **Pro Collagen Face Platinum 50 ml \u2013 tai:** kosmetikos priemon\u0117, skirta kasdienei veido, kaklo ir dekolt\u0117 odos [&#8230;]\n","protected":false},"featured_media":1009,"comment_status":"open","ping_status":"closed","template":"","meta":[],"product_brand":[],"product_cat":[61],"product_tag":[],"class_list":{"0":"post-1005","1":"product","2":"type-product","3":"status-publish","4":"has-post-thumbnail","6":"product_cat-kosmetika","8":"first","9":"instock","10":"shipping-taxable","11":"purchasable","12":"product-type-simple"},"_links":{"self":[{"href":"https:\/\/duolifelietuva.com\/index.php?rest_route=\/wp\/v2\/product\/1005","targetHints":{"allow":["GET"]}}],"collection":[{"href":"https:\/\/duolifelietuva.com\/index.php?rest_route=\/wp\/v2\/product"}],"about":[{"href":"https:\/\/duolifelietuva.com\/index.php?rest_route=\/wp\/v2\/types\/product"}],"replies":[{"embeddable":true,"href":"https:\/\/duolifelietuva.com\/index.php?rest_route=%2Fwp%2Fv2%2Fcomments&post=1005"}],"wp:featuredmedia":[{"embeddable":true,"href":"https:\/\/duolifelietuva.com\/index.php?rest_route=\/wp\/v2\/media\/1009"}],"wp:attachment":[{"href":"https:\/\/duolifelietuva.com\/index.php?rest_route=%2Fwp%2Fv2%2Fmedia&parent=1005"}],"wp:term":[{"taxonomy":"product_brand","embeddable":true,"href":"https:\/\/duolifelietuva.com\/index.php?rest_route=%2Fwp%2Fv2%2Fproduct_brand&post=1005"},{"taxonomy":"product_cat","embeddable":true,"href":"https:\/\/duolifelietuva.com\/index.php?rest_route=%2Fwp%2Fv2%2Fproduct_cat&post=1005"},{"taxonomy":"product_tag","embeddable":true,"href":"https:\/\/duolifelietuva.com\/index.php?rest_route=%2Fwp%2Fv2%2Fproduct_tag&post=1005"}],"curies":[{"name":"wp","href":"https:\/\/api.w.org\/{rel}","templated":true}]}}