{"id":1010,"date":"2025-02-13T16:37:36","date_gmt":"2025-02-13T16:37:36","guid":{"rendered":"https:\/\/duolifelietuva.com\/?post_type=product&#038;p=1010"},"modified":"2026-01-24T01:39:25","modified_gmt":"2026-01-24T01:39:25","slug":"vita-c-body-scrub-200ml","status":"publish","type":"product","link":"https:\/\/duolifelietuva.com\/?product=vita-c-body-scrub-200ml","title":{"rendered":"Vita C Body Scrub 200ml"},"content":{"rendered":"<p>**Vita C Body Scrub** \u2013 cukrinis k\u016bno \u0161veitiklis su spanguoli\u0173 dalel\u0117mis u\u017etikrina odos valym\u0105 ir \u0161veln\u0173 negyvos odos l\u0105steli\u0173 \u0161veitim\u0105. Peelingas atkuria, glotnina ir suteikia odai \u0161velnumo bei \u0161ilkin\u0117s tekst\u016bros.<br \/>\nD\u0117l sud\u0117tyje esan\u010di\u0173 mink\u0161tinam\u0173j\u0173 med\u017eiag\u0173 ir ECF Pro Nutri-Form\u2122 formul\u0117s su vitamin\u0173 E, C ir F kompleksu, kosmetikos priemon\u0117 dr\u0117kina, maitina ir didina odos elastingum\u0105.<br \/>\n**Aktyv\u016bs komponentai, esantys \u201ePro Vita C Body Scrub\u201c:**<br \/>\n&#8211; vitamin\u0173 E, C ir F kompleksas;<br \/>\n&#8211; spanguoli\u0173 s\u0117klos;<br \/>\n&#8211; taukmed\u017eio sviestas (shea butter);<br \/>\n&#8211; sald\u017ei\u0173j\u0173 migdol\u0173 aliejus;<br \/>\n&#8211; soj\u0173 aliejus.<\/p>\n","protected":false},"excerpt":{"rendered":"<p>**Vita C Body Scrub** \u2013 cukrinis k\u016bno \u0161veitiklis su spanguoli\u0173 dalel\u0117mis u\u017etikrina odos valym\u0105 ir \u0161veln\u0173 negyvos odos l\u0105steli\u0173 \u0161veitim\u0105. Peelingas atkuria, glotnina ir suteikia odai \u0161velnumo bei \u0161ilkin\u0117s tekst\u016bros. D\u0117l sud\u0117tyje esan\u010di\u0173 mink\u0161tinam\u0173j\u0173 med\u017eiag\u0173 ir ECF Pro Nutri-Form\u2122 formul\u0117s su vitamin\u0173 E, C ir F kompleksu, kosmetikos priemon\u0117 dr\u0117kina, maitina ir didina odos elastingum\u0105. [&#8230;]\n","protected":false},"featured_media":1011,"comment_status":"open","ping_status":"closed","template":"","meta":[],"product_brand":[],"product_cat":[61],"product_tag":[],"class_list":{"0":"post-1010","1":"product","2":"type-product","3":"status-publish","4":"has-post-thumbnail","6":"product_cat-kosmetika","8":"first","9":"instock","10":"shipping-taxable","11":"purchasable","12":"product-type-simple"},"_links":{"self":[{"href":"https:\/\/duolifelietuva.com\/index.php?rest_route=\/wp\/v2\/product\/1010","targetHints":{"allow":["GET"]}}],"collection":[{"href":"https:\/\/duolifelietuva.com\/index.php?rest_route=\/wp\/v2\/product"}],"about":[{"href":"https:\/\/duolifelietuva.com\/index.php?rest_route=\/wp\/v2\/types\/product"}],"replies":[{"embeddable":true,"href":"https:\/\/duolifelietuva.com\/index.php?rest_route=%2Fwp%2Fv2%2Fcomments&post=1010"}],"wp:featuredmedia":[{"embeddable":true,"href":"https:\/\/duolifelietuva.com\/index.php?rest_route=\/wp\/v2\/media\/1011"}],"wp:attachment":[{"href":"https:\/\/duolifelietuva.com\/index.php?rest_route=%2Fwp%2Fv2%2Fmedia&parent=1010"}],"wp:term":[{"taxonomy":"product_brand","embeddable":true,"href":"https:\/\/duolifelietuva.com\/index.php?rest_route=%2Fwp%2Fv2%2Fproduct_brand&post=1010"},{"taxonomy":"product_cat","embeddable":true,"href":"https:\/\/duolifelietuva.com\/index.php?rest_route=%2Fwp%2Fv2%2Fproduct_cat&post=1010"},{"taxonomy":"product_tag","embeddable":true,"href":"https:\/\/duolifelietuva.com\/index.php?rest_route=%2Fwp%2Fv2%2Fproduct_tag&post=1010"}],"curies":[{"name":"wp","href":"https:\/\/api.w.org\/{rel}","templated":true}]}}