{"id":1021,"date":"2025-02-17T10:14:14","date_gmt":"2025-02-17T10:14:14","guid":{"rendered":"https:\/\/duolifelietuva.com\/?post_type=product&#038;p=1021"},"modified":"2026-02-14T23:08:07","modified_gmt":"2026-02-14T23:08:07","slug":"duolife-vita-c-powder-15-x-7g-2","status":"publish","type":"product","link":"https:\/\/duolifelietuva.com\/?product=duolife-vita-c-powder-15-x-7g-2","title":{"rendered":"DUOLIFE Vita C Powder 15 x 7g"},"content":{"rendered":"<p>**DUOLIFE Vita C Powder** \u2013 tai maisto papildas, turtingas nat\u016braliu vitaminu C. Aktyv\u016bs ingredientai:  <\/p>\n<p>\u2705 **Padeda palaikyti tinkam\u0105 imunin\u0117s sistemos veikl\u0105**.<br \/>\n\u2705 **Skatina kolageno gamyb\u0105**, u\u017etikrinant tinkam\u0105 kaul\u0173, kremzli\u0173, odos, kraujagysli\u0173, dant\u0173 ir danten\u0173 funkcionavim\u0105.<br \/>\n\u2705 **Padeda apsaugoti l\u0105steles nuo oksidacinio streso**.  <\/p>\n<p>**\ud83d\udd38 Skonis:** apelsin\u0173 ir greipfrut\u0173.<br \/>\n**\ud83d\udd38 Forma:** milteliai, supakuoti \u012f mai\u0161elius tirpalui paruo\u0161ti.<\/p>\n","protected":false},"excerpt":{"rendered":"<p>**DUOLIFE Vita C Powder** \u2013 tai maisto papildas, turtingas nat\u016braliu vitaminu C. Aktyv\u016bs ingredientai: \u2705 **Padeda palaikyti tinkam\u0105 imunin\u0117s sistemos veikl\u0105**. \u2705 **Skatina kolageno gamyb\u0105**, u\u017etikrinant tinkam\u0105 kaul\u0173, kremzli\u0173, odos, kraujagysli\u0173, dant\u0173 ir danten\u0173 funkcionavim\u0105. \u2705 **Padeda apsaugoti l\u0105steles nuo oksidacinio streso**. **\ud83d\udd38 Skonis:** apelsin\u0173 ir greipfrut\u0173. **\ud83d\udd38 Forma:** milteliai, supakuoti \u012f mai\u0161elius tirpalui paruo\u0161ti.<\/p>\n","protected":false},"featured_media":986,"comment_status":"open","ping_status":"closed","template":"","meta":[],"product_brand":[],"product_cat":[60],"product_tag":[],"class_list":{"0":"post-1021","1":"product","2":"type-product","3":"status-publish","4":"has-post-thumbnail","6":"product_cat-naturalus-maisto-papildai","8":"first","9":"instock","10":"shipping-taxable","11":"purchasable","12":"product-type-simple"},"_links":{"self":[{"href":"https:\/\/duolifelietuva.com\/index.php?rest_route=\/wp\/v2\/product\/1021","targetHints":{"allow":["GET"]}}],"collection":[{"href":"https:\/\/duolifelietuva.com\/index.php?rest_route=\/wp\/v2\/product"}],"about":[{"href":"https:\/\/duolifelietuva.com\/index.php?rest_route=\/wp\/v2\/types\/product"}],"replies":[{"embeddable":true,"href":"https:\/\/duolifelietuva.com\/index.php?rest_route=%2Fwp%2Fv2%2Fcomments&post=1021"}],"wp:featuredmedia":[{"embeddable":true,"href":"https:\/\/duolifelietuva.com\/index.php?rest_route=\/wp\/v2\/media\/986"}],"wp:attachment":[{"href":"https:\/\/duolifelietuva.com\/index.php?rest_route=%2Fwp%2Fv2%2Fmedia&parent=1021"}],"wp:term":[{"taxonomy":"product_brand","embeddable":true,"href":"https:\/\/duolifelietuva.com\/index.php?rest_route=%2Fwp%2Fv2%2Fproduct_brand&post=1021"},{"taxonomy":"product_cat","embeddable":true,"href":"https:\/\/duolifelietuva.com\/index.php?rest_route=%2Fwp%2Fv2%2Fproduct_cat&post=1021"},{"taxonomy":"product_tag","embeddable":true,"href":"https:\/\/duolifelietuva.com\/index.php?rest_route=%2Fwp%2Fv2%2Fproduct_tag&post=1021"}],"curies":[{"name":"wp","href":"https:\/\/api.w.org\/{rel}","templated":true}]}}