{"id":302,"date":"2024-12-24T15:21:48","date_gmt":"2024-12-24T15:21:48","guid":{"rendered":"https:\/\/duolifelietuva.com\/?post_type=product&#038;p=302"},"modified":"2025-05-23T17:12:26","modified_gmt":"2025-05-23T17:12:26","slug":"collagen-face-mist-toner-100ml","status":"publish","type":"product","link":"https:\/\/duolifelietuva.com\/?product=collagen-face-mist-toner-100ml","title":{"rendered":"Collagen Face Mist Toner 100ml"},"content":{"rendered":"<p>Dr\u0117kinamasis veido tonikas Collagen Face Mist Toner pur\u0161kalo pavidalu \u2013 tai kosmetikos priemon\u0117, kuri padeda i\u0161laikyti teising\u0105 odos pH lyg\u012f. Reguliarus naudojimas padeda, kad oda tapt\u0173 lygesn\u0117, pager\u0117ja jos b\u016bkl\u0117 ir i\u0161vaizda. Toniko aktyv\u016bs ingredientai gaivina ir ma\u017eina odos tempimo poj\u016bt\u012f. Kosmetikos priemon\u0117 paruo\u0161ia od\u0105 tolimesniems prie\u017ei\u016bros etapams. Nat\u016bralumo indeksas sudaro net 95,3%.<br \/>\nCollagen Face Mist Toner<br \/>\n&#8211; Dr\u0117kina ir tonizuoja veido od\u0105<br \/>\n&#8211; I\u0161laiko ir subalansuoja pH lyg\u012f, b\u016bding\u0105 sveikai odai<br \/>\n&#8211; Suma\u017eina\/ma\u017eina odos tempimo poj\u016bt\u012f<br \/>\n&#8211; Padaro od\u0105 lygesn\u0119 lie\u010diant<br \/>\n&#8211; Suteikia odai gaivumo ir komforto jausm\u0105<br \/>\n&#8211; Pastebimai pagerina odos b\u016bkl\u0119<br \/>\n&#8211; Ramina ir gaivina<br \/>\n&#8211; Oda atrodo jaunesn\u0117, atnaujinta<br \/>\n&#8211; Paruo\u0161ia od\u0105 tolimesniam prie\u017ei\u016brai<br \/>\n&#8211; Tinka naudoti ryte ir vakare<br \/>\n&#8211; Tinka jautriai ir normaliai odai<\/p>\n","protected":false},"excerpt":{"rendered":"<p>Dr\u0117kinamasis veido tonikas Collagen Face Mist Toner pur\u0161kalo pavidalu \u2013 tai kosmetikos priemon\u0117, kuri padeda i\u0161laikyti teising\u0105 odos pH lyg\u012f. Reguliarus naudojimas padeda, kad oda tapt\u0173 lygesn\u0117, pager\u0117ja jos b\u016bkl\u0117 ir i\u0161vaizda. Toniko aktyv\u016bs ingredientai gaivina ir ma\u017eina odos tempimo poj\u016bt\u012f. Kosmetikos priemon\u0117 paruo\u0161ia od\u0105 tolimesniems prie\u017ei\u016bros etapams. Nat\u016bralumo indeksas sudaro net 95,3%. Collagen Face [&#8230;]\n","protected":false},"featured_media":331,"comment_status":"open","ping_status":"closed","template":"","meta":[],"product_brand":[],"product_cat":[61],"product_tag":[],"class_list":{"0":"post-302","1":"product","2":"type-product","3":"status-publish","4":"has-post-thumbnail","6":"product_cat-kosmetika","8":"first","9":"instock","10":"shipping-taxable","11":"purchasable","12":"product-type-simple"},"_links":{"self":[{"href":"https:\/\/duolifelietuva.com\/index.php?rest_route=\/wp\/v2\/product\/302","targetHints":{"allow":["GET"]}}],"collection":[{"href":"https:\/\/duolifelietuva.com\/index.php?rest_route=\/wp\/v2\/product"}],"about":[{"href":"https:\/\/duolifelietuva.com\/index.php?rest_route=\/wp\/v2\/types\/product"}],"replies":[{"embeddable":true,"href":"https:\/\/duolifelietuva.com\/index.php?rest_route=%2Fwp%2Fv2%2Fcomments&post=302"}],"wp:featuredmedia":[{"embeddable":true,"href":"https:\/\/duolifelietuva.com\/index.php?rest_route=\/wp\/v2\/media\/331"}],"wp:attachment":[{"href":"https:\/\/duolifelietuva.com\/index.php?rest_route=%2Fwp%2Fv2%2Fmedia&parent=302"}],"wp:term":[{"taxonomy":"product_brand","embeddable":true,"href":"https:\/\/duolifelietuva.com\/index.php?rest_route=%2Fwp%2Fv2%2Fproduct_brand&post=302"},{"taxonomy":"product_cat","embeddable":true,"href":"https:\/\/duolifelietuva.com\/index.php?rest_route=%2Fwp%2Fv2%2Fproduct_cat&post=302"},{"taxonomy":"product_tag","embeddable":true,"href":"https:\/\/duolifelietuva.com\/index.php?rest_route=%2Fwp%2Fv2%2Fproduct_tag&post=302"}],"curies":[{"name":"wp","href":"https:\/\/api.w.org\/{rel}","templated":true}]}}