{"id":316,"date":"2024-12-24T15:21:49","date_gmt":"2024-12-24T15:21:49","guid":{"rendered":"https:\/\/duolifelietuva.com\/?post_type=product&#038;p=316"},"modified":"2025-05-23T17:00:40","modified_gmt":"2025-05-23T17:00:40","slug":"pro-vita-c-hand-cream-75ml","status":"publish","type":"product","link":"https:\/\/duolifelietuva.com\/?product=pro-vita-c-hand-cream-75ml","title":{"rendered":"Pro Vita C Hand Cream 75ml"},"content":{"rendered":"<p>**Vita C Hand Cream** aktyviai dr\u0117kina, ramina, glotnina ir atkuria rank\u0173 od\u0105. Reguliarus **Vita C** rank\u0173 kremo naudojimas padeda suma\u017einti pirmuosius odos sen\u0117jimo po\u017eymius.  <\/p>\n<p>**Vitaminas ECF Pro Nutri-Form\u2122** praturtintas kakavos sviestu, taukmed\u017eio sviestu, mang\u0173 vaisi\u0173 aliejumi, taip pat betainu, trehaloze, alantoinu ir pantenoliu. **Pro Vita C Hand Cream** yra turtingas \u201egro\u017eio vitamin\u0173\u201c (E, C ir F) \u0161altinis. Tai idealus sprendimas sausai rank\u0173 odai.  <\/p>\n<p>D\u0117l **vitaminin\u0117s formul\u0117s ECF Pro 24\/7 Nutri-Form\u2122**, kuri yra praturtinta kakavos sviestu, taukmed\u017eio sviestu, mang\u0173 aliejumi, betainu, trehaloze, alantoinu ir pantenoliu, kremas aktyviai dr\u0117kina, ramina, padeda i\u0161lyginti ir atkurti odos elastingum\u0105, ma\u017eina sudirgimus bei ankstyvus sen\u0117jimo po\u017eymius.<\/p>\n","protected":false},"excerpt":{"rendered":"<p>**Vita C Hand Cream** aktyviai dr\u0117kina, ramina, glotnina ir atkuria rank\u0173 od\u0105. Reguliarus **Vita C** rank\u0173 kremo naudojimas padeda suma\u017einti pirmuosius odos sen\u0117jimo po\u017eymius. **Vitaminas ECF Pro Nutri-Form\u2122** praturtintas kakavos sviestu, taukmed\u017eio sviestu, mang\u0173 vaisi\u0173 aliejumi, taip pat betainu, trehaloze, alantoinu ir pantenoliu. **Pro Vita C Hand Cream** yra turtingas \u201egro\u017eio vitamin\u0173\u201c (E, C ir [&#8230;]\n","protected":false},"featured_media":360,"comment_status":"open","ping_status":"closed","template":"","meta":[],"product_brand":[],"product_cat":[61],"product_tag":[],"class_list":{"0":"post-316","1":"product","2":"type-product","3":"status-publish","4":"has-post-thumbnail","6":"product_cat-kosmetika","8":"first","9":"instock","10":"shipping-taxable","11":"purchasable","12":"product-type-simple"},"_links":{"self":[{"href":"https:\/\/duolifelietuva.com\/index.php?rest_route=\/wp\/v2\/product\/316","targetHints":{"allow":["GET"]}}],"collection":[{"href":"https:\/\/duolifelietuva.com\/index.php?rest_route=\/wp\/v2\/product"}],"about":[{"href":"https:\/\/duolifelietuva.com\/index.php?rest_route=\/wp\/v2\/types\/product"}],"replies":[{"embeddable":true,"href":"https:\/\/duolifelietuva.com\/index.php?rest_route=%2Fwp%2Fv2%2Fcomments&post=316"}],"wp:featuredmedia":[{"embeddable":true,"href":"https:\/\/duolifelietuva.com\/index.php?rest_route=\/wp\/v2\/media\/360"}],"wp:attachment":[{"href":"https:\/\/duolifelietuva.com\/index.php?rest_route=%2Fwp%2Fv2%2Fmedia&parent=316"}],"wp:term":[{"taxonomy":"product_brand","embeddable":true,"href":"https:\/\/duolifelietuva.com\/index.php?rest_route=%2Fwp%2Fv2%2Fproduct_brand&post=316"},{"taxonomy":"product_cat","embeddable":true,"href":"https:\/\/duolifelietuva.com\/index.php?rest_route=%2Fwp%2Fv2%2Fproduct_cat&post=316"},{"taxonomy":"product_tag","embeddable":true,"href":"https:\/\/duolifelietuva.com\/index.php?rest_route=%2Fwp%2Fv2%2Fproduct_tag&post=316"}],"curies":[{"name":"wp","href":"https:\/\/api.w.org\/{rel}","templated":true}]}}