{"id":317,"date":"2024-12-24T15:21:49","date_gmt":"2024-12-24T15:21:49","guid":{"rendered":"https:\/\/duolifelietuva.com\/?post_type=product&#038;p=317"},"modified":"2025-05-23T17:00:05","modified_gmt":"2025-05-23T17:00:05","slug":"pro-vita-c-body-scrub-200ml","status":"publish","type":"product","link":"https:\/\/duolifelietuva.com\/?product=pro-vita-c-body-scrub-200ml","title":{"rendered":"Pro Vita C Body Scrub 200ml"},"content":{"rendered":"<p>Vita C k\u016bno \u0161veitiklis su cukraus granul\u0117mis ir spanguoli\u0173 dalel\u0117mis u\u017etikrina \u0161veln\u0173 negyv\u0173 odos l\u0105steli\u0173 nu\u0161veitim\u0105 ir valym\u0105. \u0160veitiklis atkuria, i\u0161lygina ir suteikia odai \u0161ilkin\u012f \u0161velnum\u0105. D\u0117l sud\u0117tyje esan\u010di\u0173 od\u0105 mink\u0161tinan\u010di\u0173 med\u017eiag\u0173 ir ECF Pro Nutri-FormTM formul\u0117s su E, C ir F vitamin\u0173 kompleksu, kosmetika dr\u0117kina, maitina ir didina odos elastingum\u0105. Aktyv\u016bs komponentai, esantys Pro Vita C k\u016bno \u0161veitiklyje:<\/p>\n<p>&#8211; E, C ir F vitamin\u0173 kompleksas;<br \/>\n&#8211; spanguoli\u0173 kauliukai;<br \/>\n&#8211; \u0161ilko sviestas;<br \/>\n&#8211; sald\u017ei\u0173j\u0173 migdol\u0173 aliejus;<br \/>\n&#8211; soj\u0173 aliejus.<\/p>\n","protected":false},"excerpt":{"rendered":"<p>Vita C k\u016bno \u0161veitiklis su cukraus granul\u0117mis ir spanguoli\u0173 dalel\u0117mis u\u017etikrina \u0161veln\u0173 negyv\u0173 odos l\u0105steli\u0173 nu\u0161veitim\u0105 ir valym\u0105. \u0160veitiklis atkuria, i\u0161lygina ir suteikia odai \u0161ilkin\u012f \u0161velnum\u0105. D\u0117l sud\u0117tyje esan\u010di\u0173 od\u0105 mink\u0161tinan\u010di\u0173 med\u017eiag\u0173 ir ECF Pro Nutri-FormTM formul\u0117s su E, C ir F vitamin\u0173 kompleksu, kosmetika dr\u0117kina, maitina ir didina odos elastingum\u0105. Aktyv\u016bs komponentai, esantys Pro [&#8230;]\n","protected":false},"featured_media":361,"comment_status":"open","ping_status":"closed","template":"","meta":[],"product_brand":[],"product_cat":[15,61],"product_tag":[],"class_list":{"0":"post-317","1":"product","2":"type-product","3":"status-publish","4":"has-post-thumbnail","6":"product_cat-uncategorized","7":"product_cat-kosmetika","9":"first","10":"instock","11":"shipping-taxable","12":"purchasable","13":"product-type-simple"},"_links":{"self":[{"href":"https:\/\/duolifelietuva.com\/index.php?rest_route=\/wp\/v2\/product\/317","targetHints":{"allow":["GET"]}}],"collection":[{"href":"https:\/\/duolifelietuva.com\/index.php?rest_route=\/wp\/v2\/product"}],"about":[{"href":"https:\/\/duolifelietuva.com\/index.php?rest_route=\/wp\/v2\/types\/product"}],"replies":[{"embeddable":true,"href":"https:\/\/duolifelietuva.com\/index.php?rest_route=%2Fwp%2Fv2%2Fcomments&post=317"}],"wp:featuredmedia":[{"embeddable":true,"href":"https:\/\/duolifelietuva.com\/index.php?rest_route=\/wp\/v2\/media\/361"}],"wp:attachment":[{"href":"https:\/\/duolifelietuva.com\/index.php?rest_route=%2Fwp%2Fv2%2Fmedia&parent=317"}],"wp:term":[{"taxonomy":"product_brand","embeddable":true,"href":"https:\/\/duolifelietuva.com\/index.php?rest_route=%2Fwp%2Fv2%2Fproduct_brand&post=317"},{"taxonomy":"product_cat","embeddable":true,"href":"https:\/\/duolifelietuva.com\/index.php?rest_route=%2Fwp%2Fv2%2Fproduct_cat&post=317"},{"taxonomy":"product_tag","embeddable":true,"href":"https:\/\/duolifelietuva.com\/index.php?rest_route=%2Fwp%2Fv2%2Fproduct_tag&post=317"}],"curies":[{"name":"wp","href":"https:\/\/api.w.org\/{rel}","templated":true}]}}