{"id":319,"date":"2024-12-24T15:21:49","date_gmt":"2024-12-24T15:21:49","guid":{"rendered":"https:\/\/duolifelietuva.com\/?post_type=product&#038;p=319"},"modified":"2025-05-23T17:33:44","modified_gmt":"2025-05-23T17:33:44","slug":"duolife-d3-in-nigella-oil","status":"publish","type":"product","link":"https:\/\/duolifelietuva.com\/?product=duolife-d3-in-nigella-oil","title":{"rendered":"DUOLIFE D3 in Nigella Oil"},"content":{"rendered":"<p>**DUOLIFE D3 in Nigella Oil** \u2013 tai biologi\u0161kai aktyvi maisto papild\u0173 priemon\u0117 i\u0161 **Pure Formula** linijos, turinti vitamino D3 juodgr\u016bd\u0117s aliejuje koncentruotoje doz\u0117je. Vitaminas D padeda i\u0161laikyti sveikus kaulus, raumenis ir dantis, taip pat palaiko teising\u0105 imunin\u0117s sistemos veikl\u0105. **DUOLIFE D3 in Nigella Oil** \u2013 tai biologi\u0161kai aktyvi maisto papild\u0173 priemon\u0117 i\u0161 **Pure Formula** linijos, turinti vitamino D3 juodgr\u016bd\u0117s aliejuje koncentruotoje doz\u0117je. Ji yra \u012fd\u0117ta \u012f vegani\u0161kas &#8222;softgel&#8221; tipo mink\u0161tas kapsules, pagamintas i\u0161 tapiokos.<\/p>\n<p>**Vitaminas D:**<\/p>\n<p>&#8211; padeda i\u0161laikyti sveikus kaulus ir dantis;<br \/>\n&#8211; padeda i\u0161laikyti teising\u0105 kalcio lyg\u012f kraujyje;<br \/>\n&#8211; padeda tinkamai \u012fsisavinti kalc\u012f ir fosfor\u0105;<br \/>\n&#8211; padeda tinkamai veikti raumenims;<br \/>\n&#8211; palaiko teising\u0105 imunin\u0117s sistemos veikl\u0105;<br \/>\n&#8211; dalyvauja l\u0105steli\u0173 dalijimosi procese.<\/p>\n","protected":false},"excerpt":{"rendered":"<p>**DUOLIFE D3 in Nigella Oil** \u2013 tai biologi\u0161kai aktyvi maisto papild\u0173 priemon\u0117 i\u0161 **Pure Formula** linijos, turinti vitamino D3 juodgr\u016bd\u0117s aliejuje koncentruotoje doz\u0117je. Vitaminas D padeda i\u0161laikyti sveikus kaulus, raumenis ir dantis, taip pat palaiko teising\u0105 imunin\u0117s sistemos veikl\u0105. **DUOLIFE D3 in Nigella Oil** \u2013 tai biologi\u0161kai aktyvi maisto papild\u0173 priemon\u0117 i\u0161 **Pure Formula** linijos, [&#8230;]\n","protected":false},"featured_media":363,"comment_status":"open","ping_status":"closed","template":"","meta":[],"product_brand":[],"product_cat":[60],"product_tag":[],"class_list":{"0":"post-319","1":"product","2":"type-product","3":"status-publish","4":"has-post-thumbnail","6":"product_cat-naturalus-maisto-papildai","8":"first","9":"instock","10":"shipping-taxable","11":"purchasable","12":"product-type-simple"},"_links":{"self":[{"href":"https:\/\/duolifelietuva.com\/index.php?rest_route=\/wp\/v2\/product\/319","targetHints":{"allow":["GET"]}}],"collection":[{"href":"https:\/\/duolifelietuva.com\/index.php?rest_route=\/wp\/v2\/product"}],"about":[{"href":"https:\/\/duolifelietuva.com\/index.php?rest_route=\/wp\/v2\/types\/product"}],"replies":[{"embeddable":true,"href":"https:\/\/duolifelietuva.com\/index.php?rest_route=%2Fwp%2Fv2%2Fcomments&post=319"}],"wp:featuredmedia":[{"embeddable":true,"href":"https:\/\/duolifelietuva.com\/index.php?rest_route=\/wp\/v2\/media\/363"}],"wp:attachment":[{"href":"https:\/\/duolifelietuva.com\/index.php?rest_route=%2Fwp%2Fv2%2Fmedia&parent=319"}],"wp:term":[{"taxonomy":"product_brand","embeddable":true,"href":"https:\/\/duolifelietuva.com\/index.php?rest_route=%2Fwp%2Fv2%2Fproduct_brand&post=319"},{"taxonomy":"product_cat","embeddable":true,"href":"https:\/\/duolifelietuva.com\/index.php?rest_route=%2Fwp%2Fv2%2Fproduct_cat&post=319"},{"taxonomy":"product_tag","embeddable":true,"href":"https:\/\/duolifelietuva.com\/index.php?rest_route=%2Fwp%2Fv2%2Fproduct_tag&post=319"}],"curies":[{"name":"wp","href":"https:\/\/api.w.org\/{rel}","templated":true}]}}