{"id":320,"date":"2024-12-24T15:21:49","date_gmt":"2024-12-24T15:21:49","guid":{"rendered":"https:\/\/duolifelietuva.com\/?post_type=product&#038;p=320"},"modified":"2025-05-23T08:15:37","modified_gmt":"2025-05-23T08:15:37","slug":"duolife-maca","status":"publish","type":"product","link":"https:\/\/duolifelietuva.com\/?product=duolife-maca","title":{"rendered":"DUOLIFE Maca"},"content":{"rendered":"<p>**DUOLIFE Maca** \u2013 tai biologi\u0161kai aktyvi maisto papild\u0173 priemon\u0117 i\u0161 **Pure Formula** linijos, turinti koncentruot\u0105 ma\u017eos \u0161aknies ekstrakt\u0105. Ma\u017ea padeda i\u0161laikyti nat\u016brali\u0105 seksualin\u0119 veikl\u0105 ir energij\u0105. **DUOLIFE Maca** yra biologi\u0161kai aktyvus maisto papildas, kuriame yra koncentruotas ma\u017eos \u0161aknies ekstraktas. Jis \u012fd\u0117tas \u012f kapsules i\u0161 organin\u0117s celiulioz\u0117s kilm\u0117s (HPMC), turin\u010dias atid\u0117to i\u0161siskyrimo mechanizm\u0105.<\/p>\n<p>**Maca**:<br \/>\n&#8211; padeda i\u0161laikyti nat\u016brali\u0105 seksualin\u0119 veikl\u0105 ir energij\u0105 (ID 3416);<br \/>\n&#8211; palaiko vaisingumo funkcij\u0105 (ID 2839);<br \/>\n&#8211; palaiko fizin\u0119 ir protin\u0119 veikl\u0105 (ID 3864);<br \/>\n&#8211; palaiko sveikas kaulus menopauz\u0117s metu (ID 2840).<\/p>\n","protected":false},"excerpt":{"rendered":"<p>**DUOLIFE Maca** \u2013 tai biologi\u0161kai aktyvi maisto papild\u0173 priemon\u0117 i\u0161 **Pure Formula** linijos, turinti koncentruot\u0105 ma\u017eos \u0161aknies ekstrakt\u0105. Ma\u017ea padeda i\u0161laikyti nat\u016brali\u0105 seksualin\u0119 veikl\u0105 ir energij\u0105. **DUOLIFE Maca** yra biologi\u0161kai aktyvus maisto papildas, kuriame yra koncentruotas ma\u017eos \u0161aknies ekstraktas. Jis \u012fd\u0117tas \u012f kapsules i\u0161 organin\u0117s celiulioz\u0117s kilm\u0117s (HPMC), turin\u010dias atid\u0117to i\u0161siskyrimo mechanizm\u0105. **Maca**: &#8211; padeda [&#8230;]\n","protected":false},"featured_media":370,"comment_status":"open","ping_status":"closed","template":"","meta":[],"product_brand":[],"product_cat":[60],"product_tag":[],"class_list":{"0":"post-320","1":"product","2":"type-product","3":"status-publish","4":"has-post-thumbnail","6":"product_cat-naturalus-maisto-papildai","8":"first","9":"instock","10":"shipping-taxable","11":"purchasable","12":"product-type-simple"},"_links":{"self":[{"href":"https:\/\/duolifelietuva.com\/index.php?rest_route=\/wp\/v2\/product\/320","targetHints":{"allow":["GET"]}}],"collection":[{"href":"https:\/\/duolifelietuva.com\/index.php?rest_route=\/wp\/v2\/product"}],"about":[{"href":"https:\/\/duolifelietuva.com\/index.php?rest_route=\/wp\/v2\/types\/product"}],"replies":[{"embeddable":true,"href":"https:\/\/duolifelietuva.com\/index.php?rest_route=%2Fwp%2Fv2%2Fcomments&post=320"}],"wp:featuredmedia":[{"embeddable":true,"href":"https:\/\/duolifelietuva.com\/index.php?rest_route=\/wp\/v2\/media\/370"}],"wp:attachment":[{"href":"https:\/\/duolifelietuva.com\/index.php?rest_route=%2Fwp%2Fv2%2Fmedia&parent=320"}],"wp:term":[{"taxonomy":"product_brand","embeddable":true,"href":"https:\/\/duolifelietuva.com\/index.php?rest_route=%2Fwp%2Fv2%2Fproduct_brand&post=320"},{"taxonomy":"product_cat","embeddable":true,"href":"https:\/\/duolifelietuva.com\/index.php?rest_route=%2Fwp%2Fv2%2Fproduct_cat&post=320"},{"taxonomy":"product_tag","embeddable":true,"href":"https:\/\/duolifelietuva.com\/index.php?rest_route=%2Fwp%2Fv2%2Fproduct_tag&post=320"}],"curies":[{"name":"wp","href":"https:\/\/api.w.org\/{rel}","templated":true}]}}