{"id":323,"date":"2024-12-24T15:21:49","date_gmt":"2024-12-24T15:21:49","guid":{"rendered":"https:\/\/duolifelietuva.com\/?post_type=product&#038;p=323"},"modified":"2025-05-23T08:13:30","modified_gmt":"2025-05-23T08:13:30","slug":"duolife-astaxanthin","status":"publish","type":"product","link":"https:\/\/duolifelietuva.com\/?product=duolife-astaxanthin","title":{"rendered":"DUOLIFE Astaxanthin"},"content":{"rendered":"<p>**DUOLIFE Astaxanthin** \u2013 tai biologi\u0161kai aktyvi maisto papild\u0173 priemon\u0117 i\u0161 **Pure Formula** linijos, turinti koncentruot\u0105 nat\u016bralios kilm\u0117s astaksantino doz\u0119, gaut\u0105 i\u0161 dumbli\u0173 *Haematococcus pluvialis*. Ji \u012fd\u0117ta \u012f kapsules i\u0161 organin\u0117s celiulioz\u0117s kilm\u0117s (HPMC), turin\u010dias atid\u0117to i\u0161siskyrimo mechanizm\u0105.<\/p>\n<p>Astaksantinas, vadinamas karotinoid\u0173 karaliumi, yra nat\u016braliai pasitaikantis junginys, priklausantis ksantofilo grupei. Karotinoidai \u2013 tai pigmentai, kuriuos sintetina augalai, grybai, bakterijos ir dumbliai. \u0160ie da\u017eikliai dalyvauja daugelyje biochemini\u0173 augal\u0173 proces\u0173, lemia daugelio vaisi\u0173 ir g\u0117li\u0173 spalv\u0105 ir turi stipri\u0173 antioksidacini\u0173 savybi\u0173. \u017dmogaus organizmas negali sintetinti karotinoid\u0173, tod\u0117l jie turi patekti su maistu. Astaksantino biosintez\u0119 gali atlikti tik kai kurie dumbli\u0173, mieli\u0173, gramneigiam\u0173j\u0173 bakterij\u0173 ir augal\u0173 r\u016b\u0161ys.<\/p>\n<p>Pagrindinis astaksantino \u0161altinis \u017emogaus mityboje yra \u017euvys ir j\u016bros g\u0117ryb\u0117s. Ta\u010diau gausiausias astaksantino \u0161altinis yra *Haematococcus pluvialis* dumbliai. Organizme astaksantinas, esant tul\u017eies r\u016bg\u0161tims, jungiasi su riebalais, sudarydamas miceles, ir tokiu b\u016bdu yra transportuojamas \u012f organizmo audinius.<\/p>\n<p>Biologi\u0161kai aktyviame papild\u0173 priemon\u0117je **DUOLIFE Astaxanthin** taip pat yra inulino i\u0161 cikorijos \u0161akn\u0173, kuris pagal sinergijos princip\u0105 palaiko pagrindinio ingrediento \u2013 astaksantino \u2013 poveik\u012f.<\/p>\n","protected":false},"excerpt":{"rendered":"<p>**DUOLIFE Astaxanthin** \u2013 tai biologi\u0161kai aktyvi maisto papild\u0173 priemon\u0117 i\u0161 **Pure Formula** linijos, turinti koncentruot\u0105 nat\u016bralios kilm\u0117s astaksantino doz\u0119, gaut\u0105 i\u0161 dumbli\u0173 *Haematococcus pluvialis*. Ji \u012fd\u0117ta \u012f kapsules i\u0161 organin\u0117s celiulioz\u0117s kilm\u0117s (HPMC), turin\u010dias atid\u0117to i\u0161siskyrimo mechanizm\u0105. Astaksantinas, vadinamas karotinoid\u0173 karaliumi, yra nat\u016braliai pasitaikantis junginys, priklausantis ksantofilo grupei. Karotinoidai \u2013 tai pigmentai, kuriuos sintetina augalai, [&#8230;]\n","protected":false},"featured_media":373,"comment_status":"open","ping_status":"closed","template":"","meta":[],"product_brand":[],"product_cat":[60],"product_tag":[],"class_list":{"0":"post-323","1":"product","2":"type-product","3":"status-publish","4":"has-post-thumbnail","6":"product_cat-naturalus-maisto-papildai","8":"first","9":"instock","10":"shipping-taxable","11":"purchasable","12":"product-type-simple"},"_links":{"self":[{"href":"https:\/\/duolifelietuva.com\/index.php?rest_route=\/wp\/v2\/product\/323","targetHints":{"allow":["GET"]}}],"collection":[{"href":"https:\/\/duolifelietuva.com\/index.php?rest_route=\/wp\/v2\/product"}],"about":[{"href":"https:\/\/duolifelietuva.com\/index.php?rest_route=\/wp\/v2\/types\/product"}],"replies":[{"embeddable":true,"href":"https:\/\/duolifelietuva.com\/index.php?rest_route=%2Fwp%2Fv2%2Fcomments&post=323"}],"wp:featuredmedia":[{"embeddable":true,"href":"https:\/\/duolifelietuva.com\/index.php?rest_route=\/wp\/v2\/media\/373"}],"wp:attachment":[{"href":"https:\/\/duolifelietuva.com\/index.php?rest_route=%2Fwp%2Fv2%2Fmedia&parent=323"}],"wp:term":[{"taxonomy":"product_brand","embeddable":true,"href":"https:\/\/duolifelietuva.com\/index.php?rest_route=%2Fwp%2Fv2%2Fproduct_brand&post=323"},{"taxonomy":"product_cat","embeddable":true,"href":"https:\/\/duolifelietuva.com\/index.php?rest_route=%2Fwp%2Fv2%2Fproduct_cat&post=323"},{"taxonomy":"product_tag","embeddable":true,"href":"https:\/\/duolifelietuva.com\/index.php?rest_route=%2Fwp%2Fv2%2Fproduct_tag&post=323"}],"curies":[{"name":"wp","href":"https:\/\/api.w.org\/{rel}","templated":true}]}}