{"id":324,"date":"2024-12-24T15:21:49","date_gmt":"2024-12-24T15:21:49","guid":{"rendered":"https:\/\/duolifelietuva.com\/?post_type=product&#038;p=324"},"modified":"2025-05-23T17:26:33","modified_gmt":"2025-05-23T17:26:33","slug":"duolife-schisandra-berry","status":"publish","type":"product","link":"https:\/\/duolifelietuva.com\/?product=duolife-schisandra-berry","title":{"rendered":"DUOLIFE Schisandra Berry"},"content":{"rendered":"<p>**DUOLIFE Schisandra Berry** \u2013 tai biologi\u0161kai aktyvi maisto papild\u0173 priemon\u0117 i\u0161 **Pure Formula** linijos, turinti koncentruot\u0105 kin\u0173 citrin\u017eol\u0117s vaisi\u0173 ekstrakt\u0105. Ji \u012fd\u0117ta \u012f kapsules i\u0161 organin\u0117s celiulioz\u0117s kilm\u0117s (HPMC), turin\u010dias atid\u0117to i\u0161siskyrimo mechanizm\u0105.<\/p>\n<p>**Kin\u0173 citrin\u017eol\u0117**:<\/p>\n<p>&#8211; turi adaptogenini\u0173 savybi\u0173 (ID 4142);<br \/>\n&#8211; padeda i\u0161laikyti vir\u0161utinius kv\u0117pavimo takus optimaliame stovyje (ID 3819);<br \/>\n&#8211; turi hepatoprotekcini\u0173 savybi\u0173, palaiko fiziologines valymo funkcijas (ID 3820).<\/p>\n","protected":false},"excerpt":{"rendered":"<p>**DUOLIFE Schisandra Berry** \u2013 tai biologi\u0161kai aktyvi maisto papild\u0173 priemon\u0117 i\u0161 **Pure Formula** linijos, turinti koncentruot\u0105 kin\u0173 citrin\u017eol\u0117s vaisi\u0173 ekstrakt\u0105. Ji \u012fd\u0117ta \u012f kapsules i\u0161 organin\u0117s celiulioz\u0117s kilm\u0117s (HPMC), turin\u010dias atid\u0117to i\u0161siskyrimo mechanizm\u0105. **Kin\u0173 citrin\u017eol\u0117**: &#8211; turi adaptogenini\u0173 savybi\u0173 (ID 4142); &#8211; padeda i\u0161laikyti vir\u0161utinius kv\u0117pavimo takus optimaliame stovyje (ID 3819); &#8211; turi hepatoprotekcini\u0173 savybi\u0173, [&#8230;]\n","protected":false},"featured_media":378,"comment_status":"open","ping_status":"closed","template":"","meta":[],"product_brand":[],"product_cat":[60],"product_tag":[],"class_list":{"0":"post-324","1":"product","2":"type-product","3":"status-publish","4":"has-post-thumbnail","6":"product_cat-naturalus-maisto-papildai","8":"first","9":"instock","10":"shipping-taxable","11":"purchasable","12":"product-type-simple"},"_links":{"self":[{"href":"https:\/\/duolifelietuva.com\/index.php?rest_route=\/wp\/v2\/product\/324","targetHints":{"allow":["GET"]}}],"collection":[{"href":"https:\/\/duolifelietuva.com\/index.php?rest_route=\/wp\/v2\/product"}],"about":[{"href":"https:\/\/duolifelietuva.com\/index.php?rest_route=\/wp\/v2\/types\/product"}],"replies":[{"embeddable":true,"href":"https:\/\/duolifelietuva.com\/index.php?rest_route=%2Fwp%2Fv2%2Fcomments&post=324"}],"wp:featuredmedia":[{"embeddable":true,"href":"https:\/\/duolifelietuva.com\/index.php?rest_route=\/wp\/v2\/media\/378"}],"wp:attachment":[{"href":"https:\/\/duolifelietuva.com\/index.php?rest_route=%2Fwp%2Fv2%2Fmedia&parent=324"}],"wp:term":[{"taxonomy":"product_brand","embeddable":true,"href":"https:\/\/duolifelietuva.com\/index.php?rest_route=%2Fwp%2Fv2%2Fproduct_brand&post=324"},{"taxonomy":"product_cat","embeddable":true,"href":"https:\/\/duolifelietuva.com\/index.php?rest_route=%2Fwp%2Fv2%2Fproduct_cat&post=324"},{"taxonomy":"product_tag","embeddable":true,"href":"https:\/\/duolifelietuva.com\/index.php?rest_route=%2Fwp%2Fv2%2Fproduct_tag&post=324"}],"curies":[{"name":"wp","href":"https:\/\/api.w.org\/{rel}","templated":true}]}}