{"id":325,"date":"2024-12-24T15:21:49","date_gmt":"2024-12-24T15:21:49","guid":{"rendered":"https:\/\/duolifelietuva.com\/?post_type=product&#038;p=325"},"modified":"2025-05-23T08:04:50","modified_gmt":"2025-05-23T08:04:50","slug":"duolife-spirulina","status":"publish","type":"product","link":"https:\/\/duolifelietuva.com\/?product=duolife-spirulina","title":{"rendered":"DUOLIFE Spirulina"},"content":{"rendered":"<p>**DUOLIFE Spirulina** \u2013 tai biologi\u0161kai aktyvi maisto papild\u0173 priemon\u0117 i\u0161 **Pure Formula** linijos, turinti koncentruot\u0105 spirulinos milteli\u0173 doz\u0119. Spirulina padeda kontroliuoti k\u016bno svor\u012f ir palaiko organizmo imunitet\u0105. **DUOLIFE Spirulina** yra biologi\u0161kai aktyvus maisto papildas, turintis spirulinos milteli\u0173 koncentruot\u0105 doz\u0119. Jis \u012fd\u0117tas \u012f kapsules i\u0161 organin\u0117s celiulioz\u0117s kilm\u0117s (HPMC), turin\u010dias atid\u0117to i\u0161siskyrimo mechanizm\u0105.<\/p>\n<p>**Spirulina**:<\/p>\n<p>&#8211; padeda kontroliuoti k\u016bno svor\u012f (ID 1858);<br \/>\n&#8211; stiprina organizmo imunitet\u0105 (ID 2583);<br \/>\n&#8211; padeda i\u0161laikyti organizmo gyvybingum\u0105 (ID 2737).<\/p>\n","protected":false},"excerpt":{"rendered":"<p>**DUOLIFE Spirulina** \u2013 tai biologi\u0161kai aktyvi maisto papild\u0173 priemon\u0117 i\u0161 **Pure Formula** linijos, turinti koncentruot\u0105 spirulinos milteli\u0173 doz\u0119. Spirulina padeda kontroliuoti k\u016bno svor\u012f ir palaiko organizmo imunitet\u0105. **DUOLIFE Spirulina** yra biologi\u0161kai aktyvus maisto papildas, turintis spirulinos milteli\u0173 koncentruot\u0105 doz\u0119. Jis \u012fd\u0117tas \u012f kapsules i\u0161 organin\u0117s celiulioz\u0117s kilm\u0117s (HPMC), turin\u010dias atid\u0117to i\u0161siskyrimo mechanizm\u0105. **Spirulina**: &#8211; padeda [&#8230;]\n","protected":false},"featured_media":379,"comment_status":"open","ping_status":"closed","template":"","meta":[],"product_brand":[],"product_cat":[60],"product_tag":[],"class_list":{"0":"post-325","1":"product","2":"type-product","3":"status-publish","4":"has-post-thumbnail","6":"product_cat-naturalus-maisto-papildai","8":"first","9":"instock","10":"shipping-taxable","11":"purchasable","12":"product-type-simple"},"_links":{"self":[{"href":"https:\/\/duolifelietuva.com\/index.php?rest_route=\/wp\/v2\/product\/325","targetHints":{"allow":["GET"]}}],"collection":[{"href":"https:\/\/duolifelietuva.com\/index.php?rest_route=\/wp\/v2\/product"}],"about":[{"href":"https:\/\/duolifelietuva.com\/index.php?rest_route=\/wp\/v2\/types\/product"}],"replies":[{"embeddable":true,"href":"https:\/\/duolifelietuva.com\/index.php?rest_route=%2Fwp%2Fv2%2Fcomments&post=325"}],"wp:featuredmedia":[{"embeddable":true,"href":"https:\/\/duolifelietuva.com\/index.php?rest_route=\/wp\/v2\/media\/379"}],"wp:attachment":[{"href":"https:\/\/duolifelietuva.com\/index.php?rest_route=%2Fwp%2Fv2%2Fmedia&parent=325"}],"wp:term":[{"taxonomy":"product_brand","embeddable":true,"href":"https:\/\/duolifelietuva.com\/index.php?rest_route=%2Fwp%2Fv2%2Fproduct_brand&post=325"},{"taxonomy":"product_cat","embeddable":true,"href":"https:\/\/duolifelietuva.com\/index.php?rest_route=%2Fwp%2Fv2%2Fproduct_cat&post=325"},{"taxonomy":"product_tag","embeddable":true,"href":"https:\/\/duolifelietuva.com\/index.php?rest_route=%2Fwp%2Fv2%2Fproduct_tag&post=325"}],"curies":[{"name":"wp","href":"https:\/\/api.w.org\/{rel}","templated":true}]}}