{"id":326,"date":"2024-12-24T15:21:49","date_gmt":"2024-12-24T15:21:49","guid":{"rendered":"https:\/\/duolifelietuva.com\/?post_type=product&#038;p=326"},"modified":"2025-05-23T17:24:10","modified_gmt":"2025-05-23T17:24:10","slug":"duolife-melatonin","status":"publish","type":"product","link":"https:\/\/duolifelietuva.com\/?product=duolife-melatonin","title":{"rendered":"DUOLIFE Melatonin"},"content":{"rendered":"<p>**DUOLIFE Melatonin** \u2013 tai biologi\u0161kai aktyvi maisto papild\u0173 priemon\u0117 i\u0161 **Pure Formula** linijos, turinti melatonino, kuris padeda sutrumpinti u\u017emigdymo laik\u0105. Palaiko palank\u0173 poveik\u012f, kai 1 mg melatonino suvartojama prie\u0161 mieg\u0105. **DUOLIFE Melatonin** \u2013 biologi\u0161kai aktyvus maisto papildas i\u0161 **Pure Formula** linijos, turintis melatonino, \u012fd\u0117tas \u012f kapsules i\u0161 organin\u0117s celiulioz\u0117s kilm\u0117s (HPMC), turin\u010dias atid\u0117to i\u0161siskyrimo mechanizm\u0105.<\/p>\n<p>**Melatoninas**:<\/p>\n<p>&#8211; padeda sutrumpinti u\u017emigdymo laik\u0105. Palaiko palank\u0173 poveik\u012f, kai 1 mg melatonino suvartojama prie\u0161 mieg\u0105;<br \/>\n&#8211; padeda palengvinti subjektyv\u0173 laiko juost\u0173 kaitos poj\u016bt\u012f. Palankus poveikis pasiekiamas suvartojus 0,5 mg melatonino prie\u0161 mieg\u0105 pirm\u0105j\u0105 kelion\u0117s dien\u0105 ir kelias dienas po atvykimo \u012f paskirties viet\u0105.<\/p>\n","protected":false},"excerpt":{"rendered":"<p>**DUOLIFE Melatonin** \u2013 tai biologi\u0161kai aktyvi maisto papild\u0173 priemon\u0117 i\u0161 **Pure Formula** linijos, turinti melatonino, kuris padeda sutrumpinti u\u017emigdymo laik\u0105. Palaiko palank\u0173 poveik\u012f, kai 1 mg melatonino suvartojama prie\u0161 mieg\u0105. **DUOLIFE Melatonin** \u2013 biologi\u0161kai aktyvus maisto papildas i\u0161 **Pure Formula** linijos, turintis melatonino, \u012fd\u0117tas \u012f kapsules i\u0161 organin\u0117s celiulioz\u0117s kilm\u0117s (HPMC), turin\u010dias atid\u0117to i\u0161siskyrimo mechanizm\u0105. [&#8230;]\n","protected":false},"featured_media":380,"comment_status":"open","ping_status":"closed","template":"","meta":[],"product_brand":[],"product_cat":[60],"product_tag":[],"class_list":{"0":"post-326","1":"product","2":"type-product","3":"status-publish","4":"has-post-thumbnail","6":"product_cat-naturalus-maisto-papildai","8":"first","9":"instock","10":"shipping-taxable","11":"purchasable","12":"product-type-simple"},"_links":{"self":[{"href":"https:\/\/duolifelietuva.com\/index.php?rest_route=\/wp\/v2\/product\/326","targetHints":{"allow":["GET"]}}],"collection":[{"href":"https:\/\/duolifelietuva.com\/index.php?rest_route=\/wp\/v2\/product"}],"about":[{"href":"https:\/\/duolifelietuva.com\/index.php?rest_route=\/wp\/v2\/types\/product"}],"replies":[{"embeddable":true,"href":"https:\/\/duolifelietuva.com\/index.php?rest_route=%2Fwp%2Fv2%2Fcomments&post=326"}],"wp:featuredmedia":[{"embeddable":true,"href":"https:\/\/duolifelietuva.com\/index.php?rest_route=\/wp\/v2\/media\/380"}],"wp:attachment":[{"href":"https:\/\/duolifelietuva.com\/index.php?rest_route=%2Fwp%2Fv2%2Fmedia&parent=326"}],"wp:term":[{"taxonomy":"product_brand","embeddable":true,"href":"https:\/\/duolifelietuva.com\/index.php?rest_route=%2Fwp%2Fv2%2Fproduct_brand&post=326"},{"taxonomy":"product_cat","embeddable":true,"href":"https:\/\/duolifelietuva.com\/index.php?rest_route=%2Fwp%2Fv2%2Fproduct_cat&post=326"},{"taxonomy":"product_tag","embeddable":true,"href":"https:\/\/duolifelietuva.com\/index.php?rest_route=%2Fwp%2Fv2%2Fproduct_tag&post=326"}],"curies":[{"name":"wp","href":"https:\/\/api.w.org\/{rel}","templated":true}]}}