{"id":327,"date":"2024-12-24T15:21:49","date_gmt":"2024-12-24T15:21:49","guid":{"rendered":"https:\/\/duolifelietuva.com\/?post_type=product&#038;p=327"},"modified":"2025-05-23T08:12:30","modified_gmt":"2025-05-23T08:12:30","slug":"duolife-ginseng","status":"publish","type":"product","link":"https:\/\/duolifelietuva.com\/?product=duolife-ginseng","title":{"rendered":"DUOLIFE Ginseng"},"content":{"rendered":"<p>**DUOLIFE Ginseng** \u2013 tai biologi\u0161kai aktyvi maisto papild\u0173 priemon\u0117 i\u0161 **Pure Formula** linijos, turinti ekstrakt\u0173 i\u0161 trij\u0173 r\u016b\u0161i\u0173 \u017een\u0161enio: paprastojo, amerikieti\u0161ko ir sibirinio, koncentruotoje porcijoje. Ji \u012fd\u0117ta \u012f kapsules i\u0161 organin\u0117s celiulioz\u0117s kilm\u0117s (HPMC), turin\u010dias atid\u0117to i\u0161siskyrimo mechanizm\u0105.<\/p>\n<p>**Paprastasis \u017een\u0161enis**:<\/p>\n<p>&#8211; palaiko gyvybingum\u0105;<br \/>\n&#8211; padeda suma\u017einti nuovargio jausm\u0105;<br \/>\n&#8211; palaiko koncentracij\u0105;<br \/>\n&#8211; palaiko optimalius pa\u017einimo procesus;<br \/>\n&#8211; palaiko seksualin\u0119 funkcij\u0105;<br \/>\n&#8211; palaiko tinkam\u0105 imunin\u0117s sistemos veikl\u0105;<br \/>\n&#8211; padeda i\u0161laikyti tinkam\u0105 gliukoz\u0117s lyg\u012f kraujyje.<\/p>\n<p>**Sibirinis \u017een\u0161enis**:<\/p>\n<p>&#8211; palaiko imunin\u0117s sistemos veikl\u0105;<br \/>\n&#8211; padeda palaikyti optimali\u0105 protin\u0119 darbingum\u0105;<br \/>\n&#8211; padeda i\u0161laikyti optimali\u0105 kraujo spaudimo lyg\u012f.<\/p>\n","protected":false},"excerpt":{"rendered":"<p>**DUOLIFE Ginseng** \u2013 tai biologi\u0161kai aktyvi maisto papild\u0173 priemon\u0117 i\u0161 **Pure Formula** linijos, turinti ekstrakt\u0173 i\u0161 trij\u0173 r\u016b\u0161i\u0173 \u017een\u0161enio: paprastojo, amerikieti\u0161ko ir sibirinio, koncentruotoje porcijoje. Ji \u012fd\u0117ta \u012f kapsules i\u0161 organin\u0117s celiulioz\u0117s kilm\u0117s (HPMC), turin\u010dias atid\u0117to i\u0161siskyrimo mechanizm\u0105. **Paprastasis \u017een\u0161enis**: &#8211; palaiko gyvybingum\u0105; &#8211; padeda suma\u017einti nuovargio jausm\u0105; &#8211; palaiko koncentracij\u0105; &#8211; palaiko optimalius pa\u017einimo [&#8230;]\n","protected":false},"featured_media":381,"comment_status":"open","ping_status":"closed","template":"","meta":[],"product_brand":[],"product_cat":[60],"product_tag":[],"class_list":{"0":"post-327","1":"product","2":"type-product","3":"status-publish","4":"has-post-thumbnail","6":"product_cat-naturalus-maisto-papildai","8":"first","9":"instock","10":"shipping-taxable","11":"purchasable","12":"product-type-simple"},"_links":{"self":[{"href":"https:\/\/duolifelietuva.com\/index.php?rest_route=\/wp\/v2\/product\/327","targetHints":{"allow":["GET"]}}],"collection":[{"href":"https:\/\/duolifelietuva.com\/index.php?rest_route=\/wp\/v2\/product"}],"about":[{"href":"https:\/\/duolifelietuva.com\/index.php?rest_route=\/wp\/v2\/types\/product"}],"replies":[{"embeddable":true,"href":"https:\/\/duolifelietuva.com\/index.php?rest_route=%2Fwp%2Fv2%2Fcomments&post=327"}],"wp:featuredmedia":[{"embeddable":true,"href":"https:\/\/duolifelietuva.com\/index.php?rest_route=\/wp\/v2\/media\/381"}],"wp:attachment":[{"href":"https:\/\/duolifelietuva.com\/index.php?rest_route=%2Fwp%2Fv2%2Fmedia&parent=327"}],"wp:term":[{"taxonomy":"product_brand","embeddable":true,"href":"https:\/\/duolifelietuva.com\/index.php?rest_route=%2Fwp%2Fv2%2Fproduct_brand&post=327"},{"taxonomy":"product_cat","embeddable":true,"href":"https:\/\/duolifelietuva.com\/index.php?rest_route=%2Fwp%2Fv2%2Fproduct_cat&post=327"},{"taxonomy":"product_tag","embeddable":true,"href":"https:\/\/duolifelietuva.com\/index.php?rest_route=%2Fwp%2Fv2%2Fproduct_tag&post=327"}],"curies":[{"name":"wp","href":"https:\/\/api.w.org\/{rel}","templated":true}]}}