{"id":328,"date":"2024-12-24T15:21:49","date_gmt":"2024-12-24T15:21:49","guid":{"rendered":"https:\/\/duolifelietuva.com\/?post_type=product&#038;p=328"},"modified":"2025-05-23T08:06:55","modified_gmt":"2025-05-23T08:06:55","slug":"duolife-ashwagandha","status":"publish","type":"product","link":"https:\/\/duolifelietuva.com\/?product=duolife-ashwagandha","title":{"rendered":"DUOLIFE Ashwagandha"},"content":{"rendered":"<p>**DUOLIFE Ashwagandha** \u2013 tai biologi\u0161kai aktyvus maisto papildas i\u0161 **Pure Formula** linijos, turintis unikali\u0105 formul\u0119 i\u0161 ashvagandos \u0161aknies ekstrakto koncentruotoje porcijoje. Ashwagandha turi adaptogenini\u0173 savybi\u0173 ir gerina organizmo atsparum\u0105 stresui. Padeda i\u0161laikyti atsipalaidavim\u0105, ger\u0105 fizin\u0119 ir psichin\u0119 savijaut\u0105. **DUOLIFE Ashwagandha** \u2013 tai biologi\u0161kai aktyvus maisto papildas i\u0161 **Pure Formula** linijos, turintis unikali\u0105 formul\u0119 i\u0161 ashvagandos \u0161aknies ekstrakto koncentruotoje porcijoje. Jis yra \u012fd\u0117tas \u012f kapsules i\u0161 organin\u0117s celiulioz\u0117s kilm\u0117s (HPMC) su atid\u0117tu i\u0161siskyrimu.<\/p>\n<p>**Ashwagandha**:<\/p>\n<p>&#8211; turi adaptogenini\u0173 savybi\u0173;<br \/>\n&#8211; padeda i\u0161laikyti atsipalaidavim\u0105, ger\u0105 fizin\u0119 ir psichin\u0119 savijaut\u0105;<br \/>\n&#8211; palaiko optimali\u0105 protin\u0119 ir pa\u017einimo veikl\u0105;<br \/>\n&#8211; palaiko imuniteto atsparum\u0105 stresui;<br \/>\n&#8211; palaiko seksualines funkcijas tiek moterims, tiek vyrams. Padeda i\u0161laikyti spermatozoid\u0173 judrum\u0105 ir kiek\u012f;<br \/>\n&#8211; palaiko \u0161irdies ir kraujagysli\u0173 sistem\u0105;<br \/>\n&#8211; palaiko kv\u0117pavimo sistem\u0105;<br \/>\n&#8211; padeda i\u0161laikyti odos sveikat\u0105.<\/p>\n","protected":false},"excerpt":{"rendered":"<p>**DUOLIFE Ashwagandha** \u2013 tai biologi\u0161kai aktyvus maisto papildas i\u0161 **Pure Formula** linijos, turintis unikali\u0105 formul\u0119 i\u0161 ashvagandos \u0161aknies ekstrakto koncentruotoje porcijoje. Ashwagandha turi adaptogenini\u0173 savybi\u0173 ir gerina organizmo atsparum\u0105 stresui. Padeda i\u0161laikyti atsipalaidavim\u0105, ger\u0105 fizin\u0119 ir psichin\u0119 savijaut\u0105. **DUOLIFE Ashwagandha** \u2013 tai biologi\u0161kai aktyvus maisto papildas i\u0161 **Pure Formula** linijos, turintis unikali\u0105 formul\u0119 i\u0161 ashvagandos [&#8230;]\n","protected":false},"featured_media":382,"comment_status":"open","ping_status":"closed","template":"","meta":[],"product_brand":[],"product_cat":[60],"product_tag":[],"class_list":{"0":"post-328","1":"product","2":"type-product","3":"status-publish","4":"has-post-thumbnail","6":"product_cat-naturalus-maisto-papildai","8":"first","9":"instock","10":"shipping-taxable","11":"purchasable","12":"product-type-simple"},"_links":{"self":[{"href":"https:\/\/duolifelietuva.com\/index.php?rest_route=\/wp\/v2\/product\/328","targetHints":{"allow":["GET"]}}],"collection":[{"href":"https:\/\/duolifelietuva.com\/index.php?rest_route=\/wp\/v2\/product"}],"about":[{"href":"https:\/\/duolifelietuva.com\/index.php?rest_route=\/wp\/v2\/types\/product"}],"replies":[{"embeddable":true,"href":"https:\/\/duolifelietuva.com\/index.php?rest_route=%2Fwp%2Fv2%2Fcomments&post=328"}],"wp:featuredmedia":[{"embeddable":true,"href":"https:\/\/duolifelietuva.com\/index.php?rest_route=\/wp\/v2\/media\/382"}],"wp:attachment":[{"href":"https:\/\/duolifelietuva.com\/index.php?rest_route=%2Fwp%2Fv2%2Fmedia&parent=328"}],"wp:term":[{"taxonomy":"product_brand","embeddable":true,"href":"https:\/\/duolifelietuva.com\/index.php?rest_route=%2Fwp%2Fv2%2Fproduct_brand&post=328"},{"taxonomy":"product_cat","embeddable":true,"href":"https:\/\/duolifelietuva.com\/index.php?rest_route=%2Fwp%2Fv2%2Fproduct_cat&post=328"},{"taxonomy":"product_tag","embeddable":true,"href":"https:\/\/duolifelietuva.com\/index.php?rest_route=%2Fwp%2Fv2%2Fproduct_tag&post=328"}],"curies":[{"name":"wp","href":"https:\/\/api.w.org\/{rel}","templated":true}]}}