{"id":343,"date":"2024-12-24T15:22:34","date_gmt":"2024-12-24T15:22:34","guid":{"rendered":"https:\/\/duolifelietuva.com\/?post_type=product&#038;p=343"},"modified":"2025-05-23T17:07:57","modified_gmt":"2025-05-23T17:07:57","slug":"pro-aloe-face-cleansing-gel-200ml","status":"publish","type":"product","link":"https:\/\/duolifelietuva.com\/?product=pro-aloe-face-cleansing-gel-200ml","title":{"rendered":"Pro Aloe Face Cleansing Gel 200ml"},"content":{"rendered":"<p>### **Face Cleansing Gel \u2013 \u0161velnus ir efektyvus veido prausiklis**  <\/p>\n<p>\ud83d\udca7 **\u0160velniai, bet veiksmingai pa\u0161alina ne\u0161varumus, makia\u017eo liku\u010dius ir riebal\u0173 pertekli\u0173**, nepa\u017eeisdamas odos hidrolipidinio barjero.  <\/p>\n<p>\ud83e\udeb4 **Veiksminga formul\u0117:**<br \/>\n\u2714 **8 augal\u0173 ekstrakt\u0173 kompleksas** \u2013 ramina ir maitina od\u0105<br \/>\n\u2714 **Alavij\u0173 lap\u0173 sultys** \u2013 intensyviai dr\u0117kina ir mink\u0161tina od\u0105<br \/>\n\u2714 **Vitamino PP (niacinamido) priedas** \u2013 \u0161viesina od\u0105 ir palieka apsaugin\u012f sluoksn\u012f  <\/p>\n<p>\u2728 Po naudojimo oda tampa **\u0161vytinti, \u0161vari ir paruo\u0161ta tolimesnei prie\u017ei\u016brai**.  <\/p>\n<p>\ud83d\udd39 **Tinka vis\u0173 tip\u0173 odai, \u012fskaitant jautri\u0105!**<\/p>\n","protected":false},"excerpt":{"rendered":"<p>### **Face Cleansing Gel \u2013 \u0161velnus ir efektyvus veido prausiklis** \ud83d\udca7 **\u0160velniai, bet veiksmingai pa\u0161alina ne\u0161varumus, makia\u017eo liku\u010dius ir riebal\u0173 pertekli\u0173**, nepa\u017eeisdamas odos hidrolipidinio barjero. \ud83e\udeb4 **Veiksminga formul\u0117:** \u2714 **8 augal\u0173 ekstrakt\u0173 kompleksas** \u2013 ramina ir maitina od\u0105 \u2714 **Alavij\u0173 lap\u0173 sultys** \u2013 intensyviai dr\u0117kina ir mink\u0161tina od\u0105 \u2714 **Vitamino PP (niacinamido) priedas** \u2013 \u0161viesina [&#8230;]\n","protected":false},"featured_media":397,"comment_status":"open","ping_status":"closed","template":"","meta":[],"product_brand":[],"product_cat":[61],"product_tag":[],"class_list":{"0":"post-343","1":"product","2":"type-product","3":"status-publish","4":"has-post-thumbnail","6":"product_cat-kosmetika","8":"first","9":"instock","10":"shipping-taxable","11":"purchasable","12":"product-type-simple"},"_links":{"self":[{"href":"https:\/\/duolifelietuva.com\/index.php?rest_route=\/wp\/v2\/product\/343","targetHints":{"allow":["GET"]}}],"collection":[{"href":"https:\/\/duolifelietuva.com\/index.php?rest_route=\/wp\/v2\/product"}],"about":[{"href":"https:\/\/duolifelietuva.com\/index.php?rest_route=\/wp\/v2\/types\/product"}],"replies":[{"embeddable":true,"href":"https:\/\/duolifelietuva.com\/index.php?rest_route=%2Fwp%2Fv2%2Fcomments&post=343"}],"wp:featuredmedia":[{"embeddable":true,"href":"https:\/\/duolifelietuva.com\/index.php?rest_route=\/wp\/v2\/media\/397"}],"wp:attachment":[{"href":"https:\/\/duolifelietuva.com\/index.php?rest_route=%2Fwp%2Fv2%2Fmedia&parent=343"}],"wp:term":[{"taxonomy":"product_brand","embeddable":true,"href":"https:\/\/duolifelietuva.com\/index.php?rest_route=%2Fwp%2Fv2%2Fproduct_brand&post=343"},{"taxonomy":"product_cat","embeddable":true,"href":"https:\/\/duolifelietuva.com\/index.php?rest_route=%2Fwp%2Fv2%2Fproduct_cat&post=343"},{"taxonomy":"product_tag","embeddable":true,"href":"https:\/\/duolifelietuva.com\/index.php?rest_route=%2Fwp%2Fv2%2Fproduct_tag&post=343"}],"curies":[{"name":"wp","href":"https:\/\/api.w.org\/{rel}","templated":true}]}}