{"id":344,"date":"2024-12-24T15:22:34","date_gmt":"2024-12-24T15:22:34","guid":{"rendered":"https:\/\/duolifelietuva.com\/?post_type=product&#038;p=344"},"modified":"2025-02-11T08:01:59","modified_gmt":"2025-02-11T08:01:59","slug":"pro-aloe-night-cream-50ml","status":"publish","type":"product","link":"https:\/\/duolifelietuva.com\/?product=pro-aloe-night-cream-50ml","title":{"rendered":"Pro Aloe Night Cream 50ml"},"content":{"rendered":"<p>**Pro Aloe Night Cream 50 ml \u2013 intensyviai dr\u0117kinantis ir atkuriantis naktinis kremas**  <\/p>\n<p>\ud83c\udf3f **Efektyvi naktin\u0117 prie\u017ei\u016bra i\u0161 inovatyvios \u201ePro Aloe\u201c linijos**, sukurtos vis\u0173 tip\u0173 odai, ypa\u010d reikalaujan\u010diai intensyvios regeneracijos, stiprinimo ir dr\u0117kinimo. \u0160ios kosmetikos priemon\u0117s, be verting\u0173 alavij\u0173 savybi\u0173, yra praturtintos aktyviais ingredientais, kurie veikia **sinergeti\u0161kai su alavijais** arba suteikia papildom\u0105 poveik\u012f, sustiprinant\u012f j\u0173 naud\u0105 odai.  <\/p>\n<p>\ud83d\udca7 **Gryna alavij\u0173 j\u0117ga odos atsinaujinimui!**<br \/>\n\ud83c\udf31 **Augalin\u0117s kilm\u0117s kamienin\u0117s l\u0105stel\u0117s i\u0161 alavij\u0173**,<br \/>\n\ud83d\udee1 **Prebiotikai**,<br \/>\n\ud83c\udf43 **Alavij\u0173 lap\u0173 sultys**,<br \/>\n\ud83d\udca6 **Pentavitin\u00ae kompleksas**,  <\/p>\n<p>\ud83d\udc99 **Suteikia odai pusiausvyr\u0105, atkuria nat\u016bral\u0173 pH ir dr\u0117kina vis\u0105 nakt\u012f.**  <\/p>\n<p>\u2728 **Pro Aloe Night Cream 50 ml poveikis:**<br \/>\n\u2714 Atkuria ir maitina od\u0105<br \/>\n\u2714 U\u017etikrina gil\u0173 dr\u0117kinim\u0105<br \/>\n\u2714 Stiprina apsaugin\u012f odos barjer\u0105<br \/>\n\u2714 Suteikia gaiv\u0173, pails\u0117jusios odos efekt\u0105<br \/>\n\u2714 Padeda suma\u017einti rauk\u0161li\u0173 matomum\u0105  <\/p>\n<p>\ud83c\udf19 **Nat\u016bralus odos atsinaujinimas kiekvien\u0105 nakt\u012f!**<\/p>\n","protected":false},"excerpt":{"rendered":"<p>**Pro Aloe Night Cream 50 ml \u2013 intensyviai dr\u0117kinantis ir atkuriantis naktinis kremas** \ud83c\udf3f **Efektyvi naktin\u0117 prie\u017ei\u016bra i\u0161 inovatyvios \u201ePro Aloe\u201c linijos**, sukurtos vis\u0173 tip\u0173 odai, ypa\u010d reikalaujan\u010diai intensyvios regeneracijos, stiprinimo ir dr\u0117kinimo. \u0160ios kosmetikos priemon\u0117s, be verting\u0173 alavij\u0173 savybi\u0173, yra praturtintos aktyviais ingredientais, kurie veikia **sinergeti\u0161kai su alavijais** arba suteikia papildom\u0105 poveik\u012f, sustiprinant\u012f j\u0173 [&#8230;]\n","protected":false},"featured_media":865,"comment_status":"open","ping_status":"closed","template":"","meta":[],"product_brand":[],"product_cat":[61],"product_tag":[],"class_list":{"0":"post-344","1":"product","2":"type-product","3":"status-publish","4":"has-post-thumbnail","6":"product_cat-kosmetika","8":"first","9":"instock","10":"sale","11":"shipping-taxable","12":"purchasable","13":"product-type-simple"},"_links":{"self":[{"href":"https:\/\/duolifelietuva.com\/index.php?rest_route=\/wp\/v2\/product\/344","targetHints":{"allow":["GET"]}}],"collection":[{"href":"https:\/\/duolifelietuva.com\/index.php?rest_route=\/wp\/v2\/product"}],"about":[{"href":"https:\/\/duolifelietuva.com\/index.php?rest_route=\/wp\/v2\/types\/product"}],"replies":[{"embeddable":true,"href":"https:\/\/duolifelietuva.com\/index.php?rest_route=%2Fwp%2Fv2%2Fcomments&post=344"}],"wp:featuredmedia":[{"embeddable":true,"href":"https:\/\/duolifelietuva.com\/index.php?rest_route=\/wp\/v2\/media\/865"}],"wp:attachment":[{"href":"https:\/\/duolifelietuva.com\/index.php?rest_route=%2Fwp%2Fv2%2Fmedia&parent=344"}],"wp:term":[{"taxonomy":"product_brand","embeddable":true,"href":"https:\/\/duolifelietuva.com\/index.php?rest_route=%2Fwp%2Fv2%2Fproduct_brand&post=344"},{"taxonomy":"product_cat","embeddable":true,"href":"https:\/\/duolifelietuva.com\/index.php?rest_route=%2Fwp%2Fv2%2Fproduct_cat&post=344"},{"taxonomy":"product_tag","embeddable":true,"href":"https:\/\/duolifelietuva.com\/index.php?rest_route=%2Fwp%2Fv2%2Fproduct_tag&post=344"}],"curies":[{"name":"wp","href":"https:\/\/api.w.org\/{rel}","templated":true}]}}