{"id":346,"date":"2024-12-24T15:22:34","date_gmt":"2024-12-24T15:22:34","guid":{"rendered":"https:\/\/duolifelietuva.com\/?post_type=product&#038;p=346"},"modified":"2025-02-12T12:22:39","modified_gmt":"2025-02-12T12:22:39","slug":"duolife-vita-c-powder-15-x-7g","status":"publish","type":"product","link":"https:\/\/duolifelietuva.com\/?product=duolife-vita-c-powder-15-x-7g","title":{"rendered":"DuoLife Vita C Powder 15 x 7g"},"content":{"rendered":"<p>DUOLIFE Vita C Powder \u2013 tai maisto papildas, turtingas nat\u016braliu vitaminu C, kurio aktyv\u016bs ingredientai, m.in., padeda tinkamai funkcionuoti imuninei sistemai, palaiko tinkam\u0105 kolageno gamyb\u0105, u\u017etikrinan\u010di\u0105 taisykling\u0105 kaul\u0173, kremzli\u0173, odos, kraujagysli\u0173, taip pat dant\u0173 ir danten\u0173 funkcionavim\u0105, bei padeda apsaugoti l\u0105steles nuo oksidacinio streso.<br \/>\n**Skonis:** apelsin\u0173 ir greipfrut\u0173.<br \/>\n**Vitaminas C:**<br \/>\n&#8211; a padeda tinkamai funkcionuoti imuninei sistemai;<br \/>\n&#8211; b padeda tinkamai gaminti kolagen\u0105, kad b\u016bt\u0173 u\u017etikrintas normalus kaul\u0173, kremzli\u0173, odos, kraujagysli\u0173, taip pat dant\u0173 ir danten\u0173 funkcionavimas;<br \/>\n&#8211; c padeda apsaugoti l\u0105steles nuo oksidacinio streso;<br \/>\n&#8211; prisideda prie normalaus energijos apykaitos palaikymo;<br \/>\n&#8211; padeda tinkamai funkcionuoti nerv\u0173 sistemai;<br \/>\n&#8211; padeda palaikyti normalias psichologines funkcijas;<br \/>\n&#8211; padeda suma\u017einti nuovargio ir i\u0161sekimo jausm\u0105.<br \/>\n**Amla vaisius** padeda palaikyti fizin\u0119 gerov\u0119. (ID 2858)<br \/>\n**Er\u0161k\u0117tis:**<br \/>\n&#8211; padeda apsaugoti organizm\u0105 nuo patogenini\u0173 mikroorganizm\u0173 poveikio. (ID 3682)<br \/>\n&#8211; padeda palaikyti fizin\u0119 gerov\u0119 ir palaiko organizmo apsaugines funkcijas. (ID 3680)<br \/>\n&#8211; padeda palaikyti s\u0105nari\u0173 judrum\u0105. (ID 4328)<br \/>\n&#8211; skatina \u017eaizd\u0173 gijim\u0105. (ID 4473)<br \/>\n**Grikiai** padeda palaikyti sveikas kraujagysles. (ID 2176)<br \/>\n**Forma:** milteli\u0173 paket\u0117liai tirpalo paruo\u0161imui.<\/p>\n","protected":false},"excerpt":{"rendered":"<p>DUOLIFE Vita C Powder \u2013 tai maisto papildas, turtingas nat\u016braliu vitaminu C, kurio aktyv\u016bs ingredientai, m.in., padeda tinkamai funkcionuoti imuninei sistemai, palaiko tinkam\u0105 kolageno gamyb\u0105, u\u017etikrinan\u010di\u0105 taisykling\u0105 kaul\u0173, kremzli\u0173, odos, kraujagysli\u0173, taip pat dant\u0173 ir danten\u0173 funkcionavim\u0105, bei padeda apsaugoti l\u0105steles nuo oksidacinio streso. **Skonis:** apelsin\u0173 ir greipfrut\u0173. **Vitaminas C:** &#8211; a padeda tinkamai funkcionuoti [&#8230;]\n","protected":false},"featured_media":400,"comment_status":"open","ping_status":"closed","template":"","meta":[],"product_brand":[],"product_cat":[60],"product_tag":[],"class_list":{"0":"post-346","1":"product","2":"type-product","3":"status-publish","4":"has-post-thumbnail","6":"product_cat-naturalus-maisto-papildai","8":"first","9":"instock","10":"sale","11":"shipping-taxable","12":"purchasable","13":"product-type-simple"},"_links":{"self":[{"href":"https:\/\/duolifelietuva.com\/index.php?rest_route=\/wp\/v2\/product\/346","targetHints":{"allow":["GET"]}}],"collection":[{"href":"https:\/\/duolifelietuva.com\/index.php?rest_route=\/wp\/v2\/product"}],"about":[{"href":"https:\/\/duolifelietuva.com\/index.php?rest_route=\/wp\/v2\/types\/product"}],"replies":[{"embeddable":true,"href":"https:\/\/duolifelietuva.com\/index.php?rest_route=%2Fwp%2Fv2%2Fcomments&post=346"}],"wp:featuredmedia":[{"embeddable":true,"href":"https:\/\/duolifelietuva.com\/index.php?rest_route=\/wp\/v2\/media\/400"}],"wp:attachment":[{"href":"https:\/\/duolifelietuva.com\/index.php?rest_route=%2Fwp%2Fv2%2Fmedia&parent=346"}],"wp:term":[{"taxonomy":"product_brand","embeddable":true,"href":"https:\/\/duolifelietuva.com\/index.php?rest_route=%2Fwp%2Fv2%2Fproduct_brand&post=346"},{"taxonomy":"product_cat","embeddable":true,"href":"https:\/\/duolifelietuva.com\/index.php?rest_route=%2Fwp%2Fv2%2Fproduct_cat&post=346"},{"taxonomy":"product_tag","embeddable":true,"href":"https:\/\/duolifelietuva.com\/index.php?rest_route=%2Fwp%2Fv2%2Fproduct_tag&post=346"}],"curies":[{"name":"wp","href":"https:\/\/api.w.org\/{rel}","templated":true}]}}