{"id":347,"date":"2024-12-24T15:22:34","date_gmt":"2024-12-24T15:22:34","guid":{"rendered":"https:\/\/duolifelietuva.com\/?post_type=product&#038;p=347"},"modified":"2025-05-23T17:25:53","modified_gmt":"2025-05-23T17:25:53","slug":"duolife-collagen-powder-15-x-108g","status":"publish","type":"product","link":"https:\/\/duolifelietuva.com\/?product=duolife-collagen-powder-15-x-108g","title":{"rendered":"DuoLife Collagen Powder 15 x 10,8g"},"content":{"rendered":"<p>DUOLIFE Collagen Powder \u2013 maisto papildas su kolagenu<br \/>\nDUOLIFE Collagen Powder \u2013 tai biologi\u0161kai aktyvus maisto papildas su unikaliu 6 auk\u0161tos kokyb\u0117s veikli\u0173j\u0173 med\u017eiag\u0173 deriniu, sukurtas laikantis sinergijos princip\u0173. Jis pateikiamas patogiose vienkartin\u0117se pakuot\u0117se su apelsin\u0173 ir spanguoli\u0173 skoniu bei sud\u0117tyje turi tik nat\u016bralius ingredientus.<br \/>\n\ud83c\udf3f Labai didel\u0117 kolageno doz\u0117<br \/>\n\ud83c\udf0a Praturtintas Naujosios Zelandijos \u017eali\u0173j\u0173 midij\u0173 ekstraktu<br \/>\n\ud83e\udda0 J\u016brin\u0117s kilm\u0117s dumbliai \u2013 nat\u016bralaus jodo \u0161altinis<br \/>\n\u2600 Vitaminai D3 ir E<br \/>\n\ud83e\udda0 Unikali patentuota formul\u0117 su selenu i\u0161 Saccharomyces cerevisiae mieli\u0173<br \/>\nDUOLIFE Collagen Powder nauda organizmui<br \/>\n\ud83d\udc99 Palaiko odos sveikat\u0105 (d\u0117l jodo)<br \/>\n\ud83d\udc87 Padeda i\u0161laikyti sveikus plaukus ir nagus (d\u0117l seleno)<br \/>\n\ud83d\udcaa Skatina normal\u0173 raumen\u0173 funkcionavim\u0105 (d\u0117l vitamino D)<br \/>\n\ud83e\uddb4 Prisideda prie kaul\u0173 stiprumo (d\u0117l vitamino D)<br \/>\n\ud83e\udd8b Palaiko skydliauk\u0117s veikl\u0105 ir hormon\u0173 gamyb\u0105 (d\u0117l jodo ir seleno)<br \/>\n\ud83d\udee1 Stiprina imunin\u0119 sistem\u0105 (d\u0117l vitamino D)<br \/>\n\ud83d\uded1 Apsaugo l\u0105steles nuo oksidacinio streso (d\u0117l vitamino E)<\/p>\n<p>DUOLIFE Collagen Powder \u2013 tai kompleksinis sprendimas, padedantis i\u0161laikyti gro\u017e\u012f ir ger\u0105 savijaut\u0105 i\u0161 vidaus! \ud83c\udf1f<\/p>\n","protected":false},"excerpt":{"rendered":"<p>DUOLIFE Collagen Powder \u2013 maisto papildas su kolagenu DUOLIFE Collagen Powder \u2013 tai biologi\u0161kai aktyvus maisto papildas su unikaliu 6 auk\u0161tos kokyb\u0117s veikli\u0173j\u0173 med\u017eiag\u0173 deriniu, sukurtas laikantis sinergijos princip\u0173. Jis pateikiamas patogiose vienkartin\u0117se pakuot\u0117se su apelsin\u0173 ir spanguoli\u0173 skoniu bei sud\u0117tyje turi tik nat\u016bralius ingredientus. \ud83c\udf3f Labai didel\u0117 kolageno doz\u0117 \ud83c\udf0a Praturtintas Naujosios Zelandijos \u017eali\u0173j\u0173 [&#8230;]\n","protected":false},"featured_media":401,"comment_status":"open","ping_status":"closed","template":"","meta":[],"product_brand":[],"product_cat":[60],"product_tag":[],"class_list":{"0":"post-347","1":"product","2":"type-product","3":"status-publish","4":"has-post-thumbnail","6":"product_cat-naturalus-maisto-papildai","8":"first","9":"instock","10":"shipping-taxable","11":"purchasable","12":"product-type-simple"},"_links":{"self":[{"href":"https:\/\/duolifelietuva.com\/index.php?rest_route=\/wp\/v2\/product\/347","targetHints":{"allow":["GET"]}}],"collection":[{"href":"https:\/\/duolifelietuva.com\/index.php?rest_route=\/wp\/v2\/product"}],"about":[{"href":"https:\/\/duolifelietuva.com\/index.php?rest_route=\/wp\/v2\/types\/product"}],"replies":[{"embeddable":true,"href":"https:\/\/duolifelietuva.com\/index.php?rest_route=%2Fwp%2Fv2%2Fcomments&post=347"}],"wp:featuredmedia":[{"embeddable":true,"href":"https:\/\/duolifelietuva.com\/index.php?rest_route=\/wp\/v2\/media\/401"}],"wp:attachment":[{"href":"https:\/\/duolifelietuva.com\/index.php?rest_route=%2Fwp%2Fv2%2Fmedia&parent=347"}],"wp:term":[{"taxonomy":"product_brand","embeddable":true,"href":"https:\/\/duolifelietuva.com\/index.php?rest_route=%2Fwp%2Fv2%2Fproduct_brand&post=347"},{"taxonomy":"product_cat","embeddable":true,"href":"https:\/\/duolifelietuva.com\/index.php?rest_route=%2Fwp%2Fv2%2Fproduct_cat&post=347"},{"taxonomy":"product_tag","embeddable":true,"href":"https:\/\/duolifelietuva.com\/index.php?rest_route=%2Fwp%2Fv2%2Fproduct_tag&post=347"}],"curies":[{"name":"wp","href":"https:\/\/api.w.org\/{rel}","templated":true}]}}