{"id":353,"date":"2024-12-24T15:22:54","date_gmt":"2024-12-24T15:22:54","guid":{"rendered":"https:\/\/duolifelietuva.com\/?post_type=product&#038;p=353"},"modified":"2025-05-23T17:11:47","modified_gmt":"2025-05-23T17:11:47","slug":"lazizal-rich-face-lifting-cream-50-ml-2","status":"publish","type":"product","link":"https:\/\/duolifelietuva.com\/?product=lazizal-rich-face-lifting-cream-50-ml-2","title":{"rendered":"LAZIZAL\u00ae Rich Face Lifting  Cream 50 ml"},"content":{"rendered":"<p>\ud83d\udc8e **LAZIZAL\u00ae Rich Advanced Face Lifting Cream 50 ml** sukurtas specialiai **brand\u017eiai odai**, suteikiant intensyv\u0173 **liftingo ir atjauninimo efekt\u0105**.<br \/>\n **Poveikis**<br \/>\n\u2714 **Veido kont\u016br\u0173 pagerinimas**<br \/>\n\u2714 **Odos atjauninimas**<br \/>\n\u2714 **Aki\u0173 srities efektas** \u2013 ma\u017eina tamsius ratilus ir paburkim\u0105 po akimis<br \/>\n\u2714 **Kaklo ir dekolt\u0117 srities atjauninimas**<br \/>\n\u2714 **Kaktos rauk\u0161li\u0173 ir vageli\u0173 ma\u017einimas**<br \/>\n\u2714 **Liftingo efektas aplink l\u016bpas** \u2013 pagerina l\u016bp\u0173 kont\u016br\u0105<br \/>\n\u2714 **Mimikos rauk\u0161li\u0173 ma\u017einimas** \u2013 veiksmingai ma\u017eina \u201eli\u016bto rauk\u0161l\u0119\u201c<br \/>\n\u2714 **Ma\u017eina su am\u017eiumi atsirandan\u010dias rauk\u0161les**<br \/>\n\u2714 **Sutraukia poras**<br \/>\n **Pagrindiniai privalumai**<br \/>\n\u2728 **Oda tampa stangresn\u0117 ir lygesn\u0117** \u2013 tarsi po liftingo<br \/>\n\u2728 **Padid\u0117ja odos elastingumas ir stangrumas**<br \/>\n\u2728 **Gilus maitinimas ir regeneracija**<br \/>\n\u2728 **Tinka naudoti kaip makia\u017eo pagrind\u0105**<br \/>\n\u2728 **Pastebimai ma\u017eina rauk\u0161li\u0173 kiek\u012f ir dyd\u012f**<br \/>\n\u2728 **Odos \u0161vyt\u0117jimas ir intensyvus dr\u0117kinimas**<br \/>\n\u2728 **Ramina sudirgimus**<br \/>\n **Ar \u017einojote, kad&#8230;?**<br \/>\n1\ufe0f\u20e3 **Sirtalice\u00ae ir Munapsys\u00ae** \u2013 du inovatyv\u016bs aktyvieji ingredientai, kurie suteikia **momentin\u012f liftingo efekt\u0105** ir pagerina **veido kont\u016br\u0105**.<br \/>\n2\ufe0f\u20e3 **Sud\u0117tyje yra karbamido**, kuris u\u017etikrina **dar gilesn\u012f dr\u0117kinim\u0105**.<br \/>\n3\ufe0f\u20e3 **Auk\u0161\u010diausia kokyb\u0117 ir saugumas** \u2013 kremas pateikiamas **stiklainyje su apsaugine membrana**.<br \/>\n4\ufe0f\u20e3 **Higieni\u0161kas naudojimas** \u2013 apsaugin\u0117 membrana ir mentel\u0117 u\u017etikrina produkto \u0161var\u0105.<br \/>\n5\ufe0f\u20e3 **Nuolatinis atjauninimas** \u2013 kasdien naudojant oda tampa vis gra\u017eesn\u0117 ir lygesn\u0117.<br \/>\n6\ufe0f\u20e3 **Greitas poveikis** \u2013 **rezultatas matomas jau po 30 minu\u010di\u0173**.<br \/>\n7\ufe0f\u20e3 **Nat\u016bralumo indeksas \u2013 97,23%**.  <\/p>\n<p>\ud83d\udd39 **LAZIZAL\u00ae \u2013 j\u016bs\u0173 raktas \u012f jaunatvi\u0161k\u0105 ir spindin\u010di\u0105 od\u0105!** \u2728<\/p>\n","protected":false},"excerpt":{"rendered":"<p>\ud83d\udc8e **LAZIZAL\u00ae Rich Advanced Face Lifting Cream 50 ml** sukurtas specialiai **brand\u017eiai odai**, suteikiant intensyv\u0173 **liftingo ir atjauninimo efekt\u0105**. **Poveikis** \u2714 **Veido kont\u016br\u0173 pagerinimas** \u2714 **Odos atjauninimas** \u2714 **Aki\u0173 srities efektas** \u2013 ma\u017eina tamsius ratilus ir paburkim\u0105 po akimis \u2714 **Kaklo ir dekolt\u0117 srities atjauninimas** \u2714 **Kaktos rauk\u0161li\u0173 ir vageli\u0173 ma\u017einimas** \u2714 **Liftingo efektas aplink [&#8230;]\n","protected":false},"featured_media":853,"comment_status":"open","ping_status":"closed","template":"","meta":[],"product_brand":[],"product_cat":[61],"product_tag":[],"class_list":{"0":"post-353","1":"product","2":"type-product","3":"status-publish","4":"has-post-thumbnail","6":"product_cat-kosmetika","8":"first","9":"instock","10":"shipping-taxable","11":"purchasable","12":"product-type-simple"},"_links":{"self":[{"href":"https:\/\/duolifelietuva.com\/index.php?rest_route=\/wp\/v2\/product\/353","targetHints":{"allow":["GET"]}}],"collection":[{"href":"https:\/\/duolifelietuva.com\/index.php?rest_route=\/wp\/v2\/product"}],"about":[{"href":"https:\/\/duolifelietuva.com\/index.php?rest_route=\/wp\/v2\/types\/product"}],"replies":[{"embeddable":true,"href":"https:\/\/duolifelietuva.com\/index.php?rest_route=%2Fwp%2Fv2%2Fcomments&post=353"}],"wp:featuredmedia":[{"embeddable":true,"href":"https:\/\/duolifelietuva.com\/index.php?rest_route=\/wp\/v2\/media\/853"}],"wp:attachment":[{"href":"https:\/\/duolifelietuva.com\/index.php?rest_route=%2Fwp%2Fv2%2Fmedia&parent=353"}],"wp:term":[{"taxonomy":"product_brand","embeddable":true,"href":"https:\/\/duolifelietuva.com\/index.php?rest_route=%2Fwp%2Fv2%2Fproduct_brand&post=353"},{"taxonomy":"product_cat","embeddable":true,"href":"https:\/\/duolifelietuva.com\/index.php?rest_route=%2Fwp%2Fv2%2Fproduct_cat&post=353"},{"taxonomy":"product_tag","embeddable":true,"href":"https:\/\/duolifelietuva.com\/index.php?rest_route=%2Fwp%2Fv2%2Fproduct_tag&post=353"}],"curies":[{"name":"wp","href":"https:\/\/api.w.org\/{rel}","templated":true}]}}