{"id":354,"date":"2024-12-24T15:22:54","date_gmt":"2024-12-24T15:22:54","guid":{"rendered":"https:\/\/duolifelietuva.com\/?post_type=product&#038;p=354"},"modified":"2025-05-23T16:58:16","modified_gmt":"2025-05-23T16:58:16","slug":"collagen-face-mask-50-ml","status":"publish","type":"product","link":"https:\/\/duolifelietuva.com\/?product=collagen-face-mask-50-ml","title":{"rendered":"Collagen Face Mask 50 ml"},"content":{"rendered":"<p>**Collagen Face Mask \u2013 atstatomoji veido kauk\u0117 nak\u010diai**<br \/>\n\ud83d\udc99 **Intensyviai dr\u0117kina, stangrina ir ma\u017eina rauk\u0161les!**<br \/>\n**Collagen Face Mask** \u2013 tai **regeneruojanti veido kauk\u0117 nak\u010diai**, kurios turtinga formul\u0117 paremta vertingais aktyviais ingredientais. Kauk\u0117 pasi\u017eymi **stipriu dr\u0117kinamuoju, stangrinamuoju ir maitinamuoju poveikiu**, suteikdama odai sveiko \u0161vyt\u0117jimo efekt\u0105.<br \/>\n\ud83e\udee7 **Pagrindiniai ingredientai:**<br \/>\n\u2714 **J\u016brin\u0117s kilm\u0117s kolagenas** \u2013 stiprina od\u0105 ir skatina jos elastingum\u0105<br \/>\n\u2714 **5 tip\u0173 hialurono r\u016bg\u0161\u010di\u0173 kompleksas** \u2013 intensyviai dr\u0117kina ir palaiko odos jaunatvi\u0161kum\u0105<br \/>\n\u2714 **Nat\u016bral\u016bs aktyvieji komponentai** \u2013 suteikia odai \u0161vyt\u0117jim\u0105 ir gaiv\u0105<br \/>\n\ud83c\udf19 **Kauk\u0117 specialiai sukurta nak\u010diai**, kad ryte oda atrodyt\u0173 **pails\u0117jusi, \u0161velni, sudr\u0117kinta ir atjaun\u0117jusi**.<br \/>\n **Beauty Sleep \u2013 gro\u017eio miego tendencija**<br \/>\n\ud83d\udecf\ufe0f **&#8221;Beauty Sleep&#8221;** \u2013 tai koncepcija, kuri pabr\u0117\u017eia **tinkamos vakarin\u0117s odos prie\u017ei\u016bros svarb\u0105**, siekiant ryte d\u017eiaugtis **\u0161vytin\u010dia ir atjaun\u0117jusia oda**.<br \/>\n\u2714 **Nat\u016bralumo indeksas \u2013 94,4%**<br \/>\n\u2714 **Rekomenduojama naudoti 2 kartus per savait\u0119 arba da\u017eniau \u2013 priklausomai nuo odos poreiki\u0173**<br \/>\n\ud83d\udd39 **Collagen Face Mask \u2013 j\u016bs\u0173 oda nusipelno geriausios prie\u017ei\u016bros net miegant!** \u2728<\/p>\n","protected":false},"excerpt":{"rendered":"<p>**Collagen Face Mask \u2013 atstatomoji veido kauk\u0117 nak\u010diai** \ud83d\udc99 **Intensyviai dr\u0117kina, stangrina ir ma\u017eina rauk\u0161les!** **Collagen Face Mask** \u2013 tai **regeneruojanti veido kauk\u0117 nak\u010diai**, kurios turtinga formul\u0117 paremta vertingais aktyviais ingredientais. Kauk\u0117 pasi\u017eymi **stipriu dr\u0117kinamuoju, stangrinamuoju ir maitinamuoju poveikiu**, suteikdama odai sveiko \u0161vyt\u0117jimo efekt\u0105. \ud83e\udee7 **Pagrindiniai ingredientai:** \u2714 **J\u016brin\u0117s kilm\u0117s kolagenas** \u2013 stiprina od\u0105 ir [&#8230;]\n","protected":false},"featured_media":410,"comment_status":"open","ping_status":"closed","template":"","meta":[],"product_brand":[],"product_cat":[61],"product_tag":[],"class_list":{"0":"post-354","1":"product","2":"type-product","3":"status-publish","4":"has-post-thumbnail","6":"product_cat-kosmetika","8":"first","9":"instock","10":"shipping-taxable","11":"purchasable","12":"product-type-simple"},"_links":{"self":[{"href":"https:\/\/duolifelietuva.com\/index.php?rest_route=\/wp\/v2\/product\/354","targetHints":{"allow":["GET"]}}],"collection":[{"href":"https:\/\/duolifelietuva.com\/index.php?rest_route=\/wp\/v2\/product"}],"about":[{"href":"https:\/\/duolifelietuva.com\/index.php?rest_route=\/wp\/v2\/types\/product"}],"replies":[{"embeddable":true,"href":"https:\/\/duolifelietuva.com\/index.php?rest_route=%2Fwp%2Fv2%2Fcomments&post=354"}],"wp:featuredmedia":[{"embeddable":true,"href":"https:\/\/duolifelietuva.com\/index.php?rest_route=\/wp\/v2\/media\/410"}],"wp:attachment":[{"href":"https:\/\/duolifelietuva.com\/index.php?rest_route=%2Fwp%2Fv2%2Fmedia&parent=354"}],"wp:term":[{"taxonomy":"product_brand","embeddable":true,"href":"https:\/\/duolifelietuva.com\/index.php?rest_route=%2Fwp%2Fv2%2Fproduct_brand&post=354"},{"taxonomy":"product_cat","embeddable":true,"href":"https:\/\/duolifelietuva.com\/index.php?rest_route=%2Fwp%2Fv2%2Fproduct_cat&post=354"},{"taxonomy":"product_tag","embeddable":true,"href":"https:\/\/duolifelietuva.com\/index.php?rest_route=%2Fwp%2Fv2%2Fproduct_tag&post=354"}],"curies":[{"name":"wp","href":"https:\/\/api.w.org\/{rel}","templated":true}]}}