{"id":356,"date":"2024-12-24T15:22:54","date_gmt":"2024-12-24T15:22:54","guid":{"rendered":"https:\/\/duolifelietuva.com\/?post_type=product&#038;p=356"},"modified":"2025-05-23T17:22:30","modified_gmt":"2025-05-23T17:22:30","slug":"duolife-regenoil-liquid-gold","status":"publish","type":"product","link":"https:\/\/duolifelietuva.com\/?product=duolife-regenoil-liquid-gold","title":{"rendered":"DuoLife RegenOil Liquid Gold\u2122"},"content":{"rendered":"<p>**Biologinis aktyvus priedas DUOLIFE RegenOil Liquid Gold\u00ae** \u2013 tai 13 nerafinuot\u0173 augalini\u0173 aliej\u0173, gaut\u0173 \u0161alto spaudimo b\u016bdu, mi\u0161inys. \u0160is biologinis aktyvus priedas i\u0161laiko optimali\u0105 omega-3 ir omega-6 r\u016bg\u0161\u010di\u0173 bei vitamin\u0173 D3, K2 MK7 ir E pusiausvyr\u0105. Aktyv\u016bs ingredientai, esantys \u0161iame produkte, pavyzd\u017eiui, padeda i\u0161laikyti sveikus kaulus ir dantis, tinkamai funkcionuoti raumenims, imuninei sistemai ir apsaugo l\u0105steles nuo oksidacinio streso.<\/p>\n<p>**DUOLIFE RegenOil Liquid Gold\u00ae** \u2013 tai biologinis aktyvus priedas skystos formos, sudarytas i\u0161 kruop\u0161\u010diai atrinkt\u0173 nat\u016brali\u0173 komponent\u0173, kurie sudaro unikali\u0105 kompozicij\u0105 pagal sinergijos principus. **DUOLIFE RegenOil Liquid Gold\u00ae** \u2013 tai 13 nerafinuot\u0173 augalini\u0173 aliej\u0173 mi\u0161inys, gautas \u0161alto spaudimo b\u016bdu, i\u0161laikantis optimali\u0105 omega r\u016bg\u0161\u010di\u0173 pusiausvyr\u0105. Papildomai, \u0161is produktas yra vitamino K2 MK7, gauto i\u0161 natto ekstrakto, vitamino D3, gauto i\u0161 samanos, ir vitamino E, gauto i\u0161 saul\u0117gr\u0105\u017e\u0173 aliejaus, \u0161altinis.<\/p>\n<p>**DUOLIFE RegenOil Liquid Gold\u00ae** sud\u0117tis: 13 augalini\u0173 aliej\u0173 (saul\u0117gr\u0105\u017e\u0173 aliejus, lin\u0173 s\u0117men\u0173 aliejus, kukur\u016bz\u0173 aliejus, saul\u0117gr\u0105\u017e\u0173 aliejus su \u0161altalanki\u0173 ekstraktu, kanapi\u0173 aliejus, graikini\u0173 rie\u0161ut\u0173 aliejus, saul\u0117gr\u0105\u017e\u0173 aliejus su \u0161laivogi\u0173 ekstraktu, kvie\u010di\u0173 gemal\u0173 aliejus, vynuogi\u0173 s\u0117kl\u0173 aliejus, sezam\u0173 aliejus, pien\u0117s s\u0117kl\u0173 aliejus, makadamij\u0173 rie\u0161ut\u0173 aliejus, kedro rie\u0161ut\u0173 aliejus), vitaminas K2 MK7, gautas i\u0161 natto ekstrakto, vitaminas D3, gautas i\u0161 samanos, ir vitaminas E (D-alfa-tokoferolis), gautas i\u0161 saul\u0117gr\u0105\u017e\u0173 aliejaus.<\/p>\n<p>&#8211; **Vitaminas D** padeda tinkamai \u012fsisavinti kalc\u012f ir fosfor\u0105.<br \/>\n&#8211; **Vitaminas D** padeda i\u0161laikyti tinkam\u0105 kalcio lyg\u012f kraujyje.<br \/>\n&#8211; **Vitaminas D** padeda i\u0161laikyti sveikus kaulus ir dantis.<br \/>\n&#8211; **Vitaminas D** padeda tinkamai veikti raumenims.<br \/>\n&#8211; **Vitaminas D** padeda tinkamai veikti imuninei sistemai.<br \/>\n&#8211; **Vitaminas D** dalyvauja l\u0105steli\u0173 dalijimosi procese.<br \/>\n&#8211; **Vitaminas E** padeda apsaugoti l\u0105steles nuo oksidacinio streso.<br \/>\n&#8211; **Vitaminas K** prisideda prie tinkamo kraujo kre\u0161\u0117jimo.<br \/>\n&#8211; **Vitaminas K** padeda i\u0161laikyti sveikus kaulus.<\/p>\n","protected":false},"excerpt":{"rendered":"<p>**Biologinis aktyvus priedas DUOLIFE RegenOil Liquid Gold\u00ae** \u2013 tai 13 nerafinuot\u0173 augalini\u0173 aliej\u0173, gaut\u0173 \u0161alto spaudimo b\u016bdu, mi\u0161inys. \u0160is biologinis aktyvus priedas i\u0161laiko optimali\u0105 omega-3 ir omega-6 r\u016bg\u0161\u010di\u0173 bei vitamin\u0173 D3, K2 MK7 ir E pusiausvyr\u0105. Aktyv\u016bs ingredientai, esantys \u0161iame produkte, pavyzd\u017eiui, padeda i\u0161laikyti sveikus kaulus ir dantis, tinkamai funkcionuoti raumenims, imuninei sistemai ir apsaugo [&#8230;]\n","protected":false},"featured_media":412,"comment_status":"open","ping_status":"closed","template":"","meta":[],"product_brand":[],"product_cat":[60],"product_tag":[],"class_list":{"0":"post-356","1":"product","2":"type-product","3":"status-publish","4":"has-post-thumbnail","6":"product_cat-naturalus-maisto-papildai","8":"first","9":"instock","10":"shipping-taxable","11":"purchasable","12":"product-type-simple"},"_links":{"self":[{"href":"https:\/\/duolifelietuva.com\/index.php?rest_route=\/wp\/v2\/product\/356","targetHints":{"allow":["GET"]}}],"collection":[{"href":"https:\/\/duolifelietuva.com\/index.php?rest_route=\/wp\/v2\/product"}],"about":[{"href":"https:\/\/duolifelietuva.com\/index.php?rest_route=\/wp\/v2\/types\/product"}],"replies":[{"embeddable":true,"href":"https:\/\/duolifelietuva.com\/index.php?rest_route=%2Fwp%2Fv2%2Fcomments&post=356"}],"wp:featuredmedia":[{"embeddable":true,"href":"https:\/\/duolifelietuva.com\/index.php?rest_route=\/wp\/v2\/media\/412"}],"wp:attachment":[{"href":"https:\/\/duolifelietuva.com\/index.php?rest_route=%2Fwp%2Fv2%2Fmedia&parent=356"}],"wp:term":[{"taxonomy":"product_brand","embeddable":true,"href":"https:\/\/duolifelietuva.com\/index.php?rest_route=%2Fwp%2Fv2%2Fproduct_brand&post=356"},{"taxonomy":"product_cat","embeddable":true,"href":"https:\/\/duolifelietuva.com\/index.php?rest_route=%2Fwp%2Fv2%2Fproduct_cat&post=356"},{"taxonomy":"product_tag","embeddable":true,"href":"https:\/\/duolifelietuva.com\/index.php?rest_route=%2Fwp%2Fv2%2Fproduct_tag&post=356"}],"curies":[{"name":"wp","href":"https:\/\/api.w.org\/{rel}","templated":true}]}}