{"id":364,"date":"2024-12-24T15:23:17","date_gmt":"2024-12-24T15:23:17","guid":{"rendered":"https:\/\/duolifelietuva.com\/?post_type=product&#038;p=364"},"modified":"2025-05-23T08:16:58","modified_gmt":"2025-05-23T08:16:58","slug":"duolife-medical-formula-promigren","status":"publish","type":"product","link":"https:\/\/duolifelietuva.com\/?product=duolife-medical-formula-promigren","title":{"rendered":"DuoLife Medical Formula ProMigren\u00ae"},"content":{"rendered":"<p>**ProMigren\u00ae** \u2013 tai biologinis aktyvus priedas kapsuli\u0173 forma, sudarytas i\u0161 kruop\u0161\u010diai atrinkt\u0173 nat\u016bralios kilm\u0117s ingredient\u0173, kurie, be kit\u0173 naud\u0173, prisideda prie optimalaus protinio ir pa\u017einimo aktyvumo palaikymo, padeda nerv\u0173 sistemai tinkamai funkcionuoti ir, kaip antioksidantai, padeda apsaugoti l\u0105steles nuo laisv\u0173j\u0173 radikal\u0173 destruktyvaus poveikio. **ProMigren\u00ae** \u2013 tai produktas, pagamintas i\u0161 kruop\u0161\u010diai atrinkt\u0173 nat\u016bralios kilm\u0117s ingredient\u0173, kurie sudaro unikali\u0105 kompozicij\u0105 pagal sinergijos princip\u0105. Biologinis aktyvus priedas **ProMigren\u00ae** yra patentuotos **ProMigren\u00ae** formul\u0117s derinys, gautas i\u0161 mangostano vaisi\u0173, vitamino B2, ro\u017ein\u0117s rodijos \u0161akn\u0173 ekstrakto, dvimet\u0117s r\u016bg\u0161tyn\u0117s s\u0117kl\u0173 ir kit\u0173 verting\u0173 augalini\u0173 ingredient\u0173.<\/p>\n<p>**ProMigren\u00ae** sud\u0117tis: patentuota **ProMigren\u00ae** formul\u0117 i\u0161 mangostano vaisi\u0173, ro\u017ein\u0117s rodijos ekstraktas, dvimet\u0117s r\u016bg\u0161tyn\u0117s s\u0117kl\u0173 ekstraktas, mergel\u0117s ramun\u0117l\u0117s ekstraktas, riboflavinas (vitaminas B2).<\/p>\n<p>&#8211; **Ro\u017ein\u0117 rodija** padeda palaikyti optimal\u0173 protin\u012f ir pa\u017einimo aktyvum\u0105. (ID 3877)<br \/>\n&#8211; **Ro\u017ein\u0117 rodija** yra adaptogenas, kuris palaiko nerv\u0173 sistemos darb\u0105. (ID 2659)<br \/>\n&#8211; **Ro\u017ein\u0117 rodija** yra antioksidantas; padeda apsaugoti l\u0105steles nuo nepalankaus laisv\u0173j\u0173 radikal\u0173 poveikio. (ID 2829)<br \/>\n&#8211; **Mergel\u0117s ramun\u0117l\u0117** padeda palaikyti ger\u0105 fizin\u0119 ir psichin\u0119 savijaut\u0105, taip pat su\u0161velninti menopauz\u0117s simptomus. (ID 3607)<br \/>\n&#8211; **Mergel\u0117s ramun\u0117l\u0117** prisideda prie organizmo atsipalaidavimo. (ID 3887)<br \/>\n&#8211; **Mergel\u0117s ramun\u0117l\u0117** padeda i\u0161laikyti ai\u0161k\u0173 prot\u0105 ir atsipalaidavimo b\u016bsen\u0105. (ID 4145)<br \/>\n&#8211; **Mergel\u0117s ramun\u0117l\u0117** padeda palaikyti tinkam\u0105 kraujotak\u0105. (ID 3608)<br \/>\n&#8211; **Riboflavinas** padeda tinkamai funkcionuoti nerv\u0173 sistemai.<br \/>\n&#8211; **Riboflavinas** prisideda prie normalios energijos apykaitos palaikymo.<br \/>\n&#8211; **Riboflavinas** padeda apsaugoti l\u0105steles nuo oksidacinio streso.<br \/>\n&#8211; **Riboflavinas** prisideda prie nuovargio jausmo ma\u017einimo.<br \/>\n&#8211; **Oslininkas** yra prostaglandin\u0173 pirmtakas, kuris padeda reguliuoti organizmo metabolinius procesus. (ID 2864)<\/p>\n","protected":false},"excerpt":{"rendered":"<p>**ProMigren\u00ae** \u2013 tai biologinis aktyvus priedas kapsuli\u0173 forma, sudarytas i\u0161 kruop\u0161\u010diai atrinkt\u0173 nat\u016bralios kilm\u0117s ingredient\u0173, kurie, be kit\u0173 naud\u0173, prisideda prie optimalaus protinio ir pa\u017einimo aktyvumo palaikymo, padeda nerv\u0173 sistemai tinkamai funkcionuoti ir, kaip antioksidantai, padeda apsaugoti l\u0105steles nuo laisv\u0173j\u0173 radikal\u0173 destruktyvaus poveikio. **ProMigren\u00ae** \u2013 tai produktas, pagamintas i\u0161 kruop\u0161\u010diai atrinkt\u0173 nat\u016bralios kilm\u0117s ingredient\u0173, kurie [&#8230;]\n","protected":false},"featured_media":414,"comment_status":"open","ping_status":"closed","template":"","meta":[],"product_brand":[],"product_cat":[60],"product_tag":[],"class_list":{"0":"post-364","1":"product","2":"type-product","3":"status-publish","4":"has-post-thumbnail","6":"product_cat-naturalus-maisto-papildai","8":"first","9":"instock","10":"shipping-taxable","11":"purchasable","12":"product-type-simple"},"_links":{"self":[{"href":"https:\/\/duolifelietuva.com\/index.php?rest_route=\/wp\/v2\/product\/364","targetHints":{"allow":["GET"]}}],"collection":[{"href":"https:\/\/duolifelietuva.com\/index.php?rest_route=\/wp\/v2\/product"}],"about":[{"href":"https:\/\/duolifelietuva.com\/index.php?rest_route=\/wp\/v2\/types\/product"}],"replies":[{"embeddable":true,"href":"https:\/\/duolifelietuva.com\/index.php?rest_route=%2Fwp%2Fv2%2Fcomments&post=364"}],"wp:featuredmedia":[{"embeddable":true,"href":"https:\/\/duolifelietuva.com\/index.php?rest_route=\/wp\/v2\/media\/414"}],"wp:attachment":[{"href":"https:\/\/duolifelietuva.com\/index.php?rest_route=%2Fwp%2Fv2%2Fmedia&parent=364"}],"wp:term":[{"taxonomy":"product_brand","embeddable":true,"href":"https:\/\/duolifelietuva.com\/index.php?rest_route=%2Fwp%2Fv2%2Fproduct_brand&post=364"},{"taxonomy":"product_cat","embeddable":true,"href":"https:\/\/duolifelietuva.com\/index.php?rest_route=%2Fwp%2Fv2%2Fproduct_cat&post=364"},{"taxonomy":"product_tag","embeddable":true,"href":"https:\/\/duolifelietuva.com\/index.php?rest_route=%2Fwp%2Fv2%2Fproduct_tag&post=364"}],"curies":[{"name":"wp","href":"https:\/\/api.w.org\/{rel}","templated":true}]}}