{"id":365,"date":"2024-12-24T15:23:17","date_gmt":"2024-12-24T15:23:17","guid":{"rendered":"https:\/\/duolifelietuva.com\/?post_type=product&#038;p=365"},"modified":"2025-02-10T18:20:57","modified_gmt":"2025-02-10T18:20:57","slug":"duolife-medical-formula-borelisspro","status":"publish","type":"product","link":"https:\/\/duolifelietuva.com\/?product=duolife-medical-formula-borelisspro","title":{"rendered":"DuoLife Medical Formula BorelissPro\u00ae"},"content":{"rendered":"<p>**BorelissPro\u00ae** \u2013 tai biologinis aktyvus priedas kapsuli\u0173 forma, sudarytas i\u0161 kruop\u0161\u010diai atrinkt\u0173 nat\u016bralios kilm\u0117s ingredient\u0173, kurie, be kita ko, turi antibakterini\u0173 savybi\u0173a ir prisideda prie tinkamo imunin\u0117s sistemos veikimo.<\/p>\n<p>**BorelissPro\u00ae** i\u0161 **DUOLIFE** \u2013 tai produktas, sukurtas i\u0161 kruop\u0161\u010diai atrinkt\u0173 nat\u016brali\u0173 komponent\u0173, kurie sukuria unikali\u0105 kompozicij\u0105 pagal sinergijos princip\u0105. **BorelissPro\u00ae** i\u0161 **DUOLIFE** \u2013 tai patentuota **BorelissPro\u00ae** formul\u0117, gauta i\u0161 saus\u0173 vaisi\u0173, dar\u017eovi\u0173 ir \u017eoleli\u0173 ekstrakt\u0173 mi\u0161inio, \u010desnako ekstrakto ir daugelio kit\u0173 verting\u0173 augalini\u0173 komponent\u0173.<\/p>\n<p>**BorelissPro\u00ae** sud\u0117tis: ekstraktas i\u0161 kadagio lap\u0173, patentuota **BorelissPro\u00ae** formul\u0117, gauta i\u0161 saus\u0173 vaisi\u0173, dar\u017eovi\u0173 ir \u017eoleli\u0173 ekstrakt\u0173 mi\u0161inio skirtingomis proporcijomis, \u0161aknies **Reynoutria japonica** ekstraktas, \u010desnako ekstraktas, **oregano** lap\u0173 ekstraktas, **wormwood** \u0161aknies ekstraktas.<\/p>\n<p>&#8211; **\u010cesnakas** turi antibakterin\u012f poveik\u012f. (ID 3209)<br \/>\n&#8211; **\u010cesnakas** padeda tinkamai funkcionuoti imuninei sistemai. (ID 1990)<br \/>\n&#8211; **Oregano** palaiko vir\u0161utini\u0173 kv\u0117pavimo tak\u0173 funkcijas ir organizmo imunitet\u0105. (ID 2469)<\/p>\n","protected":false},"excerpt":{"rendered":"<p>**BorelissPro\u00ae** \u2013 tai biologinis aktyvus priedas kapsuli\u0173 forma, sudarytas i\u0161 kruop\u0161\u010diai atrinkt\u0173 nat\u016bralios kilm\u0117s ingredient\u0173, kurie, be kita ko, turi antibakterini\u0173 savybi\u0173a ir prisideda prie tinkamo imunin\u0117s sistemos veikimo. **BorelissPro\u00ae** i\u0161 **DUOLIFE** \u2013 tai produktas, sukurtas i\u0161 kruop\u0161\u010diai atrinkt\u0173 nat\u016brali\u0173 komponent\u0173, kurie sukuria unikali\u0105 kompozicij\u0105 pagal sinergijos princip\u0105. **BorelissPro\u00ae** i\u0161 **DUOLIFE** \u2013 tai patentuota **BorelissPro\u00ae** [&#8230;]\n","protected":false},"featured_media":415,"comment_status":"open","ping_status":"closed","template":"","meta":[],"product_brand":[],"product_cat":[15],"product_tag":[],"class_list":{"0":"post-365","1":"product","2":"type-product","3":"status-publish","4":"has-post-thumbnail","6":"product_cat-uncategorized","8":"first","9":"instock","10":"sale","11":"shipping-taxable","12":"purchasable","13":"product-type-simple"},"_links":{"self":[{"href":"https:\/\/duolifelietuva.com\/index.php?rest_route=\/wp\/v2\/product\/365","targetHints":{"allow":["GET"]}}],"collection":[{"href":"https:\/\/duolifelietuva.com\/index.php?rest_route=\/wp\/v2\/product"}],"about":[{"href":"https:\/\/duolifelietuva.com\/index.php?rest_route=\/wp\/v2\/types\/product"}],"replies":[{"embeddable":true,"href":"https:\/\/duolifelietuva.com\/index.php?rest_route=%2Fwp%2Fv2%2Fcomments&post=365"}],"wp:featuredmedia":[{"embeddable":true,"href":"https:\/\/duolifelietuva.com\/index.php?rest_route=\/wp\/v2\/media\/415"}],"wp:attachment":[{"href":"https:\/\/duolifelietuva.com\/index.php?rest_route=%2Fwp%2Fv2%2Fmedia&parent=365"}],"wp:term":[{"taxonomy":"product_brand","embeddable":true,"href":"https:\/\/duolifelietuva.com\/index.php?rest_route=%2Fwp%2Fv2%2Fproduct_brand&post=365"},{"taxonomy":"product_cat","embeddable":true,"href":"https:\/\/duolifelietuva.com\/index.php?rest_route=%2Fwp%2Fv2%2Fproduct_cat&post=365"},{"taxonomy":"product_tag","embeddable":true,"href":"https:\/\/duolifelietuva.com\/index.php?rest_route=%2Fwp%2Fv2%2Fproduct_tag&post=365"}],"curies":[{"name":"wp","href":"https:\/\/api.w.org\/{rel}","templated":true}]}}