{"id":368,"date":"2024-12-24T15:23:17","date_gmt":"2024-12-24T15:23:17","guid":{"rendered":"https:\/\/duolifelietuva.com\/?post_type=product&#038;p=368"},"modified":"2026-04-04T16:33:45","modified_gmt":"2026-04-04T16:33:45","slug":"duolife-medical-formula-prostik","status":"publish","type":"product","link":"https:\/\/duolifelietuva.com\/?product=duolife-medical-formula-prostik","title":{"rendered":"DuoLife Medical Formula ProStik\u00ae"},"content":{"rendered":"<p>**ProStik\u00ae** \u2013 tai biologinis aktyvus priedas kapsuli\u0173 forma, sudarytas i\u0161 kruop\u0161\u010diai atrinkt\u0173 nat\u016bralios kilm\u0117s ingredient\u0173, kurie, be kita ko, palaiko kaul\u0173 ir s\u0105nari\u0173 sveikat\u0105a, skatina \u017eaizd\u0173 gijim\u0105, padeda palaikyti fizin\u0119 gerov\u0119 ir apsaugo organizm\u0105 nuo kenksming\u0173 i\u0161orini\u0173 veiksni\u0173.<\/p>\n<p>**ProStik\u00ae** \u2013 tai produktas, sukurtas i\u0161 kruop\u0161\u010diai atrinkt\u0173 nat\u016brali\u0173 ingredient\u0173, kurie sukuria unikali\u0105 kompozicij\u0105 pagal sinergijos princip\u0105. Biologinis aktyvus priedas **ProStik\u00ae** \u2013 tai autorin\u0117 **ProStik\u00ae** formul\u0117, gauta i\u0161 mangostino vaisi\u0173, j\u016br\u0173 \u017euv\u0173 odos kolageno ir daugelio kit\u0173 verting\u0173 augalini\u0173 ingredient\u0173.<\/p>\n<p>**ProStik\u00ae** sud\u0117tis: kolagenas i\u0161 j\u016br\u0173 \u017euv\u0173 odos, **ProStik\u00ae** \u2013 autorin\u0117 formul\u0117 i\u0161 mangostino vaisi\u0173, **Shilajit** ekstraktas, gluosnio \u017eiev\u0117s ekstraktas, **Harpagophytum** \u0161aknies ekstraktas, **Centella Asiatica** ekstraktas, **Angelica sinensis** \u0161aknies ekstraktas.<\/p>\n<p>&#8211; **Cikorija** prisideda prie kaul\u0173 ir s\u0105nari\u0173 sveikatos. (ID 4384)<br \/>\n&#8211; **Centella Asiatica** skatina fibroblast\u0173 vystym\u0105si ir padeda \u017eaizd\u0173 gijimo procesuose. (ID 2518)<br \/>\n&#8211; **Gluosnis** padeda palaikyti sveik\u0105 mieg\u0105 ir optimali\u0105 relaksacij\u0105. Prisideda prie gero psichinio ir fizinio savijautos palaikymo. (ID 4476)<br \/>\n&#8211; **Angelica sinensis** \u0161aknis padeda apsaugoti organizm\u0105 nuo kenksming\u0173 i\u0161orini\u0173 veiksni\u0173 ir palaiko fiziologin\u012f organizmo imunitet\u0105 nepalankiomis aplinkos s\u0105lygomis. (ID 3225)<\/p>\n","protected":false},"excerpt":{"rendered":"<p>**ProStik\u00ae** \u2013 tai biologinis aktyvus priedas kapsuli\u0173 forma, sudarytas i\u0161 kruop\u0161\u010diai atrinkt\u0173 nat\u016bralios kilm\u0117s ingredient\u0173, kurie, be kita ko, palaiko kaul\u0173 ir s\u0105nari\u0173 sveikat\u0105a, skatina \u017eaizd\u0173 gijim\u0105, padeda palaikyti fizin\u0119 gerov\u0119 ir apsaugo organizm\u0105 nuo kenksming\u0173 i\u0161orini\u0173 veiksni\u0173. **ProStik\u00ae** \u2013 tai produktas, sukurtas i\u0161 kruop\u0161\u010diai atrinkt\u0173 nat\u016brali\u0173 ingredient\u0173, kurie sukuria unikali\u0105 kompozicij\u0105 pagal sinergijos princip\u0105. [&#8230;]\n","protected":false},"featured_media":754,"comment_status":"open","ping_status":"closed","template":"","meta":[],"product_brand":[],"product_cat":[60],"product_tag":[],"class_list":{"0":"post-368","1":"product","2":"type-product","3":"status-publish","4":"has-post-thumbnail","6":"product_cat-naturalus-maisto-papildai","8":"first","9":"instock","10":"shipping-taxable","11":"purchasable","12":"product-type-simple"},"_links":{"self":[{"href":"https:\/\/duolifelietuva.com\/index.php?rest_route=\/wp\/v2\/product\/368","targetHints":{"allow":["GET"]}}],"collection":[{"href":"https:\/\/duolifelietuva.com\/index.php?rest_route=\/wp\/v2\/product"}],"about":[{"href":"https:\/\/duolifelietuva.com\/index.php?rest_route=\/wp\/v2\/types\/product"}],"replies":[{"embeddable":true,"href":"https:\/\/duolifelietuva.com\/index.php?rest_route=%2Fwp%2Fv2%2Fcomments&post=368"}],"wp:featuredmedia":[{"embeddable":true,"href":"https:\/\/duolifelietuva.com\/index.php?rest_route=\/wp\/v2\/media\/754"}],"wp:attachment":[{"href":"https:\/\/duolifelietuva.com\/index.php?rest_route=%2Fwp%2Fv2%2Fmedia&parent=368"}],"wp:term":[{"taxonomy":"product_brand","embeddable":true,"href":"https:\/\/duolifelietuva.com\/index.php?rest_route=%2Fwp%2Fv2%2Fproduct_brand&post=368"},{"taxonomy":"product_cat","embeddable":true,"href":"https:\/\/duolifelietuva.com\/index.php?rest_route=%2Fwp%2Fv2%2Fproduct_cat&post=368"},{"taxonomy":"product_tag","embeddable":true,"href":"https:\/\/duolifelietuva.com\/index.php?rest_route=%2Fwp%2Fv2%2Fproduct_tag&post=368"}],"curies":[{"name":"wp","href":"https:\/\/api.w.org\/{rel}","templated":true}]}}