{"id":374,"date":"2024-12-24T15:23:38","date_gmt":"2024-12-24T15:23:38","guid":{"rendered":"https:\/\/duolifelietuva.com\/?post_type=product&#038;p=374"},"modified":"2025-05-23T08:09:00","modified_gmt":"2025-05-23T08:09:00","slug":"duolife-medical-formula-prorelaxin","status":"publish","type":"product","link":"https:\/\/duolifelietuva.com\/?product=duolife-medical-formula-prorelaxin","title":{"rendered":"DuoLife Medical Formula ProRelaxin\u00ae"},"content":{"rendered":"<p>**ProRelaxin\u00ae** \u2013 tai biologinis aktyvus priedas kapsuli\u0173 forma, sudarytas i\u0161 kruop\u0161\u010diai parinkt\u0173 nat\u016bralios kilm\u0117s ingredient\u0173, kurie, be kita ko, padeda palaikyti teigiam\u0105 nuotaik\u0105 ir prisideda prie optimalaus atsipalaidavimo, psichin\u0117s ir fizin\u0117s gerov\u0117s. Be to, jie padeda gerinti mieg\u0105, ma\u017einti \u012ftamp\u0105 ir dirglum\u0105, bei suma\u017einti nerim\u0105. **ProRelaxin\u00ae** \u2013 tai produktas, sukurtas i\u0161 kruop\u0161\u010diai parinkt\u0173 nat\u016bralios kilm\u0117s ingredient\u0173, kurie sudaro unikali\u0105 kompozicij\u0105 pagal sinergijos princip\u0105. Biologinis aktyvus priedas **ProRelaxin\u00ae** nuo **DUOLIFE** yra patentuotos **ProRelaxin\u00ae** formul\u0117s derinys, gautas i\u0161 kin\u0173 apelsino vaisi\u0173 ir daugelio verting\u0173 augalini\u0173 ingredient\u0173.<\/p>\n<p>**ProRelaxin\u00ae** sud\u0117tyje yra: patentuota **ProRelaxin\u00ae** formul\u0117 i\u0161 kin\u0173 apelsino vaisi\u0173, apyni\u0173 ekstraktas, melisos lap\u0173 ekstraktas, levand\u0173 \u017eied\u0173 ekstraktas, \u0161afrano \u017eied\u0173 ekstraktas, L-triptofanas, maki \u0161aknies ekstraktas ir spirulina.<\/p>\n<p>&#8211; **Melisa** padeda palaikyti teigiam\u0105 nuotaik\u0105, palaiko optimal\u0173 atsipalaidavim\u0105 ir psichin\u0119 bei fizin\u0119 savijaut\u0105. (ID 2085)<br \/>\n&#8211; **Melisa** padeda palaikyti ger\u0105 mieg\u0105, ma\u017eina \u012ftamp\u0105, dirglum\u0105 ir padeda suma\u017einti nerim\u0105. (ID 2302)<br \/>\n&#8211; **Melisa** padeda palaikyti nat\u016bral\u0173 hormon\u0173 balans\u0105 \u017emogaus organizme. (ID 4444)<br \/>\n&#8211; **Melisa** padeda palaikyti ger\u0105 mieg\u0105, ma\u017eina \u012ftamp\u0105, padeda suma\u017einti nerim\u0105 ir dirglum\u0105. (ID 2286)<br \/>\n&#8211; **Lavanda** prisideda prie optimalaus atsipalaidavimo, padeda palaikyti sveik\u0105 mieg\u0105 ir padeda esant funkcin\u0117ms pilvo ertm\u0117s ligoms. (ID 3925)<br \/>\n&#8211; **Apyniai** turi raminam\u0105j\u012f (sedatyvin\u012f) poveik\u012f ir prisideda prie gero miego. (ID 3710)<br \/>\n&#8211; **Apyniai** padeda moterims susidoroti su b\u016bdingais menopauz\u0117s simptomais, tokiais kaip kar\u0161\u010dio bangos, prakaitavimas, nerimas ir dirglumas. (ID 3858)<br \/>\n&#8211; **\u0160afranas** padeda palaikyti emocin\u0119 pusiausvyr\u0105, prisideda prie optimalaus atsipalaidavimo ir palaiko teigiam\u0105 nuotaik\u0105. (ID 2038)<br \/>\n&#8211; **\u0160afranas** padeda palaikyti komfort\u0105 per menstruacin\u012f cikl\u0105. (ID 2251)<\/p>\n","protected":false},"excerpt":{"rendered":"<p>**ProRelaxin\u00ae** \u2013 tai biologinis aktyvus priedas kapsuli\u0173 forma, sudarytas i\u0161 kruop\u0161\u010diai parinkt\u0173 nat\u016bralios kilm\u0117s ingredient\u0173, kurie, be kita ko, padeda palaikyti teigiam\u0105 nuotaik\u0105 ir prisideda prie optimalaus atsipalaidavimo, psichin\u0117s ir fizin\u0117s gerov\u0117s. Be to, jie padeda gerinti mieg\u0105, ma\u017einti \u012ftamp\u0105 ir dirglum\u0105, bei suma\u017einti nerim\u0105. **ProRelaxin\u00ae** \u2013 tai produktas, sukurtas i\u0161 kruop\u0161\u010diai parinkt\u0173 nat\u016bralios kilm\u0117s [&#8230;]\n","protected":false},"featured_media":425,"comment_status":"open","ping_status":"closed","template":"","meta":[],"product_brand":[],"product_cat":[60],"product_tag":[],"class_list":{"0":"post-374","1":"product","2":"type-product","3":"status-publish","4":"has-post-thumbnail","6":"product_cat-naturalus-maisto-papildai","8":"first","9":"instock","10":"shipping-taxable","11":"purchasable","12":"product-type-simple"},"_links":{"self":[{"href":"https:\/\/duolifelietuva.com\/index.php?rest_route=\/wp\/v2\/product\/374","targetHints":{"allow":["GET"]}}],"collection":[{"href":"https:\/\/duolifelietuva.com\/index.php?rest_route=\/wp\/v2\/product"}],"about":[{"href":"https:\/\/duolifelietuva.com\/index.php?rest_route=\/wp\/v2\/types\/product"}],"replies":[{"embeddable":true,"href":"https:\/\/duolifelietuva.com\/index.php?rest_route=%2Fwp%2Fv2%2Fcomments&post=374"}],"wp:featuredmedia":[{"embeddable":true,"href":"https:\/\/duolifelietuva.com\/index.php?rest_route=\/wp\/v2\/media\/425"}],"wp:attachment":[{"href":"https:\/\/duolifelietuva.com\/index.php?rest_route=%2Fwp%2Fv2%2Fmedia&parent=374"}],"wp:term":[{"taxonomy":"product_brand","embeddable":true,"href":"https:\/\/duolifelietuva.com\/index.php?rest_route=%2Fwp%2Fv2%2Fproduct_brand&post=374"},{"taxonomy":"product_cat","embeddable":true,"href":"https:\/\/duolifelietuva.com\/index.php?rest_route=%2Fwp%2Fv2%2Fproduct_cat&post=374"},{"taxonomy":"product_tag","embeddable":true,"href":"https:\/\/duolifelietuva.com\/index.php?rest_route=%2Fwp%2Fv2%2Fproduct_tag&post=374"}],"curies":[{"name":"wp","href":"https:\/\/api.w.org\/{rel}","templated":true}]}}