{"id":375,"date":"2024-12-24T15:23:38","date_gmt":"2024-12-24T15:23:38","guid":{"rendered":"https:\/\/duolifelietuva.com\/?post_type=product&#038;p=375"},"modified":"2025-02-10T17:54:03","modified_gmt":"2025-02-10T17:54:03","slug":"duolife-medical-formula-prodeacid","status":"publish","type":"product","link":"https:\/\/duolifelietuva.com\/?product=duolife-medical-formula-prodeacid","title":{"rendered":"DuoLife Medical Formula ProDeacid\u00ae"},"content":{"rendered":"<p>**ProDeacid\u00ae** \u2013 tai produktas kapsuli\u0173 forma, turintis kruop\u0161\u010diai parinktus nat\u016bralios kilm\u0117s komponentus. \u0160ie komponentai sudaro unikali\u0105 kompozicij\u0105 pagal sinergijos princip\u0105. Biologinis aktyvus priedas **ProDeacid\u00ae** yra patentuotos **ProDeacid\u00ae** formul\u0117s derinys, gautas i\u0161 saus\u0173 vaisi\u0173 ir dar\u017eovi\u0173 ekstrakt\u0173 mi\u0161inio, burok\u0117li\u0173, bakla\u017ean\u0173, greipfrut\u0173 ekstrakto ir daugelio kit\u0173 verting\u0173 augalini\u0173 ingredient\u0173.<\/p>\n<p>**ProDeacid\u00ae** sud\u0117tyje yra: raudon\u0173j\u0173 burok\u0117li\u0173 ekstraktas, bakla\u017ean\u0173 ekstraktas, mango vaisi\u0173 ekstraktas, kivi vaisi\u0173 ekstraktas, patentuota **ProDeacid\u00ae** antioksidant\u0173 formul\u0117, gauta i\u0161 saus\u0173 vaisi\u0173 ir dar\u017eovi\u0173 ekstrakt\u0173 mi\u0161inio, greipfrut\u0173 ekstraktas, vynuogi\u0173 vaisi\u0173 ekstraktas, proso s\u0117kl\u0173 ekstraktas.<\/p>\n<p>&#8211; **Paprastasis cikorijus** palaiko kepen\u0173 veikl\u0105. (ID 2012)<br \/>\n&#8211; **Vynuogi\u0173 s\u0117kl\u0173 ekstraktas** turi antioksidacini\u0173 savybi\u0173. Prisideda prie l\u0105steli\u0173 membran\u0173 apsaugos nuo \u017ealingo laisv\u0173j\u0173 radikal\u0173 poveikio. (ID 4721)<br \/>\n&#8211; **Vynuogi\u0173 vaisi\u0173 ekstraktas** padeda svorio ma\u017einimo procese ir celiulito ma\u017einime. (ID 2735)<br \/>\n&#8211; **Vynuogi\u0173 s\u0117kl\u0173 ekstraktas** prisideda prie veninio kraujotakos pagerinimo. (ID 2139)<\/p>\n","protected":false},"excerpt":{"rendered":"<p>**ProDeacid\u00ae** \u2013 tai produktas kapsuli\u0173 forma, turintis kruop\u0161\u010diai parinktus nat\u016bralios kilm\u0117s komponentus. \u0160ie komponentai sudaro unikali\u0105 kompozicij\u0105 pagal sinergijos princip\u0105. Biologinis aktyvus priedas **ProDeacid\u00ae** yra patentuotos **ProDeacid\u00ae** formul\u0117s derinys, gautas i\u0161 saus\u0173 vaisi\u0173 ir dar\u017eovi\u0173 ekstrakt\u0173 mi\u0161inio, burok\u0117li\u0173, bakla\u017ean\u0173, greipfrut\u0173 ekstrakto ir daugelio kit\u0173 verting\u0173 augalini\u0173 ingredient\u0173. **ProDeacid\u00ae** sud\u0117tyje yra: raudon\u0173j\u0173 burok\u0117li\u0173 ekstraktas, bakla\u017ean\u0173 ekstraktas, [&#8230;]\n","protected":false},"featured_media":426,"comment_status":"open","ping_status":"closed","template":"","meta":[],"product_brand":[],"product_cat":[15],"product_tag":[],"class_list":{"0":"post-375","1":"product","2":"type-product","3":"status-publish","4":"has-post-thumbnail","6":"product_cat-uncategorized","8":"first","9":"instock","10":"sale","11":"shipping-taxable","12":"purchasable","13":"product-type-simple"},"_links":{"self":[{"href":"https:\/\/duolifelietuva.com\/index.php?rest_route=\/wp\/v2\/product\/375","targetHints":{"allow":["GET"]}}],"collection":[{"href":"https:\/\/duolifelietuva.com\/index.php?rest_route=\/wp\/v2\/product"}],"about":[{"href":"https:\/\/duolifelietuva.com\/index.php?rest_route=\/wp\/v2\/types\/product"}],"replies":[{"embeddable":true,"href":"https:\/\/duolifelietuva.com\/index.php?rest_route=%2Fwp%2Fv2%2Fcomments&post=375"}],"wp:featuredmedia":[{"embeddable":true,"href":"https:\/\/duolifelietuva.com\/index.php?rest_route=\/wp\/v2\/media\/426"}],"wp:attachment":[{"href":"https:\/\/duolifelietuva.com\/index.php?rest_route=%2Fwp%2Fv2%2Fmedia&parent=375"}],"wp:term":[{"taxonomy":"product_brand","embeddable":true,"href":"https:\/\/duolifelietuva.com\/index.php?rest_route=%2Fwp%2Fv2%2Fproduct_brand&post=375"},{"taxonomy":"product_cat","embeddable":true,"href":"https:\/\/duolifelietuva.com\/index.php?rest_route=%2Fwp%2Fv2%2Fproduct_cat&post=375"},{"taxonomy":"product_tag","embeddable":true,"href":"https:\/\/duolifelietuva.com\/index.php?rest_route=%2Fwp%2Fv2%2Fproduct_tag&post=375"}],"curies":[{"name":"wp","href":"https:\/\/api.w.org\/{rel}","templated":true}]}}