{"id":376,"date":"2024-12-24T15:23:38","date_gmt":"2024-12-24T15:23:38","guid":{"rendered":"https:\/\/duolifelietuva.com\/?post_type=product&#038;p=376"},"modified":"2025-05-23T17:27:11","modified_gmt":"2025-05-23T17:27:11","slug":"duolife-medical-formula-prosugar","status":"publish","type":"product","link":"https:\/\/duolifelietuva.com\/?product=duolife-medical-formula-prosugar","title":{"rendered":"DuoLife Medical Formula ProSugar\u00ae"},"content":{"rendered":"<p>**ProSugar\u00ae** \u2013 tai biologinis aktyvus priedas kapsuli\u0173 forma, sudarytas i\u0161 kruop\u0161\u010diai parinkt\u0173 nat\u016bralios kilm\u0117s ingredient\u0173, kurie, be kita ko, padeda palaikyti normal\u0173 cukraus (gliukoz\u0117s) lyg\u012f kraujyje, prisideda prie angliavandeni\u0173 apykaitos pusiausvyros organizme, palaiko vir\u0161kinim\u0105 ir svorio ma\u017einimo proces\u0105. **ProSugar\u00ae** \u2013 tai produktas, sukurtas i\u0161 kruop\u0161\u010diai parinkt\u0173 nat\u016bralios kilm\u0117s ingredient\u0173, kurie sudaro unikali\u0105 kompozicij\u0105 pagal sinergijos princip\u0105. Biologinis aktyvus priedas **ProSugar\u00ae** \u2013 tai patentuota **ProSugar\u00ae** formul\u0117, gauta i\u0161 \u0161ieno er\u0161k\u0117\u010di\u0173 s\u0117kl\u0173, cinamono \u017eiev\u0117s milteli\u0173, baltosios gervuogi\u0173 lap\u0173 ekstrakto, Aristotelijos vaisi\u0173 ekstrakto ir daugelio kit\u0173 verting\u0173 augalin\u0117s kilm\u0117s ingredient\u0173.<\/p>\n<p>**ProSugar\u00ae** sud\u0117tyje yra: patentuota **ProSugar\u00ae** formul\u0117 i\u0161 \u0161ieno er\u0161k\u0117\u010di\u0173 s\u0117kl\u0173, paprastojo cikorijaus \u0161akn\u0173 ekstraktas, baltosios gervuogi\u0173 ekstraktas, pupeli\u0173 s\u0117kl\u0173 ekstraktas, o\u017erag\u0117s lap\u0173 ekstraktas ir Aristotelijos vaisi\u0173 ekstraktas.<\/p>\n<p>&#8211; **Cinamonas** padeda i\u0161laikyti tinkam\u0105 gliukoz\u0117s lyg\u012f kraujyje. (ID 3323)<br \/>\n&#8211; **Cinamonas** palaiko vir\u0161kinim\u0105. (ID 2014)<br \/>\n&#8211; **Cinamonas** palaiko kraujotakos sistem\u0105 ir padeda i\u0161laikyti tinkam\u0105 lipid\u0173 lyg\u012f kraujyje. Skatina ger\u0173j\u0173 (HDL) cholesterolio gamyb\u0105. (ID 2017)<br \/>\n&#8211; **\u0160ieno er\u0161k\u0117tis** padeda i\u0161laikyti tinkam\u0105 cukraus lyg\u012f kraujyje. (ID 3622)<br \/>\n&#8211; **\u0160ieno er\u0161k\u0117tis** padeda palaikyti tinkam\u0105 skrand\u017eio sul\u010di\u0173 pH. (ID 3623)<br \/>\n&#8211; **\u0160ieno er\u0161k\u0117tis** padeda kontroliuoti cholesterolio ir triglicerid\u0173 apykait\u0105 laikantis subalansuotos mitybos. (ID 3832)<br \/>\n&#8211; **\u0160ieno er\u0161k\u0117tis** palaiko vir\u0161kinimo sistem\u0105 ir padeda i\u0161laikyti ger\u0105 apetit\u0105. (ID 3952)<br \/>\n&#8211; **Baltoji gervuog\u0117** gali prisid\u0117ti prie angliavandeni\u0173 apykaitos pusiausvyros organizme. (ID 2378)<br \/>\n&#8211; **Paprastasis cikorijus** padeda numesti svor\u012f. (ID 2702)<br \/>\n&#8211; **Paprastasis cikorijus** palaiko \u017earnyno sveikat\u0105, gerina vir\u0161kinim\u0105 ir skatina vir\u0161kinimo skys\u010di\u0173 gamyb\u0105. (ID 2011)<br \/>\n&#8211; **Paprastasis cikorijus** padeda i\u0161laikyti sveikas kepenis. (ID 2012)<br \/>\n&#8211; **Paprastasis cikorijus** padeda i\u0161laikyti sveik\u0105 \u0161ird\u012f. (ID 2416)<\/p>\n","protected":false},"excerpt":{"rendered":"<p>**ProSugar\u00ae** \u2013 tai biologinis aktyvus priedas kapsuli\u0173 forma, sudarytas i\u0161 kruop\u0161\u010diai parinkt\u0173 nat\u016bralios kilm\u0117s ingredient\u0173, kurie, be kita ko, padeda palaikyti normal\u0173 cukraus (gliukoz\u0117s) lyg\u012f kraujyje, prisideda prie angliavandeni\u0173 apykaitos pusiausvyros organizme, palaiko vir\u0161kinim\u0105 ir svorio ma\u017einimo proces\u0105. **ProSugar\u00ae** \u2013 tai produktas, sukurtas i\u0161 kruop\u0161\u010diai parinkt\u0173 nat\u016bralios kilm\u0117s ingredient\u0173, kurie sudaro unikali\u0105 kompozicij\u0105 pagal sinergijos [&#8230;]\n","protected":false},"featured_media":427,"comment_status":"open","ping_status":"closed","template":"","meta":[],"product_brand":[],"product_cat":[60],"product_tag":[],"class_list":{"0":"post-376","1":"product","2":"type-product","3":"status-publish","4":"has-post-thumbnail","6":"product_cat-naturalus-maisto-papildai","8":"first","9":"instock","10":"shipping-taxable","11":"purchasable","12":"product-type-simple"},"_links":{"self":[{"href":"https:\/\/duolifelietuva.com\/index.php?rest_route=\/wp\/v2\/product\/376","targetHints":{"allow":["GET"]}}],"collection":[{"href":"https:\/\/duolifelietuva.com\/index.php?rest_route=\/wp\/v2\/product"}],"about":[{"href":"https:\/\/duolifelietuva.com\/index.php?rest_route=\/wp\/v2\/types\/product"}],"replies":[{"embeddable":true,"href":"https:\/\/duolifelietuva.com\/index.php?rest_route=%2Fwp%2Fv2%2Fcomments&post=376"}],"wp:featuredmedia":[{"embeddable":true,"href":"https:\/\/duolifelietuva.com\/index.php?rest_route=\/wp\/v2\/media\/427"}],"wp:attachment":[{"href":"https:\/\/duolifelietuva.com\/index.php?rest_route=%2Fwp%2Fv2%2Fmedia&parent=376"}],"wp:term":[{"taxonomy":"product_brand","embeddable":true,"href":"https:\/\/duolifelietuva.com\/index.php?rest_route=%2Fwp%2Fv2%2Fproduct_brand&post=376"},{"taxonomy":"product_cat","embeddable":true,"href":"https:\/\/duolifelietuva.com\/index.php?rest_route=%2Fwp%2Fv2%2Fproduct_cat&post=376"},{"taxonomy":"product_tag","embeddable":true,"href":"https:\/\/duolifelietuva.com\/index.php?rest_route=%2Fwp%2Fv2%2Fproduct_tag&post=376"}],"curies":[{"name":"wp","href":"https:\/\/api.w.org\/{rel}","templated":true}]}}