{"id":377,"date":"2024-12-24T15:23:38","date_gmt":"2024-12-24T15:23:38","guid":{"rendered":"https:\/\/duolifelietuva.com\/?post_type=product&#038;p=377"},"modified":"2025-05-23T08:11:04","modified_gmt":"2025-05-23T08:11:04","slug":"duolife-medical-formula-procholterol","status":"publish","type":"product","link":"https:\/\/duolifelietuva.com\/?product=duolife-medical-formula-procholterol","title":{"rendered":"DuoLife Medical Formula ProCholterol\u00ae"},"content":{"rendered":"<p>**Minimalus galiojimo laikas: 2025.10.23.**<\/p>\n<p>**ProCholterol\u00ae** \u2013 tai biologinis aktyvus priedas kapsuli\u0173 forma, sudarytas i\u0161 kruop\u0161\u010diai parinkt\u0173 nat\u016bralios kilm\u0117s ingredient\u0173, kurie, be kita ko, padeda kontroliuoti lipid\u0173 apykait\u0105 (cholesterol\u012f ir trigliceridus) subalansuotos mitybos d\u0117ka ir yra nat\u016bralus \u0161altinis, palaikantis fiziologin\u012f riebal\u0173 balans\u0105 kraujyje. Be to, \u0161ie ingredientai padeda palaikyti normali\u0105 kepen\u0173 veikl\u0105, prisideda prie vir\u0161kinimo ir organizmo valymo.<\/p>\n<p>**ProCholterol\u00ae** \u2013 tai produktas, sudarytas i\u0161 kruop\u0161\u010diai parinkt\u0173 nat\u016bralios kilm\u0117s ingredient\u0173, kurie kuria unikali\u0105 kompozicij\u0105 pagal sinergijos princip\u0105. Biologinis aktyvus priedas **ProCholterol\u00ae** \u2013 tai autorin\u0117 **ProCholterol\u00ae** formul\u0117, gauta i\u0161 indin\u0117s opuncijos lap\u0173 ir raudonojo ry\u017ei\u0173 ekstrakto, fermentuoto su miel\u0117mis, amlos vaisi\u0173 ekstrakto, augalini\u0173 fitosterin\u0173, gaut\u0173 i\u0161 soj\u0173 s\u0117kl\u0173 aliejaus ekstrakto, ir daugelio kit\u0173 verting\u0173 augalin\u0117s kilm\u0117s ingredient\u0173.<\/p>\n<p>**ProCholterol\u00ae** sud\u0117tyje yra: amlos vaisi\u0173 ekstraktas, raudonasis ry\u017eiai, fermentuoti su miel\u0117mis, autorin\u0117 **ProCholterol\u00ae** formul\u0117, gauta i\u0161 indin\u0117s opuncijos lap\u0173, \u010desnako ekstraktas, Gynostemma pentaphyllum lap\u0173 ekstraktas, fitosterinai, gauti i\u0161 soj\u0173 s\u0117kl\u0173 aliejaus ekstrakto, Bakopos Monnier ekstraktas.<\/p>\n<p>&#8211; **Gynostemma pentaphyllum**, laikantis subalansuotos mitybos, padeda kontroliuoti lipid\u0173 apykait\u0105 (cholesterol\u012f ir trigliceridus). Tai nat\u016bralus \u0161altinis, palaikantis fiziologin\u012f riebal\u0173 balans\u0105 kraujyje. (ID 3376)<br \/>\n&#8211; **Gynostemma pentaphyllum** padeda palaikyti normali\u0105 kepen\u0173 veikl\u0105, prisideda prie vir\u0161kinimo ir organizmo valymo. (ID 3379)<br \/>\n&#8211; **\u010cesnakas** prisideda prie optimalaus \u0161irdies darbo, palaiko tinkam\u0105 cholesterolio lyg\u012f ir teising\u0105 lipid\u0173 kiek\u012f kraujyje. Jis taip pat padeda palaikyti kraujagysles geros b\u016bkl\u0117s. (ID 1992)<br \/>\n&#8211; **\u010cesnakas** padeda palaikyti optimali\u0105 kepen\u0173 veikl\u0105. (ID 1994)<br \/>\n&#8211; **Nopal (opuncija indin\u0117)** padeda numesti svor\u012f, kontroliuoti gliukoz\u0117s lyg\u012f kraujyje, reguliuoja apetit\u0105 ir prisideda prie optimalaus riebal\u0173 apykaitos palaikymo, kas padeda kontroliuoti svor\u012f. (ID 2733)<\/p>\n","protected":false},"excerpt":{"rendered":"<p>**Minimalus galiojimo laikas: 2025.10.23.** **ProCholterol\u00ae** \u2013 tai biologinis aktyvus priedas kapsuli\u0173 forma, sudarytas i\u0161 kruop\u0161\u010diai parinkt\u0173 nat\u016bralios kilm\u0117s ingredient\u0173, kurie, be kita ko, padeda kontroliuoti lipid\u0173 apykait\u0105 (cholesterol\u012f ir trigliceridus) subalansuotos mitybos d\u0117ka ir yra nat\u016bralus \u0161altinis, palaikantis fiziologin\u012f riebal\u0173 balans\u0105 kraujyje. Be to, \u0161ie ingredientai padeda palaikyti normali\u0105 kepen\u0173 veikl\u0105, prisideda prie vir\u0161kinimo ir [&#8230;]\n","protected":false},"featured_media":428,"comment_status":"open","ping_status":"closed","template":"","meta":[],"product_brand":[],"product_cat":[60],"product_tag":[],"class_list":{"0":"post-377","1":"product","2":"type-product","3":"status-publish","4":"has-post-thumbnail","6":"product_cat-naturalus-maisto-papildai","8":"first","9":"instock","10":"shipping-taxable","11":"purchasable","12":"product-type-simple"},"_links":{"self":[{"href":"https:\/\/duolifelietuva.com\/index.php?rest_route=\/wp\/v2\/product\/377","targetHints":{"allow":["GET"]}}],"collection":[{"href":"https:\/\/duolifelietuva.com\/index.php?rest_route=\/wp\/v2\/product"}],"about":[{"href":"https:\/\/duolifelietuva.com\/index.php?rest_route=\/wp\/v2\/types\/product"}],"replies":[{"embeddable":true,"href":"https:\/\/duolifelietuva.com\/index.php?rest_route=%2Fwp%2Fv2%2Fcomments&post=377"}],"wp:featuredmedia":[{"embeddable":true,"href":"https:\/\/duolifelietuva.com\/index.php?rest_route=\/wp\/v2\/media\/428"}],"wp:attachment":[{"href":"https:\/\/duolifelietuva.com\/index.php?rest_route=%2Fwp%2Fv2%2Fmedia&parent=377"}],"wp:term":[{"taxonomy":"product_brand","embeddable":true,"href":"https:\/\/duolifelietuva.com\/index.php?rest_route=%2Fwp%2Fv2%2Fproduct_brand&post=377"},{"taxonomy":"product_cat","embeddable":true,"href":"https:\/\/duolifelietuva.com\/index.php?rest_route=%2Fwp%2Fv2%2Fproduct_cat&post=377"},{"taxonomy":"product_tag","embeddable":true,"href":"https:\/\/duolifelietuva.com\/index.php?rest_route=%2Fwp%2Fv2%2Fproduct_tag&post=377"}],"curies":[{"name":"wp","href":"https:\/\/api.w.org\/{rel}","templated":true}]}}