{"id":383,"date":"2024-12-24T15:24:02","date_gmt":"2024-12-24T15:24:02","guid":{"rendered":"https:\/\/duolifelietuva.com\/?post_type=product&#038;p=383"},"modified":"2025-05-23T08:10:11","modified_gmt":"2025-05-23T08:10:11","slug":"duolife-clinical-formula-probactilardii","status":"publish","type":"product","link":"https:\/\/duolifelietuva.com\/?product=duolife-clinical-formula-probactilardii","title":{"rendered":"DuoLife Clinical Formula ProBactilardii\u00ae"},"content":{"rendered":"<p>**ProBactilardii\u00ae** yra kompleksinis biologinis aktyvus priedas, susidedantis i\u0161 2 tarpusavyje papildan\u010di\u0173 kapsuli\u0173. Kapsul\u0117 **Synbiotic** turi prebiotik\u0105 (akacij\u0173 skaidul\u0173 forma) ir patentuot\u0105 probiotin\u012f preparat\u0105 **BACTILARDII\u00ae**, sudaryt\u0105 i\u0161 4 bakterij\u0173 \u0161tam\u0173 ir 1 mieli\u0173 \u0161tamo, kuri\u0173 gyvybingumas u\u017etikrinamas vis\u0105 produkto galiojimo laik\u0105. Kapsul\u0117 **Postbiotic** \u2013 turi postbiotik\u0105, pagr\u012fst\u0105 sviesto r\u016bg\u0161timi.<\/p>\n<p>**ProBactilardii\u00ae** i\u0161siskiria ne tik inovatyvia sud\u0117timi, bet ir patentuota formule bei patentuota pakuote, kuri u\u017etikrina maksimal\u0173 mikroorganizm\u0173 \u0161tam\u0173 apsaug\u0105, esan\u010di\u0173 kapsul\u0117je. <\/p>\n<p>**Inovatyvi sud\u0117tis** \u2013 prebiotiko, probiotiko ir postbiotiko derinys viename produkte.<\/p>\n<p>**PROBIOTIKAI** \u2013 tai produktai, kuriuose yra gyv\u0173, atrinkt\u0173 mikroorganizm\u0173 \u0161tam\u0173, palaikan\u010di\u0173 \u017emogaus organizm\u0105, i\u0161laikant \u017earnyno mikrobiotos pusiausvyr\u0105. \u0160tamai, esantys **ProBactilardii\u00ae**, turi pla\u010diai klinikiniu b\u016bdu patvirtint\u0173 verting\u0173 savybi\u0173.<\/p>\n<p>**PREBIOTIKAI** \u2013 tai produktai, naudojami nauding\u0173 mikroorganizm\u0173 mikrofloroje (pagrinde \u017earnyne, ta\u010diau ne tik), padedantys teisingam \u017emogaus organizmo funkcionavimui. Akacij\u0173 skaidulos, naudojamos **ProBactilardii\u00ae**, priklauso tirpi\u0173 skaidul\u0173 frakcijai.<\/p>\n<p>**POSTBIOTIKAI** \u2013 tai vis\u0173 bioaktyvi\u0173 ingredient\u0173, kuriuos gamina bakterijos (pavyzd\u017eiui, fermentacijos metu), rinkinys, palaikantis \u017emogaus organizm\u0105. Taip pat **ProBactilardii\u00ae** sud\u0117tyje yra sviesto r\u016bg\u0161ties. J\u0105 gamina bakterijos storajame \u017earnyne, o papildomas jos vartojimas papildais gali prisid\u0117ti prie sviesto r\u016bg\u0161ties veikimo \u017earnyne.<\/p>\n","protected":false},"excerpt":{"rendered":"<p>**ProBactilardii\u00ae** yra kompleksinis biologinis aktyvus priedas, susidedantis i\u0161 2 tarpusavyje papildan\u010di\u0173 kapsuli\u0173. Kapsul\u0117 **Synbiotic** turi prebiotik\u0105 (akacij\u0173 skaidul\u0173 forma) ir patentuot\u0105 probiotin\u012f preparat\u0105 **BACTILARDII\u00ae**, sudaryt\u0105 i\u0161 4 bakterij\u0173 \u0161tam\u0173 ir 1 mieli\u0173 \u0161tamo, kuri\u0173 gyvybingumas u\u017etikrinamas vis\u0105 produkto galiojimo laik\u0105. Kapsul\u0117 **Postbiotic** \u2013 turi postbiotik\u0105, pagr\u012fst\u0105 sviesto r\u016bg\u0161timi. **ProBactilardii\u00ae** i\u0161siskiria ne tik inovatyvia sud\u0117timi, bet [&#8230;]\n","protected":false},"featured_media":429,"comment_status":"open","ping_status":"closed","template":"","meta":[],"product_brand":[],"product_cat":[60],"product_tag":[],"class_list":{"0":"post-383","1":"product","2":"type-product","3":"status-publish","4":"has-post-thumbnail","6":"product_cat-naturalus-maisto-papildai","8":"first","9":"instock","10":"shipping-taxable","11":"purchasable","12":"product-type-simple"},"_links":{"self":[{"href":"https:\/\/duolifelietuva.com\/index.php?rest_route=\/wp\/v2\/product\/383","targetHints":{"allow":["GET"]}}],"collection":[{"href":"https:\/\/duolifelietuva.com\/index.php?rest_route=\/wp\/v2\/product"}],"about":[{"href":"https:\/\/duolifelietuva.com\/index.php?rest_route=\/wp\/v2\/types\/product"}],"replies":[{"embeddable":true,"href":"https:\/\/duolifelietuva.com\/index.php?rest_route=%2Fwp%2Fv2%2Fcomments&post=383"}],"wp:featuredmedia":[{"embeddable":true,"href":"https:\/\/duolifelietuva.com\/index.php?rest_route=\/wp\/v2\/media\/429"}],"wp:attachment":[{"href":"https:\/\/duolifelietuva.com\/index.php?rest_route=%2Fwp%2Fv2%2Fmedia&parent=383"}],"wp:term":[{"taxonomy":"product_brand","embeddable":true,"href":"https:\/\/duolifelietuva.com\/index.php?rest_route=%2Fwp%2Fv2%2Fproduct_brand&post=383"},{"taxonomy":"product_cat","embeddable":true,"href":"https:\/\/duolifelietuva.com\/index.php?rest_route=%2Fwp%2Fv2%2Fproduct_cat&post=383"},{"taxonomy":"product_tag","embeddable":true,"href":"https:\/\/duolifelietuva.com\/index.php?rest_route=%2Fwp%2Fv2%2Fproduct_tag&post=383"}],"curies":[{"name":"wp","href":"https:\/\/api.w.org\/{rel}","templated":true}]}}