{"id":384,"date":"2024-12-24T15:24:02","date_gmt":"2024-12-24T15:24:02","guid":{"rendered":"https:\/\/duolifelietuva.com\/?post_type=product&#038;p=384"},"modified":"2025-05-23T17:20:16","modified_gmt":"2025-05-23T17:20:16","slug":"duolife-clinical-formula-prooptical","status":"publish","type":"product","link":"https:\/\/duolifelietuva.com\/?product=duolife-clinical-formula-prooptical","title":{"rendered":"DuoLife Clinical Formula ProOptical\u00ae"},"content":{"rendered":"<p>**ProOptical\u00ae \u2013 pa\u017eangi aki\u0173 prie\u017ei\u016bra**  <\/p>\n<p>**ProOptical\u00ae** \u2013 tai biologi\u0161kai aktyvus maisto papildas, sudarytas i\u0161 **dviej\u0173 kapsuli\u0173 r\u016b\u0161i\u0173**. Jame esantys vertingi aktyvieji ingredientai paskirstyti \u012f **mink\u0161t\u0105j\u0105 \u201esoftgel\u201c kapsul\u0119** ir **kiet\u0105j\u0105 kapsul\u0119**, kad veikliosios med\u017eiagos b\u016bt\u0173 optimaliai pasisavinamos organizme.<br \/>\n **Mink\u0161toji \u201esoftgel\u201c kapsul\u0117**<br \/>\n\ud83d\udc8a **Sud\u0117tyje yra karotinoid\u0173:**<br \/>\n\u2714 Luteinas<br \/>\n\u2714 Zeaksantinas<br \/>\n\u2714 Oleorezinas i\u0161 **Haematococcus pluvialis** dumbli\u0173, turtingas astaksantinu  <\/p>\n<p>\ud83d\udc9c **Patentuota augalini\u0173 ekstrakt\u0173 formul\u0117**, standartizuota 25 % antocianin\u0173:<br \/>\n\u2714 Juodavais\u0117s aronijos uog\u0173 ekstraktas<br \/>\n\u2714 M\u0117lynosios sausmed\u017eio uog\u0173 ekstraktas<br \/>\n\u2714 M\u0117lyni\u0173 ekstraktas  <\/p>\n<p>\ud83c\udf3f **Perilos s\u0117kl\u0173 aliejus**<br \/>\n **Kietoji kapsul\u0117**<br \/>\n\ud83d\udc8e **Patentuota formul\u0117 i\u0161 inaktyvuot\u0173 Saccharomyces cerevisiae mieli\u0173 l\u0105steli\u0173**, standartizuota 5 % cinko kiekiui.  <\/p>\n<p>\ud83c\udf31 **Vertingi augaliniai ekstraktai:**<br \/>\n\u2714 Juodavais\u0117s aronijos uog\u0173 ekstraktas<br \/>\n\u2714 Juodosios \u0161eivamed\u017eio uog\u0173 ekstraktas<br \/>\n\u2714 Juod\u0173j\u0173 serbent\u0173 lap\u0173 ekstraktas<br \/>\n\u2714 Kinini\u0173 citrinvy\u010di\u0173 vaisi\u0173 ekstraktas<br \/>\n\u2714 Pomidor\u0173 ekstraktas<br \/>\n\u2714 Vynuogi\u0173 s\u0117kl\u0173 ekstraktas<br \/>\n\u2714 \u0160afrano s\u0117kl\u0173 ekstraktas<br \/>\n **ProOptical\u00ae privalumai**<br \/>\n\u2705 **Cinkas** padeda i\u0161saugoti ger\u0105 reg\u0117jim\u0105.<br \/>\n\u2705 **M\u0117lyni\u0173 uogos** palaiko aki\u0173 ai\u0161kum\u0105, reg\u0117jimo a\u0161trum\u0105, tinklain\u0117s funkcijas, kraujotak\u0105 akyse bei nat\u016brali\u0105 apsaug\u0105 nuo laisv\u0173j\u0173 radikal\u0173. (ID 2050)<br \/>\n\u2705 **Antocianozidai i\u0161 m\u0117lyni\u0173** palaiko tinklain\u0117s funkcijas ir gali pad\u0117ti i\u0161saugoti kapiliar\u0173 b\u016bkl\u0119 bei kraujagysli\u0173 elastingum\u0105. (ID 1295, ID 1297)<br \/>\n\u2705 **Vynuogi\u0173 s\u0117kl\u0173 ekstraktas** palaiko venin\u0119 kraujotak\u0105 ir apsaugo nuo laisv\u0173j\u0173 radikal\u0173 poveikio. (ID 2139)<br \/>\n\u2705 **Kinini\u0173 citrinvy\u010di\u0173 vaisi\u0173 ekstraktas** turi adaptogenini\u0173 savybi\u0173. (ID 4142)<br \/>\n\u2705 **Cinkas** prisideda prie vitamino A metabolizmo palaikymo ir padeda apsaugoti l\u0105steles nuo oksidacinio streso.<br \/>\n\u2705 **Vitamino C** svarba:<br \/>\n\u2714 Padeda tinkamai gaminti kolagen\u0105, reikaling\u0105 kraujagysli\u0173 funkcijai palaikyti.<br \/>\n\u2714 Saugo l\u0105steles nuo oksidacinio streso.<br \/>\n **Kas i\u0161skiria ProOptical\u00ae?**<br \/>\n\ud83d\udd39 **Dviej\u0173 kapsuli\u0173 sistema** \u2013 atskirai pateikiami riebaluose ir vandenyje tirp\u016bs ingredientai u\u017etikrina j\u0173 geresn\u012f pasisavinim\u0105.<br \/>\n\ud83d\udd39 **Nat\u016bral\u016bs augaliniai ekstraktai** \u2013 turtingi karotinoidais, flavonoidais ir polifenoliais.<br \/>\n\ud83d\udd39 **Moksliniais tyrimais pagr\u012fstos formul\u0117s** \u2013 patentuotos sudedamosios dalys su ai\u0161kiai apibr\u0117\u017etu veikli\u0173j\u0173 med\u017eiag\u0173 kiekiu.<br \/>\n**ProOptical\u00ae** \u2013 tai inovatyvus sprendimas j\u016bs\u0173 reg\u0117jimui! \ud83d\udc41\u2728<\/p>\n","protected":false},"excerpt":{"rendered":"<p>**ProOptical\u00ae \u2013 pa\u017eangi aki\u0173 prie\u017ei\u016bra** **ProOptical\u00ae** \u2013 tai biologi\u0161kai aktyvus maisto papildas, sudarytas i\u0161 **dviej\u0173 kapsuli\u0173 r\u016b\u0161i\u0173**. Jame esantys vertingi aktyvieji ingredientai paskirstyti \u012f **mink\u0161t\u0105j\u0105 \u201esoftgel\u201c kapsul\u0119** ir **kiet\u0105j\u0105 kapsul\u0119**, kad veikliosios med\u017eiagos b\u016bt\u0173 optimaliai pasisavinamos organizme. **Mink\u0161toji \u201esoftgel\u201c kapsul\u0117** \ud83d\udc8a **Sud\u0117tyje yra karotinoid\u0173:** \u2714 Luteinas \u2714 Zeaksantinas \u2714 Oleorezinas i\u0161 **Haematococcus pluvialis** dumbli\u0173, turtingas [&#8230;]\n","protected":false},"featured_media":430,"comment_status":"open","ping_status":"closed","template":"","meta":[],"product_brand":[],"product_cat":[60],"product_tag":[],"class_list":{"0":"post-384","1":"product","2":"type-product","3":"status-publish","4":"has-post-thumbnail","6":"product_cat-naturalus-maisto-papildai","8":"first","9":"instock","10":"shipping-taxable","11":"purchasable","12":"product-type-simple"},"_links":{"self":[{"href":"https:\/\/duolifelietuva.com\/index.php?rest_route=\/wp\/v2\/product\/384","targetHints":{"allow":["GET"]}}],"collection":[{"href":"https:\/\/duolifelietuva.com\/index.php?rest_route=\/wp\/v2\/product"}],"about":[{"href":"https:\/\/duolifelietuva.com\/index.php?rest_route=\/wp\/v2\/types\/product"}],"replies":[{"embeddable":true,"href":"https:\/\/duolifelietuva.com\/index.php?rest_route=%2Fwp%2Fv2%2Fcomments&post=384"}],"wp:featuredmedia":[{"embeddable":true,"href":"https:\/\/duolifelietuva.com\/index.php?rest_route=\/wp\/v2\/media\/430"}],"wp:attachment":[{"href":"https:\/\/duolifelietuva.com\/index.php?rest_route=%2Fwp%2Fv2%2Fmedia&parent=384"}],"wp:term":[{"taxonomy":"product_brand","embeddable":true,"href":"https:\/\/duolifelietuva.com\/index.php?rest_route=%2Fwp%2Fv2%2Fproduct_brand&post=384"},{"taxonomy":"product_cat","embeddable":true,"href":"https:\/\/duolifelietuva.com\/index.php?rest_route=%2Fwp%2Fv2%2Fproduct_cat&post=384"},{"taxonomy":"product_tag","embeddable":true,"href":"https:\/\/duolifelietuva.com\/index.php?rest_route=%2Fwp%2Fv2%2Fproduct_tag&post=384"}],"curies":[{"name":"wp","href":"https:\/\/api.w.org\/{rel}","templated":true}]}}