{"id":385,"date":"2024-12-24T15:24:02","date_gmt":"2024-12-24T15:24:02","guid":{"rendered":"https:\/\/duolifelietuva.com\/?post_type=product&#038;p=385"},"modified":"2025-05-23T17:31:12","modified_gmt":"2025-05-23T17:31:12","slug":"duolife-medical-formula-proimmuno","status":"publish","type":"product","link":"https:\/\/duolifelietuva.com\/?product=duolife-medical-formula-proimmuno","title":{"rendered":"DuoLife Medical Formula ProImmuno\u00ae"},"content":{"rendered":"<p>ProImmuno\u00ae yra biologinis aktyvus priedas kapsuli\u0173 forma, sudarytas i\u0161 kruop\u0161\u010diai parinkt\u0173 nat\u016bralios kilm\u0117s ingredient\u0173, kurie padeda tinkamai veikti imunin\u0119 sistem\u0105 ir prisideda prie l\u0105steli\u0173 apsaugos nuo oksidacinio streso.<br \/>\nSud\u0117ties lentel\u0117<br \/>\nProImmuno\u00ae yra produktas, sudarytas i\u0161 kruop\u0161\u010diai parinkt\u0173 nat\u016bralios kilm\u0117s ingredient\u0173, kurie sukuria unikali\u0105 kompozicij\u0105 pagal sinergijos princip\u0105. Naudojami ingredientai yra aktyv\u016bs junginiai arba \u017ealiavos su aktyvi\u0173 sudedam\u0173j\u0173 dali\u0173 turiniu. D\u0117l to, nauding\u0173 ir verting\u0173 jungini\u0173 kiekis \u0161iuose biologiniuose aktyviuose prieduose yra tiksliai nustatytas ir garantuotas.<br \/>\nProImmuno\u00ae sud\u0117tyje yra: patentuota ProImmuno\u00ae flavonoid\u0173 formul\u0117, gauta i\u0161 japonin\u0117s soforos \u017eied\u0173, standartizuota pagal kvercetino, fosfolipid\u0173 ir luteolino kiek\u012f, patentuota cinko formul\u0117, gauta i\u0161 inaktyvuot\u0173 mieli\u0173 l\u0105steli\u0173 Saccharomyces cerevisiae, inulinas i\u0161 paprastojo cikorijaus \u0161akn\u0173, propolio ekstraktas, standartizuotas pagal galangino kiek\u012f, \u017ealiojo propolio ekstraktas, standartizuotas pagal artepilino C kiek\u012f, raudon\u0161akn\u0117s \u0161alavijo \u0161akn\u0173 ekstraktas, standartizuotas pagal tan\u0161inono IIA kiek\u012f, apigeninas i\u0161 greipfrut\u0173 vaisi\u0173.<\/p>\n<p>a Cinkas padeda imuninei sistemai tinkamai veikti.<\/p>\n<p>b Cinkas padeda apsaugoti l\u0105steles nuo oksidacinio streso.<\/p>\n<p>Cinkas dalyvauja l\u0105steli\u0173 dalijimosi procese.<\/p>\n","protected":false},"excerpt":{"rendered":"<p>ProImmuno\u00ae yra biologinis aktyvus priedas kapsuli\u0173 forma, sudarytas i\u0161 kruop\u0161\u010diai parinkt\u0173 nat\u016bralios kilm\u0117s ingredient\u0173, kurie padeda tinkamai veikti imunin\u0119 sistem\u0105 ir prisideda prie l\u0105steli\u0173 apsaugos nuo oksidacinio streso. Sud\u0117ties lentel\u0117 ProImmuno\u00ae yra produktas, sudarytas i\u0161 kruop\u0161\u010diai parinkt\u0173 nat\u016bralios kilm\u0117s ingredient\u0173, kurie sukuria unikali\u0105 kompozicij\u0105 pagal sinergijos princip\u0105. Naudojami ingredientai yra aktyv\u016bs junginiai arba \u017ealiavos su [&#8230;]\n","protected":false},"featured_media":431,"comment_status":"open","ping_status":"closed","template":"","meta":[],"product_brand":[],"product_cat":[60],"product_tag":[],"class_list":{"0":"post-385","1":"product","2":"type-product","3":"status-publish","4":"has-post-thumbnail","6":"product_cat-naturalus-maisto-papildai","8":"first","9":"instock","10":"shipping-taxable","11":"purchasable","12":"product-type-simple"},"_links":{"self":[{"href":"https:\/\/duolifelietuva.com\/index.php?rest_route=\/wp\/v2\/product\/385","targetHints":{"allow":["GET"]}}],"collection":[{"href":"https:\/\/duolifelietuva.com\/index.php?rest_route=\/wp\/v2\/product"}],"about":[{"href":"https:\/\/duolifelietuva.com\/index.php?rest_route=\/wp\/v2\/types\/product"}],"replies":[{"embeddable":true,"href":"https:\/\/duolifelietuva.com\/index.php?rest_route=%2Fwp%2Fv2%2Fcomments&post=385"}],"wp:featuredmedia":[{"embeddable":true,"href":"https:\/\/duolifelietuva.com\/index.php?rest_route=\/wp\/v2\/media\/431"}],"wp:attachment":[{"href":"https:\/\/duolifelietuva.com\/index.php?rest_route=%2Fwp%2Fv2%2Fmedia&parent=385"}],"wp:term":[{"taxonomy":"product_brand","embeddable":true,"href":"https:\/\/duolifelietuva.com\/index.php?rest_route=%2Fwp%2Fv2%2Fproduct_brand&post=385"},{"taxonomy":"product_cat","embeddable":true,"href":"https:\/\/duolifelietuva.com\/index.php?rest_route=%2Fwp%2Fv2%2Fproduct_cat&post=385"},{"taxonomy":"product_tag","embeddable":true,"href":"https:\/\/duolifelietuva.com\/index.php?rest_route=%2Fwp%2Fv2%2Fproduct_tag&post=385"}],"curies":[{"name":"wp","href":"https:\/\/api.w.org\/{rel}","templated":true}]}}