{"id":395,"date":"2024-12-24T15:24:24","date_gmt":"2024-12-24T15:24:24","guid":{"rendered":"https:\/\/duolifelietuva.com\/?post_type=product&#038;p=395"},"modified":"2025-05-23T17:24:59","modified_gmt":"2025-05-23T17:24:59","slug":"duolife-vita-c","status":"publish","type":"product","link":"https:\/\/duolifelietuva.com\/?product=duolife-vita-c","title":{"rendered":"DuoLife Vita C"},"content":{"rendered":"<p>**DUOLIFE Vita C \u2013 Nat\u016bralus imuniteto stiprintuvas**  <\/p>\n<p>**DUOLIFE Vita C** \u2013 tai biologi\u0161kai aktyvus maisto papildas skystoje formoje, kurio veikliosios med\u017eiagos prisideda prie fizin\u0117s gerov\u0117s palaikymo ir organizmo apsaugini\u0173 funkcij\u0173 stiprinimo. \u0160is papildas padeda u\u017etikrinti tinkam\u0105 imunin\u0117s sistemos veikl\u0105, suteikdamas organizmui nat\u016brali\u0173 ir verting\u0173 med\u017eiag\u0173.  <\/p>\n<p> **Nat\u016bral\u016bs ingredientai \u2013 galinga sinergija**  <\/p>\n<p>**DUOLIFE Vita C** \u2013 tai unikalus, i\u0161 kruop\u0161\u010diai atrinkt\u0173 nat\u016brali\u0173 komponent\u0173 sukurtas produktas, u\u017etikrinantis maksimali\u0105 naud\u0105 organizmui. Jo sud\u0117tyje esantys vaisi\u0173 sultys ir augal\u0173 ekstraktai, tokie kaip acerolos vaisi\u0173 ekstraktas bei mirciarijos uog\u0173 ekstraktas, u\u017etikrina optimali\u0105 vitamino C doz\u0119 ir nat\u016brali\u0105 organizmo apsaug\u0105.  <\/p>\n<p> **Sud\u0117tis:**<br \/>\n\u2714 \u0160ermuk\u0161nio sultys<br \/>\n\u2714 Acerolos vaisi\u0173 sultys (i\u0161 tyr\u0117s)<br \/>\n\u2714 Acerolos vaisi\u0173 ekstraktas<br \/>\n\u2714 Mirciarijos uog\u0173 ekstraktas  <\/p>\n<p>**DUOLIFE Vita C privalumai:**  <\/p>\n<p>\ud83d\udd38 **Imuniteto stiprinimas** \u2013 \u0161ermuk\u0161nis palaiko organizmo apsaugines funkcijas ir padeda kovoti su ligas sukelian\u010diomis bakterijomis. *(ID 3680, ID 3682)*  <\/p>\n<p>\ud83d\udd38 **Geresn\u0117 s\u0105nari\u0173 b\u016bkl\u0117** \u2013 \u0161ermuk\u0161nis padeda i\u0161laikyti s\u0105nari\u0173 lankstum\u0105 ir prisideda prie \u017eaizd\u0173 gijimo. *(ID 4328, ID 4473)*  <\/p>\n<p>\ud83d\udd38 **Vitaminas C:**<br \/>\n\u2714 Padeda tinkamai funkcionuoti imuninei sistemai<br \/>\n\u2714 Skatina kolageno gamyb\u0105, svarbi\u0105 kraujagysli\u0173, kaul\u0173, kremzli\u0173, odos, dant\u0173 ir danten\u0173 sveikatai<br \/>\n\u2714 Saugo l\u0105steles nuo oksidacinio streso<br \/>\n\u2714 Ma\u017eina nuovarg\u012f ir padeda palaikyti normal\u0173 energijos apykaitos proces\u0105<br \/>\n\u2714 Skatina normal\u0173 nerv\u0173 sistemos funkcionavim\u0105 ir psichologines funkcijas<br \/>\n\u2714 Padeda atkurti vitamino E suma\u017eint\u0105 form\u0105<br \/>\n\u2714 Didina gele\u017eies pasisavinim\u0105  <\/p>\n<p>DUOLIFE Vita C \u2013 tai nat\u016brali imunin\u0117s sistemos apsauga, kuri suteiks energijos ir u\u017etikrins ger\u0105 savijaut\u0105 kiekvien\u0105 dien\u0105!<\/p>\n","protected":false},"excerpt":{"rendered":"<p>**DUOLIFE Vita C \u2013 Nat\u016bralus imuniteto stiprintuvas** **DUOLIFE Vita C** \u2013 tai biologi\u0161kai aktyvus maisto papildas skystoje formoje, kurio veikliosios med\u017eiagos prisideda prie fizin\u0117s gerov\u0117s palaikymo ir organizmo apsaugini\u0173 funkcij\u0173 stiprinimo. \u0160is papildas padeda u\u017etikrinti tinkam\u0105 imunin\u0117s sistemos veikl\u0105, suteikdamas organizmui nat\u016brali\u0173 ir verting\u0173 med\u017eiag\u0173. **Nat\u016bral\u016bs ingredientai \u2013 galinga sinergija** **DUOLIFE Vita C** \u2013 tai [&#8230;]\n","protected":false},"featured_media":555,"comment_status":"open","ping_status":"closed","template":"","meta":[],"product_brand":[],"product_cat":[60],"product_tag":[],"class_list":{"0":"post-395","1":"product","2":"type-product","3":"status-publish","4":"has-post-thumbnail","6":"product_cat-naturalus-maisto-papildai","8":"first","9":"instock","10":"shipping-taxable","11":"purchasable","12":"product-type-simple"},"_links":{"self":[{"href":"https:\/\/duolifelietuva.com\/index.php?rest_route=\/wp\/v2\/product\/395","targetHints":{"allow":["GET"]}}],"collection":[{"href":"https:\/\/duolifelietuva.com\/index.php?rest_route=\/wp\/v2\/product"}],"about":[{"href":"https:\/\/duolifelietuva.com\/index.php?rest_route=\/wp\/v2\/types\/product"}],"replies":[{"embeddable":true,"href":"https:\/\/duolifelietuva.com\/index.php?rest_route=%2Fwp%2Fv2%2Fcomments&post=395"}],"wp:featuredmedia":[{"embeddable":true,"href":"https:\/\/duolifelietuva.com\/index.php?rest_route=\/wp\/v2\/media\/555"}],"wp:attachment":[{"href":"https:\/\/duolifelietuva.com\/index.php?rest_route=%2Fwp%2Fv2%2Fmedia&parent=395"}],"wp:term":[{"taxonomy":"product_brand","embeddable":true,"href":"https:\/\/duolifelietuva.com\/index.php?rest_route=%2Fwp%2Fv2%2Fproduct_brand&post=395"},{"taxonomy":"product_cat","embeddable":true,"href":"https:\/\/duolifelietuva.com\/index.php?rest_route=%2Fwp%2Fv2%2Fproduct_cat&post=395"},{"taxonomy":"product_tag","embeddable":true,"href":"https:\/\/duolifelietuva.com\/index.php?rest_route=%2Fwp%2Fv2%2Fproduct_tag&post=395"}],"curies":[{"name":"wp","href":"https:\/\/api.w.org\/{rel}","templated":true}]}}