{"id":404,"date":"2024-12-24T15:24:47","date_gmt":"2024-12-24T15:24:47","guid":{"rendered":"https:\/\/duolifelietuva.com\/?post_type=product&#038;p=404"},"modified":"2025-05-23T17:44:12","modified_gmt":"2025-05-23T17:44:12","slug":"duolife-fiber","status":"publish","type":"product","link":"https:\/\/duolifelietuva.com\/?product=duolife-fiber","title":{"rendered":"DuoLife Fiber"},"content":{"rendered":"<p>**DUOLIFE Fiber** \u2013 tai skystos formos maisto papildas, kuris yra turtingas maistini\u0173 skaidul\u0173, vadinam\u0173 prebiotikais, \u0161altinis. \u0160iame produkte esantys aktyv\u016bs ingredientai padeda palaikyti \u017earnyno sveikat\u0105, apsaugoti vir\u0161kinimo trakt\u0105 ir gali prisid\u0117ti prie sveikos vir\u0161kinimo sistemos gleivin\u0117s i\u0161laikymo.  <\/p>\n<p>**DUOLIFE Fiber** \u2013 tai skystos formos maisto papildas, kuriame yra kompleksas tirpi\u0173 maistini\u0173 skaidul\u0173 i\u0161 4 skirting\u0173 \u0161altini\u0173 ir patentuotos augalini\u0173 ekstrakt\u0173 formul\u0117s: **ASTRAGIN\u00ae ir BOSWELLIN\u00ae***. Produkto sud\u0117tyje yra auk\u0161\u010diausios kokyb\u0117s nat\u016brali\u0173 \u017ealiav\u0173, kurios yra turtingas maistini\u0173 skaidul\u0173 \u0161altinis.  <\/p>\n<p>**DUOLIFE Fiber** sud\u0117tyje yra: **obuoli\u0173 sultys, obuoli\u0173 tyr\u0117, citrin\u0173 sultys, SUNFIBER\u00ae*** \u2013 patentuota tirpi\u0173 skaidul\u0173 formul\u0117 i\u0161 Indijos guarini\u0173 pupeli\u0173 (galaktomanan\u0173 skaidulos), **FIBERGUM\u2122** \u2013 patentuota tirpi\u0173 skaidul\u0173 formul\u0117 i\u0161 akacij\u0173, **juzu vaisi\u0173 sultys, citrusini\u0173 vaisi\u0173 pektinas, BOSWELLIN\u00ae*** \u2013 patentuota dantytosios bosvelijos ekstrakto formul\u0117, standartizuota su 30 % bosvelio r\u016bg\u0161\u010di\u0173, **konjako amorfofalio \u0161akn\u0173 ekstraktas**, standartizuotas su 95 % gliukomanan\u0173, **ASTRAGIN\u00ae** \u2013 patentuota pluo\u0161tin\u0117s astragal\u0117s ir netikrojo \u017een\u0161enio ekstrakt\u0173 formul\u0117.  <\/p>\n<p>\ud83d\udca1 **Indi\u0161kasis smilkalmedis (Boswellia serrata)** palaiko \u017earnyno sveikat\u0105 ir apsaugo vir\u0161kinimo trakt\u0105. Taip pat gali pad\u0117ti palaikyti normali\u0105 vir\u0161kinimo sistemos gleivin\u0119. *(ID 3903)*  <\/p>\n<p>**DUOLIFE Fiber privalumai:**<br \/>\n\u2714 **100 % nat\u016bralios kilm\u0117s**<br \/>\n\u2714 **Sud\u0117tyje n\u0117ra konservant\u0173 ir GMO**<br \/>\n\u2714 **Be prid\u0117tinio cukraus**<br \/>\n\u2714 **Be glitimo**<br \/>\n\u2714 **Patent\u0173 pagrindu sukurta formul\u0117**<br \/>\n\u2714 **Skysta forma \u2013 lengvas vartojimas**<\/p>\n","protected":false},"excerpt":{"rendered":"<p>**DUOLIFE Fiber** \u2013 tai skystos formos maisto papildas, kuris yra turtingas maistini\u0173 skaidul\u0173, vadinam\u0173 prebiotikais, \u0161altinis. \u0160iame produkte esantys aktyv\u016bs ingredientai padeda palaikyti \u017earnyno sveikat\u0105, apsaugoti vir\u0161kinimo trakt\u0105 ir gali prisid\u0117ti prie sveikos vir\u0161kinimo sistemos gleivin\u0117s i\u0161laikymo. **DUOLIFE Fiber** \u2013 tai skystos formos maisto papildas, kuriame yra kompleksas tirpi\u0173 maistini\u0173 skaidul\u0173 i\u0161 4 skirting\u0173 \u0161altini\u0173 [&#8230;]\n","protected":false},"featured_media":439,"comment_status":"open","ping_status":"closed","template":"","meta":[],"product_brand":[],"product_cat":[60],"product_tag":[],"class_list":{"0":"post-404","1":"product","2":"type-product","3":"status-publish","4":"has-post-thumbnail","6":"product_cat-naturalus-maisto-papildai","8":"first","9":"instock","10":"shipping-taxable","11":"purchasable","12":"product-type-simple"},"_links":{"self":[{"href":"https:\/\/duolifelietuva.com\/index.php?rest_route=\/wp\/v2\/product\/404","targetHints":{"allow":["GET"]}}],"collection":[{"href":"https:\/\/duolifelietuva.com\/index.php?rest_route=\/wp\/v2\/product"}],"about":[{"href":"https:\/\/duolifelietuva.com\/index.php?rest_route=\/wp\/v2\/types\/product"}],"replies":[{"embeddable":true,"href":"https:\/\/duolifelietuva.com\/index.php?rest_route=%2Fwp%2Fv2%2Fcomments&post=404"}],"wp:featuredmedia":[{"embeddable":true,"href":"https:\/\/duolifelietuva.com\/index.php?rest_route=\/wp\/v2\/media\/439"}],"wp:attachment":[{"href":"https:\/\/duolifelietuva.com\/index.php?rest_route=%2Fwp%2Fv2%2Fmedia&parent=404"}],"wp:term":[{"taxonomy":"product_brand","embeddable":true,"href":"https:\/\/duolifelietuva.com\/index.php?rest_route=%2Fwp%2Fv2%2Fproduct_brand&post=404"},{"taxonomy":"product_cat","embeddable":true,"href":"https:\/\/duolifelietuva.com\/index.php?rest_route=%2Fwp%2Fv2%2Fproduct_cat&post=404"},{"taxonomy":"product_tag","embeddable":true,"href":"https:\/\/duolifelietuva.com\/index.php?rest_route=%2Fwp%2Fv2%2Fproduct_tag&post=404"}],"curies":[{"name":"wp","href":"https:\/\/api.w.org\/{rel}","templated":true}]}}