{"id":440,"date":"2024-12-24T15:27:05","date_gmt":"2024-12-24T15:27:05","guid":{"rendered":"https:\/\/duolifelietuva.com\/?post_type=product&#038;p=440"},"modified":"2026-02-14T23:10:01","modified_gmt":"2026-02-14T23:10:01","slug":"pro-collagen-body-butter-200-ml","status":"publish","type":"product","link":"https:\/\/duolifelietuva.com\/?product=pro-collagen-body-butter-200-ml","title":{"rendered":"Pro Collagen Body Butter 200 ml"},"content":{"rendered":"<p>**Collagen Body Butter \u2013 stiprinantis ir modeliuojantis k\u016bno sviestas**  <\/p>\n<p>**Collagen Body Butter** \u2013 tai intensyviai dr\u0117kinantis, stangrinantis ir odos elastingum\u0105 gerinantis k\u016bno sviestas. Sud\u0117tyje esantis unikalus **HyalFive 24\/7 Nutri-Form\u2122** kompleksas sujungia **5 hialurono r\u016bg\u0161ties formas, kolagen\u0105, 8 augal\u0173 ekstraktus, acerolos ekstrakt\u0105, avokad\u0173 aliej\u0173, taukmed\u017eio sviest\u0105, kakavos sviest\u0105, beta\u012f ir karbamid\u0105**.<br \/>\n\ud83d\udd39 **Giliai dr\u0117kina ir maitina od\u0105**<br \/>\n\ud83d\udd39 **Padeda atkurti odos elastingum\u0105**<br \/>\n\ud83d\udd39 **Suteikia odai stangrumo**<br \/>\n\ud83d\udd39 **Formuoja apsaugin\u012f odos barjer\u0105**<br \/>\n\ud83d\udd39 **\u0160velnina sudirgimus ir sausos odos problemas**<br \/>\n **Odos sveikata \u2013 j\u016bs\u0173 geros savijautos dalis**<br \/>\nOdos b\u016bkl\u0117 glaud\u017eiai susijusi su m\u016bs\u0173 bendra sveikata ir savijauta. Ji ne tik saugo organizm\u0105 nuo i\u0161orini\u0173 veiksni\u0173, bet ir atspindi m\u016bs\u0173 gyvenimo b\u016bd\u0105. Stresas, tar\u0161a ir netinkama mityba gali neigiamai paveikti odos b\u016bkl\u0119, ta\u010diau subalansuota mityba, fizinis aktyvumas ir tinkama prie\u017ei\u016bra gali pad\u0117ti i\u0161laikyti jos gro\u017e\u012f.<br \/>\n **Kolageno nauda odai:**<br \/>\n\u2714 **Dr\u0117kina ir apsaugo nuo i\u0161saus\u0117jimo**<br \/>\n\u2714 **Skatina odos regeneracij\u0105**<br \/>\n\u2714 **Gerina odos elastingum\u0105**<br \/>\n\u2714 **Sukuria apsaugin\u012f barjer\u0105 nuo aplinkos poveikio**<br \/>\n\u2714 **Ma\u017eina sudirgimus ir sausumo poj\u016bt\u012f**<br \/>\n **Kod\u0117l verta rinktis Pro Collagen Body Butter (200 ml)?**<br \/>\n\ud83c\udf3f **Nat\u016bralus ir efektyvus \u2013 su 8 augaliniais ekstraktais**<br \/>\n\ud83d\udca7 **Unikali 5 hialurono r\u016bg\u0161ties form\u0173 kombinacija**<br \/>\n\ud83d\udc1f **2 r\u016b\u0161i\u0173 j\u016brin\u0117s kilm\u0117s kolagenas \u2013 gerai \u012fsisavinamas organizme**<br \/>\n\ud83c\udf43 **Praturtintas avokad\u0173 aliejumi, taukmed\u017eio sviestu ir kakavos sviestu**<br \/>\n\ud83d\udca6 **Dr\u0117kinantis karbamidas ir beta\u00ednas \u2013 odos mink\u0161tumui ir elastingumui**<br \/>\n **Pagrindiniai aktyv\u016bs ingredientai:**<br \/>\n\u2714 **5 hialurono r\u016bg\u0161ties form\u0173 kompleksas** \u2013 skirtingo dyd\u017eio molekul\u0117s prasiskverbia \u012f gilesnius odos sluoksnius ir u\u017etikrina ilgalaik\u012f dr\u0117kinim\u0105.<br \/>\n\u2714 **8 augalini\u0173 ekstrakt\u0173 formul\u0117:**<br \/>\n   &#8211; Centel\u0117 (Centella Asiatica)<br \/>\n   &#8211; Dirvinis asi\u016bklis<br \/>\n   &#8211; Moli\u016bgin\u0117 hamamelija<br \/>\n   &#8211; Citrina<br \/>\n   &#8211; Apyniai<br \/>\n   &#8211; Pu\u0161is<br \/>\n   &#8211; Rozmarinas<br \/>\n   &#8211; \u0160alavijas<br \/>\n\u2714 **J\u016brin\u0117s kilm\u0117s kolagenas** \u2013 dvi itin biologi\u0161kai prieinamos kolageno formos, skirtos stangresnei odai.<br \/>\n\u2714 **Acerolos ekstraktas** \u2013 stipriai dr\u0117kinantis ir lyginantis od\u0105.<br \/>\n\u2714 **Avokad\u0173 aliejus** \u2013 maitina, mink\u0161tina ir regeneruoja od\u0105.<br \/>\n\u2714 **Taukmed\u017eio sviestas** \u2013 apsaugo nuo i\u0161saus\u0117jimo ir stiprina odos barjer\u0105.<br \/>\n\u2714 **Kakavos sviestas** \u2013 padeda i\u0161laikyti dr\u0117gm\u0119 odoje ir suteikia elastingumo.<br \/>\n\u2714 **Karbamidas** \u2013 intensyviai dr\u0117kina ir padeda i\u0161laikyti odos mink\u0161tum\u0105.<br \/>\n\u2714 **Beta\u00ednas** \u2013 ramina sudirgusi\u0105 od\u0105 ir suteikia jai glotnumo.  <\/p>\n<p>\ud83c\udf1f **Puikiai dera su kitais DUOLIFE Beauty Care produktais!**<br \/>\nCollagen Body Butter galima derinti su kitais **Beauty Care Pro Collagen** linijos produktais, taip pat su plauk\u0173 prie\u017ei\u016bros priemon\u0117mis i\u0161 **Pro Keratin** linijos. \u0160is kompleksinis po\u017ei\u016bris u\u017etikrina visapusi\u0161k\u0105 odos ir plauk\u0173 prie\u017ei\u016br\u0105.  <\/p>\n<p>\ud83d\udc96 **Pasir\u016bpinkite savo oda su Pro Collagen Body Butter \u2013 dr\u0117kinimu, elastingumu ir apsauga viename produkte!**<\/p>\n","protected":false},"excerpt":{"rendered":"<p>**Collagen Body Butter \u2013 stiprinantis ir modeliuojantis k\u016bno sviestas** **Collagen Body Butter** \u2013 tai intensyviai dr\u0117kinantis, stangrinantis ir odos elastingum\u0105 gerinantis k\u016bno sviestas. Sud\u0117tyje esantis unikalus **HyalFive 24\/7 Nutri-Form\u2122** kompleksas sujungia **5 hialurono r\u016bg\u0161ties formas, kolagen\u0105, 8 augal\u0173 ekstraktus, acerolos ekstrakt\u0105, avokad\u0173 aliej\u0173, taukmed\u017eio sviest\u0105, kakavos sviest\u0105, beta\u012f ir karbamid\u0105**. \ud83d\udd39 **Giliai dr\u0117kina ir maitina [&#8230;]\n","protected":false},"featured_media":531,"comment_status":"open","ping_status":"closed","template":"","meta":[],"product_brand":[],"product_cat":[61],"product_tag":[],"class_list":{"0":"post-440","1":"product","2":"type-product","3":"status-publish","4":"has-post-thumbnail","6":"product_cat-kosmetika","8":"first","9":"instock","10":"shipping-taxable","11":"purchasable","12":"product-type-simple"},"_links":{"self":[{"href":"https:\/\/duolifelietuva.com\/index.php?rest_route=\/wp\/v2\/product\/440","targetHints":{"allow":["GET"]}}],"collection":[{"href":"https:\/\/duolifelietuva.com\/index.php?rest_route=\/wp\/v2\/product"}],"about":[{"href":"https:\/\/duolifelietuva.com\/index.php?rest_route=\/wp\/v2\/types\/product"}],"replies":[{"embeddable":true,"href":"https:\/\/duolifelietuva.com\/index.php?rest_route=%2Fwp%2Fv2%2Fcomments&post=440"}],"wp:featuredmedia":[{"embeddable":true,"href":"https:\/\/duolifelietuva.com\/index.php?rest_route=\/wp\/v2\/media\/531"}],"wp:attachment":[{"href":"https:\/\/duolifelietuva.com\/index.php?rest_route=%2Fwp%2Fv2%2Fmedia&parent=440"}],"wp:term":[{"taxonomy":"product_brand","embeddable":true,"href":"https:\/\/duolifelietuva.com\/index.php?rest_route=%2Fwp%2Fv2%2Fproduct_brand&post=440"},{"taxonomy":"product_cat","embeddable":true,"href":"https:\/\/duolifelietuva.com\/index.php?rest_route=%2Fwp%2Fv2%2Fproduct_cat&post=440"},{"taxonomy":"product_tag","embeddable":true,"href":"https:\/\/duolifelietuva.com\/index.php?rest_route=%2Fwp%2Fv2%2Fproduct_tag&post=440"}],"curies":[{"name":"wp","href":"https:\/\/api.w.org\/{rel}","templated":true}]}}