{"id":441,"date":"2024-12-24T15:27:05","date_gmt":"2024-12-24T15:27:05","guid":{"rendered":"https:\/\/duolifelietuva.com\/?post_type=product&#038;p=441"},"modified":"2026-02-14T03:41:21","modified_gmt":"2026-02-14T03:41:21","slug":"duolife-collagen","status":"publish","type":"product","link":"https:\/\/duolifelietuva.com\/?product=duolife-collagen","title":{"rendered":"DuoLife Collagen"},"content":{"rendered":"<p>DUOLIFE Collagen \u2013 unikalus skystos formos kolageno papildas!<br \/>\nDUOLIFE Collagen \u2013 tai kompleksinis biologi\u0161kai aktyvus maisto papildas skystu pavidalu, kurio sud\u0117tyje yra kruop\u0161\u010diai atrinkti 9 nat\u016bral\u016bs ingredientai. Jie veikia sinergi\u0161kai, u\u017etikrindami optimali\u0105 naud\u0105 organizmui.<\/p>\n<p>\u2705 Padeda palaikyti tinkam\u0105 kolageno gamyb\u0105, kuri b\u016btina kaulams, kremzl\u0117ms, dantenoms, dantims ir kraujagysl\u0117ms (a)<br \/>\n\u2705 Prisideda prie sveikos odos, plauk\u0173 ir nag\u0173 i\u0161laikymo (b)<\/p>\n<p>\ud83d\udca1 Formul\u0117 papildyta j\u016brini\u0173 \u017euv\u0173 kolagenu, gliukozamino sulfatu, hialurono r\u016bg\u0161timi, augaliniais ekstraktais ir vitaminais!<br \/>\nDUOLIFE Collagen sud\u0117tis:<br \/>\n\ud83d\udd39 Mango vaisi\u0173 tyr\u0117<br \/>\n\ud83d\udd39 J\u016brini\u0173 \u017euv\u0173 kolagenas<br \/>\n\ud83d\udd39 Gliukozamino sulfatas (i\u0161 moliusk\u0173)<br \/>\n\ud83d\udd39 Acerolos ekstraktas<br \/>\n\ud83d\udd39 Rykli\u0173 chondroitino sulfatas<br \/>\n\ud83d\udd39 Dilgel\u0117s ekstraktas<br \/>\n\ud83d\udd39 Bambuk\u0173 \u016bgli\u0173 ekstraktas<br \/>\n\ud83d\udd39 Dirvinio asi\u016bklio ekstraktas<br \/>\n\ud83d\udd39 Hialurono r\u016bg\u0161tis<\/p>\n<p>Aktyv\u016bs ingredientai ir j\u0173 poveikis:<br \/>\n\ud83d\udd39 Vitaminas C:<br \/>\nSkatina kolageno gamyb\u0105, reikaling\u0105 kraujagysli\u0173, kaul\u0173, kremzli\u0173, danten\u0173, odos ir dant\u0173 funkcijoms (a)<br \/>\nApsaugo l\u0105steles nuo oksidacinio streso<br \/>\nPadeda atkurti vitamin\u0105 E organizme<br \/>\nPrisideda prie normalios energijos apykaitos<br \/>\nPalaiko imunin\u0117s sistemos veikl\u0105<br \/>\nMa\u017eina nuovarg\u012f ir i\u0161sekim\u0105<br \/>\n\ud83d\udd39 J\u016brini\u0173 \u017euv\u0173 kolagenas \u2013 lengvai \u012fsisavinamas baltym\u0173 \u0161altinis, svarbus kaulams, kremzl\u0117ms, odai ir jungiamajam audiniui.<br \/>\n\ud83d\udd39 Gliukozamino sulfatas \u2013 esmin\u0117 med\u017eiaga s\u0105nariams, padeda formuoti kremzl\u0119, palaiko l\u0105steli\u0173 membran\u0173 sveikat\u0105.<br \/>\n\ud83d\udd39 Chondroitino sulfatas (i\u0161 ryklio kremzl\u0117s) \u2013 palaiko s\u0105nari\u0173 sveikat\u0105, padeda i\u0161laikyti skys\u010di\u0173 balans\u0105 kremzl\u0117se.<br \/>\n\ud83d\udd39 Hialurono r\u016bg\u0161tis \u2013 nat\u016braliai dr\u0117kina od\u0105, palaiko s\u0105nari\u0173 skys\u010di\u0173 pusiausvyr\u0105.<br \/>\n\ud83d\udd39 Dirvinio asi\u016bklio ekstraktas \u2013 turtingas silicio, kuris padeda i\u0161laikyti plauk\u0173, nag\u0173 ir odos sveikat\u0105 (b).<br \/>\n\ud83d\udd39 Bambuk\u0173 \u016bgli\u0173 ekstraktas \u2013 \u0161altinis mineral\u0173 (silicio, kalio), vitamin\u0173 (B1, B6, PP, A, E) ir polifenoli\u0173.<br \/>\n\ud83d\udd39 Dilgel\u0117s ekstraktas:<br \/>\nPalaiko venin\u0119 kraujotak\u0105, ma\u017eina koj\u0173 sunkumo jausm\u0105<br \/>\nPalaiko imunin\u0119 sistem\u0105<br \/>\nStiprina organizmo gyvybingum\u0105<br \/>\n\ud83c\udf31 Kod\u0117l verta rinktis DUOLIFE Collagen?<br \/>\n\u2714 100% nat\u016bral\u016bs ingredientai<br \/>\n\u2714 9 aktyvi\u0173 komponent\u0173 sinergija<br \/>\n\u2714 Be glitimo, be prid\u0117tinio cukraus, be GMO<br \/>\n\u2714 Koncentruota formul\u0117 be konservant\u0173<br \/>\n\u2714 IHHP technologija sustiprintam poveikiui<br \/>\n\u2714 Farmacinio lygio stiklinis butelis<br \/>\n\u2714 Patogi skysta forma \u2013 lengvas \u012fsisavinimas<br \/>\n\ud83d\udd39 DUOLIFE Collagen \u2013 j\u016bs\u0173 gro\u017eiui, s\u0105nariams ir odai! \ud83d\udc96<\/p>\n","protected":false},"excerpt":{"rendered":"<p>DUOLIFE Collagen \u2013 unikalus skystos formos kolageno papildas! DUOLIFE Collagen \u2013 tai kompleksinis biologi\u0161kai aktyvus maisto papildas skystu pavidalu, kurio sud\u0117tyje yra kruop\u0161\u010diai atrinkti 9 nat\u016bral\u016bs ingredientai. Jie veikia sinergi\u0161kai, u\u017etikrindami optimali\u0105 naud\u0105 organizmui. \u2705 Padeda palaikyti tinkam\u0105 kolageno gamyb\u0105, kuri b\u016btina kaulams, kremzl\u0117ms, dantenoms, dantims ir kraujagysl\u0117ms (a) \u2705 Prisideda prie sveikos odos, plauk\u0173 [&#8230;]\n","protected":false},"featured_media":522,"comment_status":"open","ping_status":"closed","template":"","meta":[],"product_brand":[],"product_cat":[60],"product_tag":[],"class_list":{"0":"post-441","1":"product","2":"type-product","3":"status-publish","4":"has-post-thumbnail","6":"product_cat-naturalus-maisto-papildai","8":"first","9":"instock","10":"shipping-taxable","11":"purchasable","12":"product-type-simple"},"_links":{"self":[{"href":"https:\/\/duolifelietuva.com\/index.php?rest_route=\/wp\/v2\/product\/441","targetHints":{"allow":["GET"]}}],"collection":[{"href":"https:\/\/duolifelietuva.com\/index.php?rest_route=\/wp\/v2\/product"}],"about":[{"href":"https:\/\/duolifelietuva.com\/index.php?rest_route=\/wp\/v2\/types\/product"}],"replies":[{"embeddable":true,"href":"https:\/\/duolifelietuva.com\/index.php?rest_route=%2Fwp%2Fv2%2Fcomments&post=441"}],"wp:featuredmedia":[{"embeddable":true,"href":"https:\/\/duolifelietuva.com\/index.php?rest_route=\/wp\/v2\/media\/522"}],"wp:attachment":[{"href":"https:\/\/duolifelietuva.com\/index.php?rest_route=%2Fwp%2Fv2%2Fmedia&parent=441"}],"wp:term":[{"taxonomy":"product_brand","embeddable":true,"href":"https:\/\/duolifelietuva.com\/index.php?rest_route=%2Fwp%2Fv2%2Fproduct_brand&post=441"},{"taxonomy":"product_cat","embeddable":true,"href":"https:\/\/duolifelietuva.com\/index.php?rest_route=%2Fwp%2Fv2%2Fproduct_cat&post=441"},{"taxonomy":"product_tag","embeddable":true,"href":"https:\/\/duolifelietuva.com\/index.php?rest_route=%2Fwp%2Fv2%2Fproduct_tag&post=441"}],"curies":[{"name":"wp","href":"https:\/\/api.w.org\/{rel}","templated":true}]}}