{"id":442,"date":"2024-12-24T15:27:05","date_gmt":"2024-12-24T15:27:05","guid":{"rendered":"https:\/\/duolifelietuva.com\/?post_type=product&#038;p=442"},"modified":"2025-05-23T17:42:02","modified_gmt":"2025-05-23T17:42:02","slug":"fizzy-easy-mg-k-b-complex","status":"publish","type":"product","link":"https:\/\/duolifelietuva.com\/?product=fizzy-easy-mg-k-b-complex","title":{"rendered":"FIZZY EASY Mg + K + B COMPLEX"},"content":{"rendered":"<p>DUOLIFE Boost Formula FIZZY EASY Mg+K+B COMPLEX \u2013 \u0161nyp\u0161\u010diosios tablet\u0117s j\u016bs\u0173 gerai savijautai!<br \/>\nDUOLIFE Boost Formula FIZZY EASY Mg+K+B COMPLEX \u2013 tai biologi\u0161kai aktyvus maisto papildas \u0161nyp\u0161\u010di\u0173j\u0173 table\u010di\u0173 pavidalu. Jo sud\u0117tyje esantys ingredientai:<br \/>\n\u2705 Palaiko normali\u0105 nerv\u0173 sistemos veikl\u0105 (a)<br \/>\n\u2705 Padeda tinkamai funkcionuoti raumenims (b)<br \/>\n\u2705 Prisideda prie \u0161irdies veiklos gerinimo (c)<br \/>\n\u2705 Padeda palaikyti normal\u0173 kraujosp\u016bd\u012f (d)<\/p>\n<p>\ud83d\udca1 Formul\u0117 papildyta BioPerine\u00ae \u2013 patentuotu augalin\u0117s kilm\u0117s ingredientu, kurio veiksmingumas \u012frodytas klinikiniais tyrimais. Jis pagerina maistini\u0173 med\u017eiag\u0173 \u012fsisavinim\u0105!<br \/>\n\ud83e\uded0 Skonis: aviet\u0117s ir citrinos!<\/p>\n<p>DUOLIFE Boost Formula FIZZY EASY Mg+K+B COMPLEX sud\u0117tis:<br \/>\n\ud83d\udd39 Magnis<br \/>\n\ud83d\udd39 Kalis<br \/>\n\ud83d\udd39 B grup\u0117s vitamin\u0173 kompleksas (B1, B2, PP (niacinas), B5, B6, B9, B12, biotinas)<br \/>\n\ud83d\udd39 BioPerine\u00ae \u2013 patentuota juod\u0173j\u0173 pipir\u0173 ekstrakto formul\u0117<\/p>\n<p>Aktyv\u016bs ingredientai ir j\u0173 poveikis:<br \/>\n\ud83d\udd39 Magnis \u2013 ma\u017eina nuovarg\u012f, padeda palaikyti elektrolit\u0173 balans\u0105, palaiko nerv\u0173 sistem\u0105, stiprina kaulus ir dantis.<br \/>\n\ud83d\udd39 Kalis \u2013 palaiko nerv\u0173 sistem\u0105, raumen\u0173 funkcij\u0105 ir normal\u0173 kraujosp\u016bd\u012f.<br \/>\n\ud83d\udd39 Biotinas \u2013 prisideda prie normalios nerv\u0173 sistemos veiklos, palaiko odos, plauk\u0173 ir gleivini\u0173 b\u016bkl\u0119.<br \/>\n\ud83d\udd39 Tiaminas (B1) \u2013 palaiko energijos apykait\u0105, nerv\u0173 sistem\u0105 ir \u0161irdies veikl\u0105.<br \/>\n\ud83d\udd39 Riboflavinas (B2) \u2013 svarbus odai, reg\u0117jimui, gele\u017eies apykaitai, padeda apsaugoti l\u0105steles nuo oksidacinio streso.<br \/>\n\ud83d\udd39 Niacinas (B3) \u2013 palaiko nerv\u0173 sistem\u0105, psichologines funkcijas, ma\u017eina nuovarg\u012f.<br \/>\n\ud83d\udd39 Vitaminas B6 \u2013 svarbus baltym\u0173 ir glikogeno apykaitai, palaiko imunin\u0119 sistem\u0105, reguliuoja hormon\u0173 veikl\u0105.<br \/>\n\ud83d\udd39 Vitaminas B12 \u2013 palaiko raudon\u0173j\u0173 kraujo k\u016bneli\u0173 gamyb\u0105, padeda ma\u017einti nuovarg\u012f, dalyvauja l\u0105steli\u0173 dalijimosi procese.<br \/>\n\ud83d\udd39 Pantenolio r\u016bg\u0161tis (B5) \u2013 svarbi energijos gamybai, padeda palaikyti psichin\u0119 veikl\u0105 ir suma\u017einti nuovarg\u012f.<\/p>\n<p>\ud83c\udf31 Kod\u0117l verta rinktis DUOLIFE Boost Formula FIZZY EASY Mg+K+B COMPLEX?<br \/>\n\u2714 Pagerintas maistini\u0173 med\u017eiag\u0173 \u012fsisavinimas (d\u0117l BioPerine\u00ae)<br \/>\n\u2714 Lengvas vartojimas \u2013 \u0161nyp\u0161\u010diosios tablet\u0117s greitai i\u0161tirpsta vandenyje<br \/>\n\u2714 Sinerginis poveikis \u2013 subalansuotas ingredient\u0173 derinys<br \/>\n\u2714 Nat\u016bral\u016bs da\u017eikliai, be laktoz\u0117s ir glitimo<br \/>\n\u2714 100% vegani\u0161ka formul\u0117<br \/>\n\u2714 Gaivus vaisi\u0173 skonis<\/p>\n<p>\ud83d\udd39 DUOLIFE Boost Formula FIZZY EASY Mg+K+B COMPLEX \u2013 j\u016bs\u0173 energijai ir gerai savijautai! \ud83d\udcaa\ud83d\ude0a<\/p>\n","protected":false},"excerpt":{"rendered":"<p>DUOLIFE Boost Formula FIZZY EASY Mg+K+B COMPLEX \u2013 \u0161nyp\u0161\u010diosios tablet\u0117s j\u016bs\u0173 gerai savijautai! DUOLIFE Boost Formula FIZZY EASY Mg+K+B COMPLEX \u2013 tai biologi\u0161kai aktyvus maisto papildas \u0161nyp\u0161\u010di\u0173j\u0173 table\u010di\u0173 pavidalu. Jo sud\u0117tyje esantys ingredientai: \u2705 Palaiko normali\u0105 nerv\u0173 sistemos veikl\u0105 (a) \u2705 Padeda tinkamai funkcionuoti raumenims (b) \u2705 Prisideda prie \u0161irdies veiklos gerinimo (c) \u2705 Padeda [&#8230;]\n","protected":false},"featured_media":509,"comment_status":"open","ping_status":"closed","template":"","meta":[],"product_brand":[],"product_cat":[60],"product_tag":[],"class_list":{"0":"post-442","1":"product","2":"type-product","3":"status-publish","4":"has-post-thumbnail","6":"product_cat-naturalus-maisto-papildai","8":"first","9":"instock","10":"shipping-taxable","11":"purchasable","12":"product-type-simple"},"_links":{"self":[{"href":"https:\/\/duolifelietuva.com\/index.php?rest_route=\/wp\/v2\/product\/442","targetHints":{"allow":["GET"]}}],"collection":[{"href":"https:\/\/duolifelietuva.com\/index.php?rest_route=\/wp\/v2\/product"}],"about":[{"href":"https:\/\/duolifelietuva.com\/index.php?rest_route=\/wp\/v2\/types\/product"}],"replies":[{"embeddable":true,"href":"https:\/\/duolifelietuva.com\/index.php?rest_route=%2Fwp%2Fv2%2Fcomments&post=442"}],"wp:featuredmedia":[{"embeddable":true,"href":"https:\/\/duolifelietuva.com\/index.php?rest_route=\/wp\/v2\/media\/509"}],"wp:attachment":[{"href":"https:\/\/duolifelietuva.com\/index.php?rest_route=%2Fwp%2Fv2%2Fmedia&parent=442"}],"wp:term":[{"taxonomy":"product_brand","embeddable":true,"href":"https:\/\/duolifelietuva.com\/index.php?rest_route=%2Fwp%2Fv2%2Fproduct_brand&post=442"},{"taxonomy":"product_cat","embeddable":true,"href":"https:\/\/duolifelietuva.com\/index.php?rest_route=%2Fwp%2Fv2%2Fproduct_cat&post=442"},{"taxonomy":"product_tag","embeddable":true,"href":"https:\/\/duolifelietuva.com\/index.php?rest_route=%2Fwp%2Fv2%2Fproduct_tag&post=442"}],"curies":[{"name":"wp","href":"https:\/\/api.w.org\/{rel}","templated":true}]}}