{"id":443,"date":"2024-12-24T15:27:05","date_gmt":"2024-12-24T15:27:05","guid":{"rendered":"https:\/\/duolifelietuva.com\/?post_type=product&#038;p=443"},"modified":"2025-05-23T17:42:57","modified_gmt":"2025-05-23T17:42:57","slug":"fizzy-easy-electrolyte-complex","status":"publish","type":"product","link":"https:\/\/duolifelietuva.com\/?product=fizzy-easy-electrolyte-complex","title":{"rendered":"FIZZY EASY ELECTROLYTE COMPLEX"},"content":{"rendered":"<p>**DUOLIFE Boost Formula FIZZY EASY Electrolyte COMPLEX \u2013 \u0161nyp\u0161\u010diosios tablet\u0117s elektrolit\u0173 balansui!**  <\/p>\n<p>**DUOLIFE Boost Formula FIZZY EASY Electrolyte COMPLEX** \u2013 tai biologi\u0161kai aktyvus maisto papildas \u0161nyp\u0161\u010di\u0173j\u0173 table\u010di\u0173 pavidalu. Jo sud\u0117tyje esantys ingredientai:<br \/>\n\u2705 **Padeda raumen\u0173 funkcijai** (a)<br \/>\n\u2705 **Palaiko imunin\u0119 sistem\u0105 intensyvi\u0173 treniruo\u010di\u0173 metu ir po j\u0173** (b)<br \/>\n\u2705 **Prisideda prie normalaus energijos apykaitos proceso** (c)<br \/>\n\u2705 **Ma\u017eina nuovargio ir i\u0161sekimo jausm\u0105** (d)  <\/p>\n<p>\ud83d\udca1 **Formul\u0117 papildyta BioPerine\u00ae \u2013 patentuotu augalin\u0117s kilm\u0117s ingredientu, kuris gerina maistini\u0173 med\u017eiag\u0173 \u012fsisavinim\u0105!**<br \/>\n\ud83c\udf4a **Skonis: apelsin\u0173 ir persik\u0173!**  <\/p>\n<p> **DUOLIFE Boost Formula FIZZY EASY Electrolyte COMPLEX sud\u0117tis:**<br \/>\n\ud83d\udd39 **Natris (natrio bikarbonatas)**<br \/>\n\ud83d\udd39 **Gliukoz\u0117**<br \/>\n\ud83d\udd39 **Kalis (kalio bikarbonatas)**<br \/>\n\ud83d\udd39 **Vitaminas C (L-askorbo r\u016bg\u0161tis)**<br \/>\n\ud83d\udd39 **BioPerine\u00ae \u2013 patentuota juod\u0173j\u0173 pipir\u0173 ekstrakto formul\u0117**  <\/p>\n<p>**Aktyv\u016bs ingredientai ir j\u0173 poveikis:**<br \/>\n\ud83d\udd39 **Natris** \u2013 palaiko l\u0105steli\u0173 membran\u0173 balans\u0105, yra svarbus elektrolit\u0173 apykaitai ir hidratacijai.<br \/>\n\ud83d\udd39 **Gliukoz\u0117** \u2013 pagrindinis energijos \u0161altinis organizmui, svarbi smegen\u0173 veiklai ir fiziniam aktyvumui.<br \/>\n\ud83d\udd39 **Kalis** \u2013 palaiko nerv\u0173 sistemos veikl\u0105, raumen\u0173 funkcij\u0105 ir normal\u0173 kraujosp\u016bd\u012f.<br \/>\n\ud83d\udd39 **Vitaminas C**:<br \/>\n  &#8211; Stiprina imunin\u0119 sistem\u0105, ypa\u010d intensyvaus fizinio kr\u016bvio metu (b)<br \/>\n  &#8211; Prisideda prie normalaus energijos apykaitos (c)<br \/>\n  &#8211; Ma\u017eina nuovarg\u012f ir i\u0161sekim\u0105 (d)<br \/>\n  &#8211; Skatina kolageno gamyb\u0105, palaikant kaul\u0173, kremzli\u0173, odos, kraujagysli\u0173, dant\u0173 ir danten\u0173 sveikat\u0105<br \/>\n  &#8211; Apsaugo l\u0105steles nuo oksidacinio streso<br \/>\n  &#8211; Palaiko nerv\u0173 sistem\u0105 ir psichologines funkcijas<br \/>\n  &#8211; Padeda atkurti vitamin\u0105 E organizme<br \/>\n  &#8211; Gerina gele\u017eies \u012fsisavinim\u0105  <\/p>\n<p>\ud83d\udca1 **Optimalus poveikis pasiekiamas vartojant 200 mg vitamino C daugiau nei rekomenduojama paros norma.**  <\/p>\n<p>\ud83c\udf31 **Kod\u0117l verta rinktis DUOLIFE Boost Formula FIZZY EASY Electrolyte COMPLEX?**<br \/>\n\u2714 **Pagerintas maistini\u0173 med\u017eiag\u0173 \u012fsisavinimas** (d\u0117l BioPerine\u00ae)<br \/>\n\u2714 **Lengvas vartojimas \u2013 \u0161nyp\u0161\u010diosios tablet\u0117s greitai i\u0161tirpsta vandenyje**<br \/>\n\u2714 **Sinerginis poveikis \u2013 optimalus ingredient\u0173 derinys**<br \/>\n\u2714 **Nat\u016bral\u016bs da\u017eikliai, be laktoz\u0117s ir glitimo**<br \/>\n\u2714 **100% vegani\u0161ka formul\u0117**<br \/>\n\u2714 **Gaivus vaisi\u0173 skonis**  <\/p>\n<p>\ud83d\udd39 **DUOLIFE Boost Formula FIZZY EASY Electrolyte COMPLEX \u2013 j\u016bs\u0173 hidratacijai ir energijai!** \ud83d\udcaa\ud83d\udca7<\/p>\n","protected":false},"excerpt":{"rendered":"<p>**DUOLIFE Boost Formula FIZZY EASY Electrolyte COMPLEX \u2013 \u0161nyp\u0161\u010diosios tablet\u0117s elektrolit\u0173 balansui!** **DUOLIFE Boost Formula FIZZY EASY Electrolyte COMPLEX** \u2013 tai biologi\u0161kai aktyvus maisto papildas \u0161nyp\u0161\u010di\u0173j\u0173 table\u010di\u0173 pavidalu. Jo sud\u0117tyje esantys ingredientai: \u2705 **Padeda raumen\u0173 funkcijai** (a) \u2705 **Palaiko imunin\u0119 sistem\u0105 intensyvi\u0173 treniruo\u010di\u0173 metu ir po j\u0173** (b) \u2705 **Prisideda prie normalaus energijos apykaitos proceso** [&#8230;]\n","protected":false},"featured_media":511,"comment_status":"open","ping_status":"closed","template":"","meta":[],"product_brand":[],"product_cat":[60],"product_tag":[],"class_list":{"0":"post-443","1":"product","2":"type-product","3":"status-publish","4":"has-post-thumbnail","6":"product_cat-naturalus-maisto-papildai","8":"first","9":"instock","10":"shipping-taxable","11":"purchasable","12":"product-type-simple"},"_links":{"self":[{"href":"https:\/\/duolifelietuva.com\/index.php?rest_route=\/wp\/v2\/product\/443","targetHints":{"allow":["GET"]}}],"collection":[{"href":"https:\/\/duolifelietuva.com\/index.php?rest_route=\/wp\/v2\/product"}],"about":[{"href":"https:\/\/duolifelietuva.com\/index.php?rest_route=\/wp\/v2\/types\/product"}],"replies":[{"embeddable":true,"href":"https:\/\/duolifelietuva.com\/index.php?rest_route=%2Fwp%2Fv2%2Fcomments&post=443"}],"wp:featuredmedia":[{"embeddable":true,"href":"https:\/\/duolifelietuva.com\/index.php?rest_route=\/wp\/v2\/media\/511"}],"wp:attachment":[{"href":"https:\/\/duolifelietuva.com\/index.php?rest_route=%2Fwp%2Fv2%2Fmedia&parent=443"}],"wp:term":[{"taxonomy":"product_brand","embeddable":true,"href":"https:\/\/duolifelietuva.com\/index.php?rest_route=%2Fwp%2Fv2%2Fproduct_brand&post=443"},{"taxonomy":"product_cat","embeddable":true,"href":"https:\/\/duolifelietuva.com\/index.php?rest_route=%2Fwp%2Fv2%2Fproduct_cat&post=443"},{"taxonomy":"product_tag","embeddable":true,"href":"https:\/\/duolifelietuva.com\/index.php?rest_route=%2Fwp%2Fv2%2Fproduct_tag&post=443"}],"curies":[{"name":"wp","href":"https:\/\/api.w.org\/{rel}","templated":true}]}}