{"id":444,"date":"2024-12-24T15:27:06","date_gmt":"2024-12-24T15:27:06","guid":{"rendered":"https:\/\/duolifelietuva.com\/?post_type=product&#038;p=444"},"modified":"2025-05-23T17:35:27","modified_gmt":"2025-05-23T17:35:27","slug":"fizzy-easy-energy-complex","status":"publish","type":"product","link":"https:\/\/duolifelietuva.com\/?product=fizzy-easy-energy-complex","title":{"rendered":"FIZZY EASY ENERGY COMPLEX"},"content":{"rendered":"<p>DuoLife Boost Formula FIZZY EASY Energy COMPLEX<br \/>\n\ud83d\udc8a DuoLife Boost Formula FIZZY EASY Energy COMPLEX \u2013 tai biologi\u0161kai aktyvus maisto papildas putojan\u010di\u0173 table\u010di\u0173 pavidalu. Jo sud\u0117tyje yra veikli\u0173j\u0173 jungini\u0173, kurie gerina energijos lyg\u012f, koncentracij\u0105 ir bendr\u0105 gyvybingum\u0105.<\/p>\n<p>\u0160is papildas yra unikalus, nes:<br \/>\n\u2705 Sudarytas i\u0161 14 auk\u0161tos kokyb\u0117s komponent\u0173, veikian\u010di\u0173 sinergi\u0161kai<br \/>\n\u2705 Sud\u0117tyje yra vitamin\u0173 kompleksas ir nat\u016bral\u016bs augaliniai ekstraktai<br \/>\n\u2705 Gerina psichin\u0119 ir fizin\u0119 b\u016bkl\u0119<br \/>\n\u2705 Papildytas BioPerine\u00ae \u2013 unikaliu, patentuotu augalin\u0117s kilm\u0117s ingredientu, kurio veiksmingumas patvirtintas klinikiniais tyrimais<br \/>\n\u2705 Gerina maistini\u0173 med\u017eiag\u0173 \u012fsisavinim\u0105<\/p>\n<p>\ud83d\udd39 Skonis: pasifloros ir apelsin\u0173 \ud83c\udf4a\u2728<\/p>\n<p>Kod\u0117l verta rinktis FIZZY EASY Energy COMPLEX?<br \/>\n\ud83d\udc68\u200d\ud83d\udcbb Aktyviai dirbantiems \u017emon\u0117ms \u2013 palaiko protin\u0119 veikl\u0105 ir padeda geriau susikaupti<br \/>\n\ud83c\udf93 Besimokantiems \u2013 skatina atminties ir koncentracijos gerinim\u0105<br \/>\n\ud83c\udfcb\ufe0f\u200d\u2642\ufe0f Sportuojantiems \u2013 suteikia daugiau j\u0117g\u0173 ir i\u0161tverm\u0117s<br \/>\n\ud83d\udee1 Palaiko bendr\u0105 organizmo b\u016bkl\u0119 \u2013 stiprina gyvybingum\u0105 ir ma\u017eina nuovarg\u012f<\/p>\n<p>Kas sudaro FIZZY EASY Energy COMPLEX?<br \/>\n\ud83d\udd0b Vitamin\u0173 kompleksas:<br \/>\n\u2714 Palaiko normali\u0105 nerv\u0173 sistemos veikl\u0105<br \/>\n\u2714 Prisideda prie normalios energijos apykaitos<br \/>\n\u2714 Ma\u017eina nuovarg\u012f ir i\u0161sekim\u0105<\/p>\n<p>\ud83c\udf3f Nat\u016bral\u016bs augaliniai ekstraktai:<br \/>\n\u2714 \u017den\u0161enis \u2013 stiprina energij\u0105 ir i\u0161tverm\u0119<br \/>\n\u2714 Guarana \u2013 nat\u016bralus kofeino \u0161altinis, gerinantis susikaupim\u0105<br \/>\n\u2714 \u017daliosios arbatos ekstraktas \u2013 padeda palaikyti budrum\u0105 ir koncentracij\u0105<\/p>\n<p>\ud83d\udd25 BioPerine\u00ae \u2013 maistini\u0173 med\u017eiag\u0173 \u012fsisavinimo \u201eboosteris\u201c<br \/>\n\u2714 Unikali, patentuota augalin\u0117s kilm\u0117s formul\u0117<br \/>\n\u2714 Klini\u0161kai \u012frodytas poveikis maistini\u0173 med\u017eiag\u0173 pasisavinimui<\/p>\n","protected":false},"excerpt":{"rendered":"<p>DuoLife Boost Formula FIZZY EASY Energy COMPLEX \ud83d\udc8a DuoLife Boost Formula FIZZY EASY Energy COMPLEX \u2013 tai biologi\u0161kai aktyvus maisto papildas putojan\u010di\u0173 table\u010di\u0173 pavidalu. Jo sud\u0117tyje yra veikli\u0173j\u0173 jungini\u0173, kurie gerina energijos lyg\u012f, koncentracij\u0105 ir bendr\u0105 gyvybingum\u0105. \u0160is papildas yra unikalus, nes: \u2705 Sudarytas i\u0161 14 auk\u0161tos kokyb\u0117s komponent\u0173, veikian\u010di\u0173 sinergi\u0161kai \u2705 Sud\u0117tyje yra vitamin\u0173 [&#8230;]\n","protected":false},"featured_media":454,"comment_status":"open","ping_status":"closed","template":"","meta":[],"product_brand":[],"product_cat":[60],"product_tag":[],"class_list":{"0":"post-444","1":"product","2":"type-product","3":"status-publish","4":"has-post-thumbnail","6":"product_cat-naturalus-maisto-papildai","8":"first","9":"instock","10":"shipping-taxable","11":"purchasable","12":"product-type-simple"},"_links":{"self":[{"href":"https:\/\/duolifelietuva.com\/index.php?rest_route=\/wp\/v2\/product\/444","targetHints":{"allow":["GET"]}}],"collection":[{"href":"https:\/\/duolifelietuva.com\/index.php?rest_route=\/wp\/v2\/product"}],"about":[{"href":"https:\/\/duolifelietuva.com\/index.php?rest_route=\/wp\/v2\/types\/product"}],"replies":[{"embeddable":true,"href":"https:\/\/duolifelietuva.com\/index.php?rest_route=%2Fwp%2Fv2%2Fcomments&post=444"}],"wp:featuredmedia":[{"embeddable":true,"href":"https:\/\/duolifelietuva.com\/index.php?rest_route=\/wp\/v2\/media\/454"}],"wp:attachment":[{"href":"https:\/\/duolifelietuva.com\/index.php?rest_route=%2Fwp%2Fv2%2Fmedia&parent=444"}],"wp:term":[{"taxonomy":"product_brand","embeddable":true,"href":"https:\/\/duolifelietuva.com\/index.php?rest_route=%2Fwp%2Fv2%2Fproduct_brand&post=444"},{"taxonomy":"product_cat","embeddable":true,"href":"https:\/\/duolifelietuva.com\/index.php?rest_route=%2Fwp%2Fv2%2Fproduct_cat&post=444"},{"taxonomy":"product_tag","embeddable":true,"href":"https:\/\/duolifelietuva.com\/index.php?rest_route=%2Fwp%2Fv2%2Fproduct_tag&post=444"}],"curies":[{"name":"wp","href":"https:\/\/api.w.org\/{rel}","templated":true}]}}