{"id":445,"date":"2024-12-24T15:27:06","date_gmt":"2024-12-24T15:27:06","guid":{"rendered":"https:\/\/duolifelietuva.com\/?post_type=product&#038;p=445"},"modified":"2025-05-23T17:40:07","modified_gmt":"2025-05-23T17:40:07","slug":"fizzy-easy-ca-d3-complex","status":"publish","type":"product","link":"https:\/\/duolifelietuva.com\/?product=fizzy-easy-ca-d3-complex","title":{"rendered":"FIZZY EASY Ca + D3 COMPLEX"},"content":{"rendered":"<p>\u0160is produktas yra unikalus, nes jame derinami kalcis ir vitaminas D3, kurie u\u017etikrina sinergetin\u012f poveik\u012f. Be to, BioPerine\u00ae \u2013 patentuota nat\u016bralios kilm\u0117s formul\u0117 \u2013 pagerina maistini\u0173 med\u017eiag\u0173 \u012fsisavinim\u0105, o tai patvirtinta moksliniais tyrimais.<\/p>\n<p>\u2714 B\u016btinas kaul\u0173 sveikatai palaikyti<br \/>\n\u2714 Padeda i\u0161laikyti sveikus dantis<br \/>\n\u2714 Skatina normal\u0173 kraujo kre\u0161\u0117jim\u0105<br \/>\n\u2714 Padeda palaikyti normali\u0105 nerv\u0173 sistemos funkcij\u0105<br \/>\n\u2714 Dalyvauja raumen\u0173 veikloje<br \/>\n\u2714 Padeda palaikyti normali\u0105 energijos apykait\u0105<br \/>\n\u2714 Dalyvauja vir\u0161kinimo ferment\u0173 veikloje<br \/>\n\u2714 Dalyvauja l\u0105steli\u0173 dalijimosi ir specializacijos procesuose<\/p>\n<p>\u2714 Padeda i\u0161laikyti sveikus kaulus<br \/>\n\u2714 Prisideda prie dant\u0173 sveikatos palaikymo<br \/>\n\u2714 Palaiko normal\u0173 imunin\u0117s sistemos veikim\u0105<br \/>\n\u2714 Dalyvauja raumen\u0173 veikloje<br \/>\n\u2714 Padeda palaikyti normal\u0173 kalcio kiek\u012f kraujyje<br \/>\n\u2714 Skatina kalcio ir fosforo \u012fsisavinim\u0105<br \/>\n\u2714 Dalyvauja l\u0105steli\u0173 dalijimosi procesuose<\/p>\n<p>\u2714 Pagerina maistini\u0173 med\u017eiag\u0173 \u012fsisavinim\u0105 i\u0161 maisto ir papild\u0173<br \/>\n\u2714 Maksimali leid\u017eiama doz\u0117 Lenkijoje \u2013 2 mg per dien\u0105<br \/>\n\u2714 Patentuotas augalin\u0117s kilm\u0117s ingredientas su \u012frodytais moksliniais tyrimais<\/p>\n","protected":false},"excerpt":{"rendered":"<p>\u0160is produktas yra unikalus, nes jame derinami kalcis ir vitaminas D3, kurie u\u017etikrina sinergetin\u012f poveik\u012f. Be to, BioPerine\u00ae \u2013 patentuota nat\u016bralios kilm\u0117s formul\u0117 \u2013 pagerina maistini\u0173 med\u017eiag\u0173 \u012fsisavinim\u0105, o tai patvirtinta moksliniais tyrimais. \u2714 B\u016btinas kaul\u0173 sveikatai palaikyti \u2714 Padeda i\u0161laikyti sveikus dantis \u2714 Skatina normal\u0173 kraujo kre\u0161\u0117jim\u0105 \u2714 Padeda palaikyti normali\u0105 nerv\u0173 sistemos funkcij\u0105 [&#8230;]\n","protected":false},"featured_media":455,"comment_status":"open","ping_status":"closed","template":"","meta":[],"product_brand":[],"product_cat":[60],"product_tag":[],"class_list":{"0":"post-445","1":"product","2":"type-product","3":"status-publish","4":"has-post-thumbnail","6":"product_cat-naturalus-maisto-papildai","8":"first","9":"instock","10":"shipping-taxable","11":"purchasable","12":"product-type-simple"},"_links":{"self":[{"href":"https:\/\/duolifelietuva.com\/index.php?rest_route=\/wp\/v2\/product\/445","targetHints":{"allow":["GET"]}}],"collection":[{"href":"https:\/\/duolifelietuva.com\/index.php?rest_route=\/wp\/v2\/product"}],"about":[{"href":"https:\/\/duolifelietuva.com\/index.php?rest_route=\/wp\/v2\/types\/product"}],"replies":[{"embeddable":true,"href":"https:\/\/duolifelietuva.com\/index.php?rest_route=%2Fwp%2Fv2%2Fcomments&post=445"}],"wp:featuredmedia":[{"embeddable":true,"href":"https:\/\/duolifelietuva.com\/index.php?rest_route=\/wp\/v2\/media\/455"}],"wp:attachment":[{"href":"https:\/\/duolifelietuva.com\/index.php?rest_route=%2Fwp%2Fv2%2Fmedia&parent=445"}],"wp:term":[{"taxonomy":"product_brand","embeddable":true,"href":"https:\/\/duolifelietuva.com\/index.php?rest_route=%2Fwp%2Fv2%2Fproduct_brand&post=445"},{"taxonomy":"product_cat","embeddable":true,"href":"https:\/\/duolifelietuva.com\/index.php?rest_route=%2Fwp%2Fv2%2Fproduct_cat&post=445"},{"taxonomy":"product_tag","embeddable":true,"href":"https:\/\/duolifelietuva.com\/index.php?rest_route=%2Fwp%2Fv2%2Fproduct_tag&post=445"}],"curies":[{"name":"wp","href":"https:\/\/api.w.org\/{rel}","templated":true}]}}