{"id":446,"date":"2024-12-24T15:27:06","date_gmt":"2024-12-24T15:27:06","guid":{"rendered":"https:\/\/duolifelietuva.com\/?post_type=product&#038;p=446"},"modified":"2026-02-14T03:41:52","modified_gmt":"2026-02-14T03:41:52","slug":"duolife-my-gastrin","status":"publish","type":"product","link":"https:\/\/duolifelietuva.com\/?product=duolife-my-gastrin","title":{"rendered":"DuoLife My Gastrin"},"content":{"rendered":"<p>DUOLIFE My Gastrin \u2013 nat\u016bralus skystas maisto papildas j\u016bs\u0173 vir\u0161kinimui!<br \/>\nDUOLIFE My Gastrin \u2013 tai biologi\u0161kai aktyvus skystos formos maisto papildas, kurio veikliosios med\u017eiagos:<br \/>\n\u2705 Ma\u017eina pilvo p\u016btim\u0105 ir spazmus (a, b)<br \/>\n\u2705 Palaiko \u017earnyno, vir\u0161kinamojo trakto ir skrand\u017eio funkcijas bei normali\u0105 vir\u0161kinimo veikl\u0105 (c)<br \/>\n\u2705 Padeda suma\u017einti vir\u0161kinimo sutrikim\u0173 simptomus (d)<br \/>\n\u2705 Palaiko kepen\u0173 sveikat\u0105 (e)<\/p>\n<p>\ud83c\udf3f Sud\u0117tyje \u2013 tik augalin\u0117s kilm\u0117s ingredientai, \u012fskaitant patentuot\u0105 Asafin\u00ae formul\u0119!<br \/>\nAsafin\u00ae \u2013 tai unikalus fermentuotas augalinis ekstraktas, i\u0161gaunamas pagal patentuot\u0105 FenuMAT\u2122 technologij\u0105, u\u017etikrinan\u010di\u0105 auk\u0161t\u0105 kokyb\u0119 ir ger\u0105 bioprieinamum\u0105.<\/p>\n<p>DUOLIFE My Gastrin sud\u0117tis:<br \/>\n\ud83d\udd38 Slyv\u0173 sultys<br \/>\n\ud83d\udd38 Asafin\u00ae \u2013 patentuota dervos formul\u0117 i\u0161 dvoki\u0161kos ferulos (Ferula assa-foetida), mikrokapsuliuota o\u017erag\u0117s skaidulose<br \/>\n\ud83d\udd38 Er\u0161k\u0117tuogi\u0173 ekstraktas<br \/>\n\ud83d\udd38 Pankolio s\u0117kl\u0173 ekstraktas<br \/>\n\ud83d\udd38 Libano \u0161alavijo lap\u0173 ekstraktas<br \/>\n\ud83d\udd38 M\u0117t\u0173 lap\u0173 ekstraktas<br \/>\n\ud83d\udd38 Margalapi\u0173 margaini\u0173 s\u0117kl\u0173 ekstraktas<br \/>\n\ud83d\udd38 Juodosios ridik\u0117s \u0161aknies ekstraktas<br \/>\n\ud83d\udd38 Rozmarin\u0173 lap\u0173 ekstraktas<br \/>\n\ud83d\udd38 Ciber\u017eol\u0117s \u0161akniastiebi\u0173 ekstraktas<\/p>\n<p>Pagrindiniai ingredientai ir j\u0173 nauda:<br \/>\n\ud83c\udf43 Pankolis \u2013 ma\u017eina pilvo p\u016btim\u0105 ir spazmus.<br \/>\n\ud83c\udf43 M\u0117ta \u2013 palaiko \u017earnyno ir skrand\u017eio veikl\u0105, padeda vir\u0161kinimui, ma\u017eina diskomfort\u0105 d\u0117l vir\u0161kinimo sutrikim\u0173.<br \/>\n\ud83c\udf43 Margalapis margainis \u2013 saugo kepenis, palaiko j\u0173 funkcij\u0105, skatina vir\u0161kinim\u0105 ir organizmo detoksikacij\u0105.<br \/>\n\ud83c\udf43 Rozmarinas \u2013 palaiko kepen\u0173 ir tul\u017eies latak\u0173 veikl\u0105, gerina vir\u0161kinimo procesus ir riebal\u0173 skaidym\u0105.<br \/>\n\ud83c\udf43 Ciber\u017eol\u0117 \u2013 padeda palaikyti kepen\u0173 sveikat\u0105.<br \/>\n\ud83c\udf4b Vitaminas C \u2013 apsaugo l\u0105steles nuo oksidacinio streso, didina gele\u017eies \u012fsisavinim\u0105.<\/p>\n","protected":false},"excerpt":{"rendered":"<p>DUOLIFE My Gastrin \u2013 nat\u016bralus skystas maisto papildas j\u016bs\u0173 vir\u0161kinimui! DUOLIFE My Gastrin \u2013 tai biologi\u0161kai aktyvus skystos formos maisto papildas, kurio veikliosios med\u017eiagos: \u2705 Ma\u017eina pilvo p\u016btim\u0105 ir spazmus (a, b) \u2705 Palaiko \u017earnyno, vir\u0161kinamojo trakto ir skrand\u017eio funkcijas bei normali\u0105 vir\u0161kinimo veikl\u0105 (c) \u2705 Padeda suma\u017einti vir\u0161kinimo sutrikim\u0173 simptomus (d) \u2705 Palaiko kepen\u0173 [&#8230;]\n","protected":false},"featured_media":456,"comment_status":"open","ping_status":"closed","template":"","meta":[],"product_brand":[],"product_cat":[60],"product_tag":[],"class_list":{"0":"post-446","1":"product","2":"type-product","3":"status-publish","4":"has-post-thumbnail","6":"product_cat-naturalus-maisto-papildai","8":"first","9":"instock","10":"shipping-taxable","11":"purchasable","12":"product-type-simple"},"_links":{"self":[{"href":"https:\/\/duolifelietuva.com\/index.php?rest_route=\/wp\/v2\/product\/446","targetHints":{"allow":["GET"]}}],"collection":[{"href":"https:\/\/duolifelietuva.com\/index.php?rest_route=\/wp\/v2\/product"}],"about":[{"href":"https:\/\/duolifelietuva.com\/index.php?rest_route=\/wp\/v2\/types\/product"}],"replies":[{"embeddable":true,"href":"https:\/\/duolifelietuva.com\/index.php?rest_route=%2Fwp%2Fv2%2Fcomments&post=446"}],"wp:featuredmedia":[{"embeddable":true,"href":"https:\/\/duolifelietuva.com\/index.php?rest_route=\/wp\/v2\/media\/456"}],"wp:attachment":[{"href":"https:\/\/duolifelietuva.com\/index.php?rest_route=%2Fwp%2Fv2%2Fmedia&parent=446"}],"wp:term":[{"taxonomy":"product_brand","embeddable":true,"href":"https:\/\/duolifelietuva.com\/index.php?rest_route=%2Fwp%2Fv2%2Fproduct_brand&post=446"},{"taxonomy":"product_cat","embeddable":true,"href":"https:\/\/duolifelietuva.com\/index.php?rest_route=%2Fwp%2Fv2%2Fproduct_cat&post=446"},{"taxonomy":"product_tag","embeddable":true,"href":"https:\/\/duolifelietuva.com\/index.php?rest_route=%2Fwp%2Fv2%2Fproduct_tag&post=446"}],"curies":[{"name":"wp","href":"https:\/\/api.w.org\/{rel}","templated":true}]}}