{"id":447,"date":"2024-12-24T15:27:06","date_gmt":"2024-12-24T15:27:06","guid":{"rendered":"https:\/\/duolifelietuva.com\/?post_type=product&#038;p=447"},"modified":"2025-05-23T17:01:29","modified_gmt":"2025-05-23T17:01:29","slug":"duolife-beauty-care-collagen-face-body-mist-toner-100ml","status":"publish","type":"product","link":"https:\/\/duolifelietuva.com\/?product=duolife-beauty-care-collagen-face-body-mist-toner-100ml","title":{"rendered":"Collagen Face Mist Toner 100ml"},"content":{"rendered":"<h3><strong>Pro Collagen Face Mist Toner \u2013 dr\u0117kinamasis veido tonikas pur\u0161kalo pavidalu<\/strong><\/h3>\n<p>Atraskite nam\u0173 SPA prabang\u0105 su m\u016bs\u0173 kolageno toniku! \ud83c\udf3f\u2728<\/p>\n<p>\u0160is kosmetikos produktas padeda i\u0161laikyti tinkam\u0105 odos pH balans\u0105, o reguliariai naudojant oda tampa glotnesn\u0117, pager\u0117ja jos b\u016bkl\u0117 ir i\u0161vaizda. Aktyv\u016bs toniko ingredientai atgaivina, dr\u0117kina ir ma\u017eina odos tempimo poj\u016bt\u012f. Tonikas puikiai paruo\u0161ia od\u0105 tolimesnei prie\u017ei\u016brai. Nat\u016bralumo indeksas net <strong>95,3%<\/strong>!<\/p>\n<p>\ud83d\udca7 <strong>Kod\u0117l verta rinktis Pro Collagen Face Mist Toner?<\/strong><br \/>\n\u2714 Dr\u0117kina ir tonizuoja veido od\u0105<br \/>\n\u2714 Padeda palaikyti sveikos odos pH balans\u0105<br \/>\n\u2714 Suma\u017eina tempimo poj\u016bt\u012f<br \/>\n\u2714 Suteikia odai glotnumo ir \u0161velnumo<br \/>\n\u2714 Atgaivina ir suteikia komforto poj\u016bt\u012f<br \/>\n\u2714 Matomai pagerina odos b\u016bkl\u0119<br \/>\n\u2714 Ramina ir gaivina<br \/>\n\u2714 Oda atrodo jaunatvi\u0161kesn\u0117 ir atsinaujinusi<br \/>\n\u2714 Puikiai paruo\u0161ia od\u0105 tolimesnei prie\u017ei\u016brai<br \/>\n\u2714 Tinka naudoti tiek ryte, tiek vakare<br \/>\n\u2714 Tinka jautriai ir normaliai odai<\/p>\n<p>\ud83c\udf3f <strong>Aktyv\u016bs ingredientai:<\/strong><\/p>\n<p>\u2705 <strong>Gliukonolaktonas<\/strong> \u2013 gerina odos tekst\u016br\u0105 ir spalv\u0105, intensyviai dr\u0117kina, suteikia glotnumo. Tinka jautriai odai.<\/p>\n<p>\u2705 <strong>J\u016brinis kolagenas<\/strong> \u2013 atkuria epiderm\u012f, padeda i\u0161laikyti odos elastingum\u0105 ir lygum\u0105.<\/p>\n<p>\u2705 <strong>D-pantenolis<\/strong> \u2013 intensyviai dr\u0117kina, ramina ir puikiai tinka jautriai bei sausai odai.<\/p>\n<p>\u2705 <strong>Alavijo ekstraktas<\/strong> \u2013 mink\u0161tina, ramina od\u0105 ir l\u0117tina sen\u0117jimo procesus.<\/p>\n<p>\u2705 <strong>Noni vaisi\u0173 ekstraktas (Morinda citrifolia L.)<\/strong> \u2013 pasi\u017eymi stipriu sen\u0117jim\u0105 stabdan\u010diu poveikiu ir suteikia odai jaunatvi\u0161kumo.<\/p>\n<p>\u2705 <strong>Glicerinas<\/strong> \u2013 padeda veikliosioms med\u017eiagoms prasiskverbti \u012f od\u0105 ir intensyviai j\u0105 maitina.<\/p>\n<p>\ud83c\udf38 <strong>Papildykite savo kasdien\u0119 odos prie\u017ei\u016bros rutin\u0105 Pro Collagen Face Mist Toner ir m\u0117gaukit\u0117s prabanga namuose!<\/strong> \u2728<\/p>\n","protected":false},"excerpt":{"rendered":"<p>Pro Collagen Face Mist Toner \u2013 dr\u0117kinamasis veido tonikas pur\u0161kalo pavidalu Atraskite nam\u0173 SPA prabang\u0105 su m\u016bs\u0173 kolageno toniku! \ud83c\udf3f\u2728 \u0160is kosmetikos produktas padeda i\u0161laikyti tinkam\u0105 odos pH balans\u0105, o reguliariai naudojant oda tampa glotnesn\u0117, pager\u0117ja jos b\u016bkl\u0117 ir i\u0161vaizda. Aktyv\u016bs toniko ingredientai atgaivina, dr\u0117kina ir ma\u017eina odos tempimo poj\u016bt\u012f. Tonikas puikiai paruo\u0161ia od\u0105 tolimesnei [&#8230;]\n","protected":false},"featured_media":457,"comment_status":"open","ping_status":"closed","template":"","meta":[],"product_brand":[],"product_cat":[61],"product_tag":[],"class_list":{"0":"post-447","1":"product","2":"type-product","3":"status-publish","4":"has-post-thumbnail","6":"product_cat-kosmetika","8":"first","9":"instock","10":"shipping-taxable","11":"purchasable","12":"product-type-simple"},"_links":{"self":[{"href":"https:\/\/duolifelietuva.com\/index.php?rest_route=\/wp\/v2\/product\/447","targetHints":{"allow":["GET"]}}],"collection":[{"href":"https:\/\/duolifelietuva.com\/index.php?rest_route=\/wp\/v2\/product"}],"about":[{"href":"https:\/\/duolifelietuva.com\/index.php?rest_route=\/wp\/v2\/types\/product"}],"replies":[{"embeddable":true,"href":"https:\/\/duolifelietuva.com\/index.php?rest_route=%2Fwp%2Fv2%2Fcomments&post=447"}],"wp:featuredmedia":[{"embeddable":true,"href":"https:\/\/duolifelietuva.com\/index.php?rest_route=\/wp\/v2\/media\/457"}],"wp:attachment":[{"href":"https:\/\/duolifelietuva.com\/index.php?rest_route=%2Fwp%2Fv2%2Fmedia&parent=447"}],"wp:term":[{"taxonomy":"product_brand","embeddable":true,"href":"https:\/\/duolifelietuva.com\/index.php?rest_route=%2Fwp%2Fv2%2Fproduct_brand&post=447"},{"taxonomy":"product_cat","embeddable":true,"href":"https:\/\/duolifelietuva.com\/index.php?rest_route=%2Fwp%2Fv2%2Fproduct_cat&post=447"},{"taxonomy":"product_tag","embeddable":true,"href":"https:\/\/duolifelietuva.com\/index.php?rest_route=%2Fwp%2Fv2%2Fproduct_tag&post=447"}],"curies":[{"name":"wp","href":"https:\/\/api.w.org\/{rel}","templated":true}]}}