{"id":448,"date":"2024-12-24T15:27:06","date_gmt":"2024-12-24T15:27:06","guid":{"rendered":"https:\/\/duolifelietuva.com\/?post_type=product&#038;p=448"},"modified":"2025-05-23T17:41:04","modified_gmt":"2025-05-23T17:41:04","slug":"duolife-my-mind","status":"publish","type":"product","link":"https:\/\/duolifelietuva.com\/?product=duolife-my-mind","title":{"rendered":"DuoLife My Mind"},"content":{"rendered":"<p>DUOLIFE My Mind \u2013 nat\u016bralus skystas maisto papildas j\u016bs\u0173 protinei veiklai!<br \/>\nDUOLIFE My Mind \u2013 tai biologi\u0161kai aktyvus skystos formos maisto papildas, kurio veikliosios med\u017eiagos:<br \/>\n\u2705 Palaiko koncentracij\u0105 ir atmint\u012f (a)<br \/>\n\u2705 Padeda i\u0161laikyti optimali\u0105 pa\u017eintin\u0119 funkcij\u0105<br \/>\n\u2705 Skatina psichin\u0119 pusiausvyr\u0105 (b)<br \/>\n\u2705 Turi adaptogenini\u0173 savybi\u0173, palaikan\u010di\u0173 nerv\u0173 sistem\u0105 (c)<\/p>\n<p>\ud83c\udf3f Sud\u0117tyje \u2013 tik augalin\u0117s kilm\u0117s ingredientai, \u012fskaitant unikalias Cognivia\u2122 ir Aronvit\u00ae formules!<br \/>\nPapildas praturtintas inozitoliu ir aktyvia vitamino B12 forma (metilkobalaminu), u\u017etikrinan\u010diu efektyv\u0173 \u012fsisavinim\u0105 ir poveik\u012f.<\/p>\n<p>DUOLIFE My Mind sud\u0117tis:<br \/>\n\ud83d\udd38 Juod\u0173j\u0173 aronij\u0173 sultys<br \/>\n\ud83d\udd38 Raudon\u0173j\u0173 vynuogi\u0173 sultys<br \/>\n\ud83d\udd38 Inozitolis<br \/>\n\ud83d\udd38 Cognivia\u2122 \u2013 patentuota formul\u0117 i\u0161 vaistinio \u0161alavijo organinio ekstrakto ir mikrokapsuliuoto levandini\u0173 \u0161alavij\u0173 eterinio aliejaus<br \/>\n\ud83d\udd38 Acerolos vaisi\u0173 ekstraktas<br \/>\n\ud83d\udd38 Kinini\u0173 citrinvy\u010di\u0173 vaisi\u0173 ekstraktas<br \/>\n\ud83d\udd38 Ginkmed\u017eio lap\u0173 ekstraktas<br \/>\n\ud83d\udd38 Rausva\u017eied\u0117s rodiol\u0117s \u0161akn\u0173 ekstraktas<br \/>\n\ud83d\udd38 Aronvit\u00ae \u2013 patentuota formul\u0117 i\u0161 aronij\u0173 vaisi\u0173 ekstrakto, rozmarin\u0173 lap\u0173 ekstrakto ir smulkialap\u0117s bakopos (brahmi) ekstrakto<br \/>\n\ud83d\udd38 MecobalActive\u00ae \u2013 patentuota aktyvios vitamino B12 formos (metilkobalamino) formul\u0117<\/p>\n<p>Pagrindiniai ingredientai ir j\u0173 nauda:<br \/>\n\ud83e\udde0 Smulkialap\u0117 bakopa (Brahmi) \u2013 palaiko koncentracij\u0105, atmint\u012f ir kognityvin\u0119 funkcij\u0105.<br \/>\n\ud83e\udde0 Ginkmedis \u2013 padeda palaikyti psichin\u0119 pusiausvyr\u0105 ir smegen\u0173 veikl\u0105, ypa\u010d vyresniame am\u017eiuje.<br \/>\n\ud83e\udde0 Rodiola \u2013 palaiko optimali\u0105 pa\u017eintin\u0119 funkcij\u0105, yra adaptogenas, padedantis nerv\u0173 sistemai prisitaikyti prie streso.<br \/>\n\ud83e\udde0 Kinini\u0173 citrinvy\u010di\u0173 ekstraktas \u2013 pasi\u017eymi adaptogenin\u0117mis savyb\u0117mis, padedan\u010diomis organizmui prisitaikyti prie aplinkos poky\u010di\u0173.<br \/>\n\ud83d\udc8a Vitaminas B12 \u2013 svarbus nerv\u0173 sistemai, psichinei sveikatai bei energijos lygiui palaikyti.<\/p>\n","protected":false},"excerpt":{"rendered":"<p>DUOLIFE My Mind \u2013 nat\u016bralus skystas maisto papildas j\u016bs\u0173 protinei veiklai! DUOLIFE My Mind \u2013 tai biologi\u0161kai aktyvus skystos formos maisto papildas, kurio veikliosios med\u017eiagos: \u2705 Palaiko koncentracij\u0105 ir atmint\u012f (a) \u2705 Padeda i\u0161laikyti optimali\u0105 pa\u017eintin\u0119 funkcij\u0105 \u2705 Skatina psichin\u0119 pusiausvyr\u0105 (b) \u2705 Turi adaptogenini\u0173 savybi\u0173, palaikan\u010di\u0173 nerv\u0173 sistem\u0105 (c) \ud83c\udf3f Sud\u0117tyje \u2013 tik augalin\u0117s [&#8230;]\n","protected":false},"featured_media":505,"comment_status":"open","ping_status":"closed","template":"","meta":[],"product_brand":[],"product_cat":[60],"product_tag":[],"class_list":{"0":"post-448","1":"product","2":"type-product","3":"status-publish","4":"has-post-thumbnail","6":"product_cat-naturalus-maisto-papildai","8":"first","9":"instock","10":"shipping-taxable","11":"purchasable","12":"product-type-simple"},"_links":{"self":[{"href":"https:\/\/duolifelietuva.com\/index.php?rest_route=\/wp\/v2\/product\/448","targetHints":{"allow":["GET"]}}],"collection":[{"href":"https:\/\/duolifelietuva.com\/index.php?rest_route=\/wp\/v2\/product"}],"about":[{"href":"https:\/\/duolifelietuva.com\/index.php?rest_route=\/wp\/v2\/types\/product"}],"replies":[{"embeddable":true,"href":"https:\/\/duolifelietuva.com\/index.php?rest_route=%2Fwp%2Fv2%2Fcomments&post=448"}],"wp:featuredmedia":[{"embeddable":true,"href":"https:\/\/duolifelietuva.com\/index.php?rest_route=\/wp\/v2\/media\/505"}],"wp:attachment":[{"href":"https:\/\/duolifelietuva.com\/index.php?rest_route=%2Fwp%2Fv2%2Fmedia&parent=448"}],"wp:term":[{"taxonomy":"product_brand","embeddable":true,"href":"https:\/\/duolifelietuva.com\/index.php?rest_route=%2Fwp%2Fv2%2Fproduct_brand&post=448"},{"taxonomy":"product_cat","embeddable":true,"href":"https:\/\/duolifelietuva.com\/index.php?rest_route=%2Fwp%2Fv2%2Fproduct_cat&post=448"},{"taxonomy":"product_tag","embeddable":true,"href":"https:\/\/duolifelietuva.com\/index.php?rest_route=%2Fwp%2Fv2%2Fproduct_tag&post=448"}],"curies":[{"name":"wp","href":"https:\/\/api.w.org\/{rel}","templated":true}]}}