{"id":894,"date":"2025-02-11T09:36:05","date_gmt":"2025-02-11T09:36:05","guid":{"rendered":"https:\/\/duolifelietuva.com\/?post_type=product&#038;p=894"},"modified":"2025-05-23T17:17:52","modified_gmt":"2025-05-23T17:17:52","slug":"aloe-daily-shampoo-210ml","status":"publish","type":"product","link":"https:\/\/duolifelietuva.com\/?product=aloe-daily-shampoo-210ml","title":{"rendered":"Aloe Daily Shampoo 210ml"},"content":{"rendered":"<p>**Pro Aloe Daily Shampoo 210 ml \u2013 kasdienis \u0161amp\u016bnas**  <\/p>\n<p>\ud83d\udec1 **24\/7 NutriForm\u2122 formul\u0117** \u2013 valo, gaivina ir dr\u0117kina od\u0105, i\u0161naudodama aktyvi\u0173 ingredient\u0173 naud\u0105.  <\/p>\n<p>\ud83c\udf3f **Nat\u016bralumo indeksas \u2013 87,6 %**  <\/p>\n<p>\ud83c\udf4f **Apple Cider Vinegar** \u2013 nat\u016bralus obuoli\u0173 actas.<br \/>\n\ud83d\udca7 **Aloe Barbadensis Leaf Juice** \u2013 alavij\u0173 lap\u0173 sultys.  <\/p>\n<p>**Powered by Nature**<br \/>\n\ud83c\udf31 **Pro Aloe** \u2013 tai nat\u016brali kosmetikos linija, kuri i\u0161 gamtos paima visk\u0105, kas geriausia m\u016bs\u0173 odai ir plaukams.<br \/>\n\u2714 **Valo ir gaivina plaukus**<br \/>\n\u2714 **Tinkamai dr\u0117kina ir maitina**<br \/>\n\u2714 **Padeda ma\u017einti pleiskanas ir plauk\u0173 riebalavim\u0105si**<br \/>\n\u2714 **\u0160velni valomoji formul\u0117 ir malonus kvapas**<\/p>\n","protected":false},"excerpt":{"rendered":"<p>**Pro Aloe Daily Shampoo 210 ml \u2013 kasdienis \u0161amp\u016bnas** \ud83d\udec1 **24\/7 NutriForm\u2122 formul\u0117** \u2013 valo, gaivina ir dr\u0117kina od\u0105, i\u0161naudodama aktyvi\u0173 ingredient\u0173 naud\u0105. \ud83c\udf3f **Nat\u016bralumo indeksas \u2013 87,6 %** \ud83c\udf4f **Apple Cider Vinegar** \u2013 nat\u016bralus obuoli\u0173 actas. \ud83d\udca7 **Aloe Barbadensis Leaf Juice** \u2013 alavij\u0173 lap\u0173 sultys. **Powered by Nature** \ud83c\udf31 **Pro Aloe** \u2013 tai nat\u016brali [&#8230;]\n","protected":false},"featured_media":897,"comment_status":"open","ping_status":"closed","template":"","meta":[],"product_brand":[],"product_cat":[61],"product_tag":[],"class_list":{"0":"post-894","1":"product","2":"type-product","3":"status-publish","4":"has-post-thumbnail","6":"product_cat-kosmetika","8":"first","9":"instock","10":"shipping-taxable","11":"purchasable","12":"product-type-simple"},"_links":{"self":[{"href":"https:\/\/duolifelietuva.com\/index.php?rest_route=\/wp\/v2\/product\/894","targetHints":{"allow":["GET"]}}],"collection":[{"href":"https:\/\/duolifelietuva.com\/index.php?rest_route=\/wp\/v2\/product"}],"about":[{"href":"https:\/\/duolifelietuva.com\/index.php?rest_route=\/wp\/v2\/types\/product"}],"replies":[{"embeddable":true,"href":"https:\/\/duolifelietuva.com\/index.php?rest_route=%2Fwp%2Fv2%2Fcomments&post=894"}],"wp:featuredmedia":[{"embeddable":true,"href":"https:\/\/duolifelietuva.com\/index.php?rest_route=\/wp\/v2\/media\/897"}],"wp:attachment":[{"href":"https:\/\/duolifelietuva.com\/index.php?rest_route=%2Fwp%2Fv2%2Fmedia&parent=894"}],"wp:term":[{"taxonomy":"product_brand","embeddable":true,"href":"https:\/\/duolifelietuva.com\/index.php?rest_route=%2Fwp%2Fv2%2Fproduct_brand&post=894"},{"taxonomy":"product_cat","embeddable":true,"href":"https:\/\/duolifelietuva.com\/index.php?rest_route=%2Fwp%2Fv2%2Fproduct_cat&post=894"},{"taxonomy":"product_tag","embeddable":true,"href":"https:\/\/duolifelietuva.com\/index.php?rest_route=%2Fwp%2Fv2%2Fproduct_tag&post=894"}],"curies":[{"name":"wp","href":"https:\/\/api.w.org\/{rel}","templated":true}]}}