{"id":900,"date":"2025-02-11T09:53:16","date_gmt":"2025-02-11T09:53:16","guid":{"rendered":"https:\/\/duolifelietuva.com\/?post_type=product&#038;p=900"},"modified":"2025-05-23T17:09:18","modified_gmt":"2025-05-23T17:09:18","slug":"aloe-shower-gel-200ml","status":"publish","type":"product","link":"https:\/\/duolifelietuva.com\/?product=aloe-shower-gel-200ml","title":{"rendered":"Aloe Shower Gel 200ml"},"content":{"rendered":"<p>**Pro Aloe Shower Gel 200 ml \u2013 kasdienis du\u0161o gelis**<br \/>\n\ud83d\udec1 **Kasdien\u0117s prie\u017ei\u016bros ritualui** \u2013 ne tik valo, bet ir mink\u0161tina od\u0105, palaiko bei atkuria nat\u016bral\u0173 hidrolipidin\u012f barjer\u0105.<br \/>\n\ud83c\udf3f **94,7 % nat\u016bralios kilm\u0117s ingredient\u0173**<br \/>\n\ud83d\udca7 **Nat\u016bral\u016bs mink\u0161tinamieji komponentai:**<br \/>\n\u2714 **Alavij\u0173 ekstraktas**<br \/>\n\u2714 **\u017daliosios arbatos ekstraktas**<br \/>\n\u2714 **M\u0117t\u0173 ekstraktas**<br \/>\n\u2714 **Medus**<br \/>\n\u2714 **Raudon\u0117lio ekstraktas**<br \/>\n **Atraskite alavijo gali\u0105 su Pro Aloe Shower Gel 200 ml**<br \/>\n\ud83c\udf31 \u0160velni prausiamoji formul\u0117, sukurta r\u016bpinantis j\u016bs\u0173 oda.<br \/>\n\ud83c\udf31 Kruop\u0161\u010diai atrinkti ingredientai, i\u0161laikant auk\u0161\u010diausi\u0105 kokyb\u0119.<\/p>\n","protected":false},"excerpt":{"rendered":"<p>**Pro Aloe Shower Gel 200 ml \u2013 kasdienis du\u0161o gelis** \ud83d\udec1 **Kasdien\u0117s prie\u017ei\u016bros ritualui** \u2013 ne tik valo, bet ir mink\u0161tina od\u0105, palaiko bei atkuria nat\u016bral\u0173 hidrolipidin\u012f barjer\u0105. \ud83c\udf3f **94,7 % nat\u016bralios kilm\u0117s ingredient\u0173** \ud83d\udca7 **Nat\u016bral\u016bs mink\u0161tinamieji komponentai:** \u2714 **Alavij\u0173 ekstraktas** \u2714 **\u017daliosios arbatos ekstraktas** \u2714 **M\u0117t\u0173 ekstraktas** \u2714 **Medus** \u2714 **Raudon\u0117lio ekstraktas** **Atraskite alavijo [&#8230;]\n","protected":false},"featured_media":902,"comment_status":"open","ping_status":"closed","template":"","meta":[],"product_brand":[],"product_cat":[61],"product_tag":[],"class_list":{"0":"post-900","1":"product","2":"type-product","3":"status-publish","4":"has-post-thumbnail","6":"product_cat-kosmetika","8":"first","9":"instock","10":"shipping-taxable","11":"purchasable","12":"product-type-simple"},"_links":{"self":[{"href":"https:\/\/duolifelietuva.com\/index.php?rest_route=\/wp\/v2\/product\/900","targetHints":{"allow":["GET"]}}],"collection":[{"href":"https:\/\/duolifelietuva.com\/index.php?rest_route=\/wp\/v2\/product"}],"about":[{"href":"https:\/\/duolifelietuva.com\/index.php?rest_route=\/wp\/v2\/types\/product"}],"replies":[{"embeddable":true,"href":"https:\/\/duolifelietuva.com\/index.php?rest_route=%2Fwp%2Fv2%2Fcomments&post=900"}],"wp:featuredmedia":[{"embeddable":true,"href":"https:\/\/duolifelietuva.com\/index.php?rest_route=\/wp\/v2\/media\/902"}],"wp:attachment":[{"href":"https:\/\/duolifelietuva.com\/index.php?rest_route=%2Fwp%2Fv2%2Fmedia&parent=900"}],"wp:term":[{"taxonomy":"product_brand","embeddable":true,"href":"https:\/\/duolifelietuva.com\/index.php?rest_route=%2Fwp%2Fv2%2Fproduct_brand&post=900"},{"taxonomy":"product_cat","embeddable":true,"href":"https:\/\/duolifelietuva.com\/index.php?rest_route=%2Fwp%2Fv2%2Fproduct_cat&post=900"},{"taxonomy":"product_tag","embeddable":true,"href":"https:\/\/duolifelietuva.com\/index.php?rest_route=%2Fwp%2Fv2%2Fproduct_tag&post=900"}],"curies":[{"name":"wp","href":"https:\/\/api.w.org\/{rel}","templated":true}]}}