{"id":904,"date":"2025-02-11T10:04:07","date_gmt":"2025-02-11T10:04:07","guid":{"rendered":"https:\/\/duolifelietuva.com\/?post_type=product&#038;p=904"},"modified":"2025-05-23T17:04:26","modified_gmt":"2025-05-23T17:04:26","slug":"vita-c-hand-cream-75-ml","status":"publish","type":"product","link":"https:\/\/duolifelietuva.com\/?product=vita-c-hand-cream-75-ml","title":{"rendered":"Vita C Hand Cream 75 ml"},"content":{"rendered":"<p>Vita C rank\u0173 kremas aktyviai dr\u0117kina, ramina, i\u0161lygina ir atkuria rank\u0173 od\u0105.<br \/>\nReguliarus Vita C rank\u0173 kremo naudojimas padeda suma\u017einti pirmuosius odos sen\u0117jimo po\u017eymius. Vitaminas ECF Pro Nutri-Form\u2122 praturtintas kakavos sviestu, \u0161ilko sviestu, mango vaisi\u0173 aliejumi, taip pat betainu, trehaloze, alantoinu ir pantenoliu.<br \/>\nPro Vita C rank\u0173 kremas yra turtingas \u201egro\u017eio vitamin\u0173\u201c (E, C ir F) \u0161altinis. Tai ideali priemon\u0117 sausai j\u016bs\u0173 rank\u0173 odai. D\u0117l vitamin\u0173 formul\u0117s ECF Pro 24\/7 Nutri-Form\u2122, praturtintos kakavos sviestu, \u0161ilko sviestu, mango sviestu ir betainu, trehaloze, alantoinu, pantenoliu, aktyviai dr\u0117kina, ramina, padeda i\u0161lyginti ir atkurti odos elastingum\u0105, su\u0161velninti dirginimus bei suma\u017einti ankstyvus sen\u0117jimo po\u017eymius.<\/p>\n","protected":false},"excerpt":{"rendered":"<p>Vita C rank\u0173 kremas aktyviai dr\u0117kina, ramina, i\u0161lygina ir atkuria rank\u0173 od\u0105. Reguliarus Vita C rank\u0173 kremo naudojimas padeda suma\u017einti pirmuosius odos sen\u0117jimo po\u017eymius. Vitaminas ECF Pro Nutri-Form\u2122 praturtintas kakavos sviestu, \u0161ilko sviestu, mango vaisi\u0173 aliejumi, taip pat betainu, trehaloze, alantoinu ir pantenoliu. Pro Vita C rank\u0173 kremas yra turtingas \u201egro\u017eio vitamin\u0173\u201c (E, C ir [&#8230;]\n","protected":false},"featured_media":911,"comment_status":"open","ping_status":"closed","template":"","meta":[],"product_brand":[],"product_cat":[61],"product_tag":[],"class_list":{"0":"post-904","1":"product","2":"type-product","3":"status-publish","4":"has-post-thumbnail","6":"product_cat-kosmetika","8":"first","9":"instock","10":"shipping-taxable","11":"purchasable","12":"product-type-simple"},"_links":{"self":[{"href":"https:\/\/duolifelietuva.com\/index.php?rest_route=\/wp\/v2\/product\/904","targetHints":{"allow":["GET"]}}],"collection":[{"href":"https:\/\/duolifelietuva.com\/index.php?rest_route=\/wp\/v2\/product"}],"about":[{"href":"https:\/\/duolifelietuva.com\/index.php?rest_route=\/wp\/v2\/types\/product"}],"replies":[{"embeddable":true,"href":"https:\/\/duolifelietuva.com\/index.php?rest_route=%2Fwp%2Fv2%2Fcomments&post=904"}],"wp:featuredmedia":[{"embeddable":true,"href":"https:\/\/duolifelietuva.com\/index.php?rest_route=\/wp\/v2\/media\/911"}],"wp:attachment":[{"href":"https:\/\/duolifelietuva.com\/index.php?rest_route=%2Fwp%2Fv2%2Fmedia&parent=904"}],"wp:term":[{"taxonomy":"product_brand","embeddable":true,"href":"https:\/\/duolifelietuva.com\/index.php?rest_route=%2Fwp%2Fv2%2Fproduct_brand&post=904"},{"taxonomy":"product_cat","embeddable":true,"href":"https:\/\/duolifelietuva.com\/index.php?rest_route=%2Fwp%2Fv2%2Fproduct_cat&post=904"},{"taxonomy":"product_tag","embeddable":true,"href":"https:\/\/duolifelietuva.com\/index.php?rest_route=%2Fwp%2Fv2%2Fproduct_tag&post=904"}],"curies":[{"name":"wp","href":"https:\/\/api.w.org\/{rel}","templated":true}]}}